{"id":6330,"date":"2023-07-27T08:16:43","date_gmt":"2023-07-27T06:16:43","guid":{"rendered":"https:\/\/secihouse.lt\/?post_type=product&#038;p=6330"},"modified":"2026-02-15T20:54:06","modified_gmt":"2026-02-15T18:54:06","slug":"liewood-patalyne-birds","status":"publish","type":"product","link":"https:\/\/secihouse.lt\/index.php\/product\/liewood-patalyne-birds\/","title":{"rendered":"Liewood patalyn\u0117 &#8211; Birds"},"content":{"rendered":"<p>Argi nesmagu b\u016bt\u0173 pamiegoti be galo mieloje patalyn\u0117je ? Net ir miegelio vaikutis u\u017esimano.<\/p>\n<p>Pagamintas i\u0161 100% organin\u0117s medviln\u0117s kuri mink\u0161ta ir kv\u0117puojanti. Patalyn\u0117 turi u\u017esegama nematom\u0105 u\u017etrauktuk\u0105.<\/p>\n<p>Komplekt\u0105 sudaro: Antklod\u0117s ir pagalv\u0117s u\u017evalkalas, pristatomas su deran\u010diu krep\u0161iu.<\/p>\n<p>&nbsp;<\/p>\n<p>&nbsp;<\/p>\n<p><strong>Med\u017eiaga:<\/strong>\u00a0100% organin\u0117 medviln\u0117<\/p>\n<p><strong>Dydis:\u00a0<\/strong>Antklod\u0117s &#8211; ilgis 140cm\/ plotis 100cm. Pagalv\u0117 &#8211; ilgis 45cm\/ plotis 40cm<\/p>\n<p><strong>Prie\u017ei\u016bra:<\/strong> Skalbti 40<span class=\"Y2IQFc\" lang=\"lt\">\u00b0C arba \u017eemesn\u0117je temperat\u016broje, rekomenduojama skalbti su pana\u0161iomis spalvomis. Nebalinti.<\/span><\/p>\n<p>&nbsp;<\/p>\n","protected":false},"excerpt":{"rendered":"<p>Argi nesmagu b\u016bt\u0173 pamiegoti be galo mieloje patalyn\u0117je ? Net ir miegelio vaikutis u\u017esimano. Pagamintas i\u0161 100% organin\u0117s medviln\u0117s kuri mink\u0161ta ir kv\u0117puojanti. Patalyn\u0117 turi u\u017esegama nematom\u0105 u\u017etrauktuk\u0105. Komplekt\u0105 sudaro: Antklod\u0117s ir pagalv\u0117s u\u017evalkalas, pristatomas su deran\u010diu krep\u0161iu. &nbsp; &nbsp; Med\u017eiaga:\u00a0100% organin\u0117 medviln\u0117 Dydis:\u00a0Antklod\u0117s &#8211; ilgis 140cm\/ plotis 100cm. Pagalv\u0117 &#8211; ilgis 45cm\/ plotis 40cm [&hellip;]<\/p>\n","protected":false},"featured_media":6331,"template":"","meta":[],"product_brand":[],"product_cat":[59,186,243],"product_tag":[296,189,48,297,300,299,262,298],"class_list":{"0":"post-6330","1":"product","2":"type-product","3":"status-publish","4":"has-post-thumbnail","6":"product_cat-miegas-prieziura","7":"product_cat-naujienos","8":"product_cat-vaiku-kambarys","9":"product_tag-kambarys","10":"product_tag-miegas","11":"product_tag-miegui","12":"product_tag-patalyne","13":"product_tag-patalynei","14":"product_tag-uzvalkalai","15":"product_tag-vaikams","16":"product_tag-vaiko-kambariui","17":"","19":"first","20":"instock","21":"taxable","22":"shipping-taxable","23":"purchasable","24":"product-type-simple"},"_links":{"self":[{"href":"https:\/\/secihouse.lt\/index.php\/wp-json\/wp\/v2\/product\/6330","targetHints":{"allow":["GET"]}}],"collection":[{"href":"https:\/\/secihouse.lt\/index.php\/wp-json\/wp\/v2\/product"}],"about":[{"href":"https:\/\/secihouse.lt\/index.php\/wp-json\/wp\/v2\/types\/product"}],"wp:featuredmedia":[{"embeddable":true,"href":"https:\/\/secihouse.lt\/index.php\/wp-json\/wp\/v2\/media\/6331"}],"wp:attachment":[{"href":"https:\/\/secihouse.lt\/index.php\/wp-json\/wp\/v2\/media?parent=6330"}],"wp:term":[{"taxonomy":"product_brand","embeddable":true,"href":"https:\/\/secihouse.lt\/index.php\/wp-json\/wp\/v2\/product_brand?post=6330"},{"taxonomy":"product_cat","embeddable":true,"href":"https:\/\/secihouse.lt\/index.php\/wp-json\/wp\/v2\/product_cat?post=6330"},{"taxonomy":"product_tag","embeddable":true,"href":"https:\/\/secihouse.lt\/index.php\/wp-json\/wp\/v2\/product_tag?post=6330"}],"curies":[{"name":"wp","href":"https:\/\/api.w.org\/{rel}","templated":true}]}}