{"id":6316,"date":"2023-08-01T11:05:41","date_gmt":"2023-08-01T09:05:41","guid":{"rendered":"https:\/\/secihouse.lt\/?post_type=product&#038;p=6316"},"modified":"2025-03-22T21:35:12","modified_gmt":"2025-03-22T19:35:12","slug":"liewood-apatiniai-marskiniai-mergaitems-miauw","status":"publish","type":"product","link":"https:\/\/secihouse.lt\/index.php\/product\/liewood-apatiniai-marskiniai-mergaitems-miauw\/","title":{"rendered":"Liewood apatiniai mar\u0161kiniai mergait\u0117ms &#8211; Miauw"},"content":{"rendered":"<p>Apatiniai mar\u0161kin\u0117liai puikiai tinkami \u00a0\u0161altam laikotarpiui aprengti po megztuku ar kitais drabu\u017eiais. O galb\u016bt ir miegoti nakties miegelio?<\/p>\n<p>Labai komforti\u0161ki ir maloni med\u017eiaga.<\/p>\n<p>&nbsp;<\/p>\n<p>&nbsp;<\/p>\n<p><strong>Med\u017eiaga:<\/strong> 95% organin\u0117 medviln\u0117\/ 5% elestanas ( elestanas u\u017etikrina ideal\u0173 priglaudim\u0105 prie k\u016bnelio)<\/p>\n<p><strong>Prie\u017ei\u016bra:<\/strong> Skalbti 30<span class=\"Y2IQFc\" lang=\"lt\">\u00b0C arba \u017eemesn\u0117je temperat\u016broje, rekomenduojama skalbti su pana\u0161iomis spalvomis.<\/span><\/p>\n<p>&nbsp;<\/p>\n","protected":false},"excerpt":{"rendered":"<p>Apatiniai mar\u0161kin\u0117liai puikiai tinkami \u00a0\u0161altam laikotarpiui aprengti po megztuku ar kitais drabu\u017eiais. O galb\u016bt ir miegoti nakties miegelio? Labai komforti\u0161ki ir maloni med\u017eiaga. &nbsp; &nbsp; Med\u017eiaga: 95% organin\u0117 medviln\u0117\/ 5% elestanas ( elestanas u\u017etikrina ideal\u0173 priglaudim\u0105 prie k\u016bnelio) Prie\u017ei\u016bra: Skalbti 30\u00b0C arba \u017eemesn\u0117je temperat\u016broje, rekomenduojama skalbti su pana\u0161iomis spalvomis. &nbsp;<\/p>\n","protected":false},"featured_media":6317,"template":"","meta":[],"product_brand":[],"product_cat":[772,67,186],"product_tag":[289,244,292,287,156,293,291,290,294],"class_list":{"0":"post-6316","1":"product","2":"type-product","3":"status-publish","4":"has-post-thumbnail","6":"product_cat-apranga","7":"product_cat-apranga-aksesuarai","8":"product_cat-naujienos","9":"product_tag-apatiniai-marskiniai","10":"product_tag-apranga","11":"product_tag-drabuziai","12":"product_tag-drabuzis","13":"product_tag-liewood","14":"product_tag-maikute","15":"product_tag-mergaitei","16":"product_tag-mergaitems-apranga","17":"product_tag-palaidine","18":"","20":"first","21":"instock","22":"taxable","23":"shipping-taxable","24":"purchasable","25":"product-type-variable"},"_links":{"self":[{"href":"https:\/\/secihouse.lt\/index.php\/wp-json\/wp\/v2\/product\/6316","targetHints":{"allow":["GET"]}}],"collection":[{"href":"https:\/\/secihouse.lt\/index.php\/wp-json\/wp\/v2\/product"}],"about":[{"href":"https:\/\/secihouse.lt\/index.php\/wp-json\/wp\/v2\/types\/product"}],"wp:featuredmedia":[{"embeddable":true,"href":"https:\/\/secihouse.lt\/index.php\/wp-json\/wp\/v2\/media\/6317"}],"wp:attachment":[{"href":"https:\/\/secihouse.lt\/index.php\/wp-json\/wp\/v2\/media?parent=6316"}],"wp:term":[{"taxonomy":"product_brand","embeddable":true,"href":"https:\/\/secihouse.lt\/index.php\/wp-json\/wp\/v2\/product_brand?post=6316"},{"taxonomy":"product_cat","embeddable":true,"href":"https:\/\/secihouse.lt\/index.php\/wp-json\/wp\/v2\/product_cat?post=6316"},{"taxonomy":"product_tag","embeddable":true,"href":"https:\/\/secihouse.lt\/index.php\/wp-json\/wp\/v2\/product_tag?post=6316"}],"curies":[{"name":"wp","href":"https:\/\/api.w.org\/{rel}","templated":true}]}}