{"id":6313,"date":"2023-07-27T07:54:25","date_gmt":"2023-07-27T05:54:25","guid":{"rendered":"https:\/\/secihouse.lt\/?post_type=product&#038;p=6313"},"modified":"2026-02-15T21:13:57","modified_gmt":"2026-02-15T19:13:57","slug":"liewood-apatiniu-rinkinys-mergaitems-leopard-sandy","status":"publish","type":"product","link":"https:\/\/secihouse.lt\/index.php\/product\/liewood-apatiniu-rinkinys-mergaitems-leopard-sandy\/","title":{"rendered":"Liewood apatini\u0173 rinkinys mergait\u0117ms &#8211; Leopard Sandy"},"content":{"rendered":"<p>Gra\u017e\u016bs bei patog\u016bs apatiniai mergait\u0117ms. Rinkinyje 3vnt.<\/p>\n<p>&nbsp;<\/p>\n<p><strong>Med\u017eiaga:<\/strong> 95% organin\u0117 medviln\u0117\/ 5% elestanas ( elestanas u\u017etikrina ideal\u0173 priglaudim\u0105 prie k\u016bnelio)<\/p>\n<p><strong>Prie\u017ei\u016bra:<\/strong> Skalbti 30<span class=\"Y2IQFc\" lang=\"lt\">\u00b0C arba \u017eemesn\u0117je temperat\u016broje, rekomenduojama skalbti su pana\u0161iomis spalvomis.<\/span><\/p>\n","protected":false},"excerpt":{"rendered":"<p>Gra\u017e\u016bs bei patog\u016bs apatiniai mergait\u0117ms. Rinkinyje 3vnt. &nbsp; Med\u017eiaga: 95% organin\u0117 medviln\u0117\/ 5% elestanas ( elestanas u\u017etikrina ideal\u0173 priglaudim\u0105 prie k\u016bnelio) Prie\u017ei\u016bra: Skalbti 30\u00b0C arba \u017eemesn\u0117je temperat\u016broje, rekomenduojama skalbti su pana\u0161iomis spalvomis.<\/p>\n","protected":false},"featured_media":6314,"template":"","meta":[],"product_brand":[],"product_cat":[772,67,186],"product_tag":[284,286,244,287,285,156],"class_list":{"0":"post-6313","1":"product","2":"type-product","3":"status-publish","4":"has-post-thumbnail","6":"product_cat-apranga","7":"product_cat-apranga-aksesuarai","8":"product_cat-naujienos","9":"product_tag-apatiniai","10":"product_tag-apatiniai-mergaites","11":"product_tag-apranga","12":"product_tag-drabuzis","13":"product_tag-kelnaites","14":"product_tag-liewood","15":"","17":"first","18":"instock","19":"taxable","20":"shipping-taxable","21":"purchasable","22":"product-type-variable"},"_links":{"self":[{"href":"https:\/\/secihouse.lt\/index.php\/wp-json\/wp\/v2\/product\/6313","targetHints":{"allow":["GET"]}}],"collection":[{"href":"https:\/\/secihouse.lt\/index.php\/wp-json\/wp\/v2\/product"}],"about":[{"href":"https:\/\/secihouse.lt\/index.php\/wp-json\/wp\/v2\/types\/product"}],"wp:featuredmedia":[{"embeddable":true,"href":"https:\/\/secihouse.lt\/index.php\/wp-json\/wp\/v2\/media\/6314"}],"wp:attachment":[{"href":"https:\/\/secihouse.lt\/index.php\/wp-json\/wp\/v2\/media?parent=6313"}],"wp:term":[{"taxonomy":"product_brand","embeddable":true,"href":"https:\/\/secihouse.lt\/index.php\/wp-json\/wp\/v2\/product_brand?post=6313"},{"taxonomy":"product_cat","embeddable":true,"href":"https:\/\/secihouse.lt\/index.php\/wp-json\/wp\/v2\/product_cat?post=6313"},{"taxonomy":"product_tag","embeddable":true,"href":"https:\/\/secihouse.lt\/index.php\/wp-json\/wp\/v2\/product_tag?post=6313"}],"curies":[{"name":"wp","href":"https:\/\/api.w.org\/{rel}","templated":true}]}}