{"id":6282,"date":"2023-07-13T09:39:03","date_gmt":"2023-07-13T07:39:03","guid":{"rendered":"https:\/\/secihouse.lt\/?post_type=product&#038;p=6282"},"modified":"2023-10-12T18:02:41","modified_gmt":"2023-10-12T16:02:41","slug":"minikane-amigas-leles-drabuzeliu-komplektas-water-green","status":"publish","type":"product","link":"https:\/\/secihouse.lt\/index.php\/product\/minikane-amigas-leles-drabuzeliu-komplektas-water-green\/","title":{"rendered":"Minikane Amigas l\u0117l\u0117s drabu\u017e\u0117li\u0173 komplektas &#8211; water green"},"content":{"rendered":"<p>Stilingas derinukas , tai \u0161is komplektukas. L\u0117lyt\u0117 atrodys nepriekai\u0161tingai ir visada bus pasiruo\u0161usi keliauti \u012f miest\u0105 kartu su ma\u017eyliu!<\/p>\n<p>&nbsp;<\/p>\n<p><strong>Komplekt\u0105 sudaro:<\/strong> Palaidin\u0117 ir d\u017einsai.<\/p>\n<p><strong>Med\u017eiaga:<\/strong> Medviln\u0117<\/p>\n<p><strong>Pagaminta:<\/strong> Pranc\u016bzijoje<\/p>\n","protected":false},"excerpt":{"rendered":"<p>Stilingas derinukas , tai \u0161is komplektukas. L\u0117lyt\u0117 atrodys nepriekai\u0161tingai ir visada bus pasiruo\u0161usi keliauti \u012f miest\u0105 kartu su ma\u017eyliu! &nbsp; Komplekt\u0105 sudaro: Palaidin\u0117 ir d\u017einsai. Med\u017eiaga: Medviln\u0117 Pagaminta: Pranc\u016bzijoje<\/p>\n","protected":false},"featured_media":6283,"template":"","meta":[],"product_brand":[],"product_cat":[186,66],"product_tag":[272,259,273,282,283,275],"class_list":{"0":"post-6282","1":"product","2":"type-product","3":"status-publish","4":"has-post-thumbnail","6":"product_cat-naujienos","7":"product_cat-zaislai","8":"product_tag-amigas","9":"product_tag-minikane","10":"product_tag-minikane-aksesuarai","11":"product_tag-minikane-drabuziai","12":"product_tag-minikane-drabuziu-komplektas","13":"product_tag-minikane-lele","14":"","16":"first","17":"instock","18":"taxable","19":"shipping-taxable","20":"purchasable","21":"product-type-simple"},"_links":{"self":[{"href":"https:\/\/secihouse.lt\/index.php\/wp-json\/wp\/v2\/product\/6282","targetHints":{"allow":["GET"]}}],"collection":[{"href":"https:\/\/secihouse.lt\/index.php\/wp-json\/wp\/v2\/product"}],"about":[{"href":"https:\/\/secihouse.lt\/index.php\/wp-json\/wp\/v2\/types\/product"}],"wp:featuredmedia":[{"embeddable":true,"href":"https:\/\/secihouse.lt\/index.php\/wp-json\/wp\/v2\/media\/6283"}],"wp:attachment":[{"href":"https:\/\/secihouse.lt\/index.php\/wp-json\/wp\/v2\/media?parent=6282"}],"wp:term":[{"taxonomy":"product_brand","embeddable":true,"href":"https:\/\/secihouse.lt\/index.php\/wp-json\/wp\/v2\/product_brand?post=6282"},{"taxonomy":"product_cat","embeddable":true,"href":"https:\/\/secihouse.lt\/index.php\/wp-json\/wp\/v2\/product_cat?post=6282"},{"taxonomy":"product_tag","embeddable":true,"href":"https:\/\/secihouse.lt\/index.php\/wp-json\/wp\/v2\/product_tag?post=6282"}],"curies":[{"name":"wp","href":"https:\/\/api.w.org\/{rel}","templated":true}]}}