{"id":6239,"date":"2023-06-22T12:35:25","date_gmt":"2023-06-22T10:35:25","guid":{"rendered":"https:\/\/secihouse.lt\/?post_type=product&#038;p=6239"},"modified":"2024-02-07T09:14:50","modified_gmt":"2024-02-07T07:14:50","slug":"svoora-vr-akiniu-riciu-rinkinys-3-rites","status":"publish","type":"product","link":"https:\/\/secihouse.lt\/index.php\/product\/svoora-vr-akiniu-riciu-rinkinys-3-rites\/","title":{"rendered":"SVOORA &#8211; VR akini\u0173 ri\u010di\u0173 rinkinys &#8211; 3 rit\u0117s"},"content":{"rendered":"<p>Papildomas rinkinys su 3 rit\u0117mis VR akinims. Temos: dinozaurai, d\u017eiungli\u0173 istorija ir kosmin\u0117 kelion\u0117.<\/p>\n<p>Vaizd\u0173 turinio apra\u0161ymas gali sudaryti daugyb\u0119 skirting\u0173 istorij\u0173, kurios lavina vaizduot\u0119, lavina steb\u0117jim\u0105, ple\u010dia k\u016brybi\u0161kum\u0105 ir padeda vaikui susikaupti ties konkre\u010dia tema!<\/p>\n<p>&nbsp;<\/p>\n<p><strong>Dydis: <\/strong>9\u00a0x 9 x 9cm<\/p>\n<p><strong>Rekomenduojamas am\u017eius:\u00a0<\/strong>3+ met\u0173<\/p>\n<p>&nbsp;<\/p>\n","protected":false},"excerpt":{"rendered":"<p>Papildomas rinkinys su 3 rit\u0117mis VR akinims. Temos: dinozaurai, d\u017eiungli\u0173 istorija ir kosmin\u0117 kelion\u0117. Vaizd\u0173 turinio apra\u0161ymas gali sudaryti daugyb\u0119 skirting\u0173 istorij\u0173, kurios lavina vaizduot\u0119, lavina steb\u0117jim\u0105, ple\u010dia k\u016brybi\u0161kum\u0105 ir padeda vaikui susikaupti ties konkre\u010dia tema! &nbsp; Dydis: 9\u00a0x 9 x 9cm Rekomenduojamas am\u017eius:\u00a03+ met\u0173 &nbsp;<\/p>\n","protected":false},"featured_media":6240,"template":"","meta":[],"product_brand":[],"product_cat":[186,66],"product_tag":[228,233,234,231,230,232,229,42],"class_list":{"0":"post-6239","1":"product","2":"type-product","3":"status-publish","4":"has-post-thumbnail","6":"product_cat-naujienos","7":"product_cat-zaislai","8":"product_tag-akiniai","9":"product_tag-fotoapratas","10":"product_tag-istorijos-rites","11":"product_tag-rites","12":"product_tag-svoora","13":"product_tag-zaidimas","14":"product_tag-zaidimas-akiniai","15":"product_tag-zaislai","16":"","18":"first","19":"instock","20":"taxable","21":"shipping-taxable","22":"purchasable","23":"product-type-simple"},"_links":{"self":[{"href":"https:\/\/secihouse.lt\/index.php\/wp-json\/wp\/v2\/product\/6239","targetHints":{"allow":["GET"]}}],"collection":[{"href":"https:\/\/secihouse.lt\/index.php\/wp-json\/wp\/v2\/product"}],"about":[{"href":"https:\/\/secihouse.lt\/index.php\/wp-json\/wp\/v2\/types\/product"}],"wp:featuredmedia":[{"embeddable":true,"href":"https:\/\/secihouse.lt\/index.php\/wp-json\/wp\/v2\/media\/6240"}],"wp:attachment":[{"href":"https:\/\/secihouse.lt\/index.php\/wp-json\/wp\/v2\/media?parent=6239"}],"wp:term":[{"taxonomy":"product_brand","embeddable":true,"href":"https:\/\/secihouse.lt\/index.php\/wp-json\/wp\/v2\/product_brand?post=6239"},{"taxonomy":"product_cat","embeddable":true,"href":"https:\/\/secihouse.lt\/index.php\/wp-json\/wp\/v2\/product_cat?post=6239"},{"taxonomy":"product_tag","embeddable":true,"href":"https:\/\/secihouse.lt\/index.php\/wp-json\/wp\/v2\/product_tag?post=6239"}],"curies":[{"name":"wp","href":"https:\/\/api.w.org\/{rel}","templated":true}]}}