{"id":6235,"date":"2023-06-22T12:27:12","date_gmt":"2023-06-22T10:27:12","guid":{"rendered":"https:\/\/secihouse.lt\/?post_type=product&#038;p=6235"},"modified":"2024-11-22T18:15:46","modified_gmt":"2024-11-22T16:15:46","slug":"djeco-antspaudai-sodo-gyvunai","status":"publish","type":"product","link":"https:\/\/secihouse.lt\/index.php\/product\/djeco-antspaudai-sodo-gyvunai\/","title":{"rendered":"DJECO antspaudai &#8211; sodo gyv\u016bnai"},"content":{"rendered":"<p>Lengvo naudojimo antspaudai ma\u017eiesiems. \u0160ie antspaudai yra savadarbiai. Antspaudo paveiksl\u0117lio dydis yra 28 x 28 mm. Komplekt\u0105 sudaro 4 skirtingi antspaudai.<\/p>\n<p><strong>Dydis:\u00a0<\/strong>170 x 85 x 65<\/p>\n<p><strong>Sud\u0117tis:<\/strong>\u00a0Guma<\/p>\n<p><strong>Am\u017eius:<\/strong>\u00a018+ m\u0117n.<\/p>\n","protected":false},"excerpt":{"rendered":"<p>Lengvo naudojimo antspaudai ma\u017eiesiems. \u0160ie antspaudai yra savadarbiai. Antspaudo paveiksl\u0117lio dydis yra 28 x 28 mm. Komplekt\u0105 sudaro 4 skirtingi antspaudai. Dydis:\u00a0170 x 85 x 65 Sud\u0117tis:\u00a0Guma Am\u017eius:\u00a018+ m\u0117n.<\/p>\n","protected":false},"featured_media":6236,"template":"","meta":[],"product_brand":[],"product_cat":[186,66],"product_tag":[40,42],"class_list":{"0":"post-6235","1":"product","2":"type-product","3":"status-publish","4":"has-post-thumbnail","6":"product_cat-naujienos","7":"product_cat-zaislai","8":"product_tag-not-on-sale","9":"product_tag-zaislai","10":"","12":"first","13":"instock","14":"taxable","15":"shipping-taxable","16":"purchasable","17":"product-type-simple"},"_links":{"self":[{"href":"https:\/\/secihouse.lt\/index.php\/wp-json\/wp\/v2\/product\/6235","targetHints":{"allow":["GET"]}}],"collection":[{"href":"https:\/\/secihouse.lt\/index.php\/wp-json\/wp\/v2\/product"}],"about":[{"href":"https:\/\/secihouse.lt\/index.php\/wp-json\/wp\/v2\/types\/product"}],"wp:featuredmedia":[{"embeddable":true,"href":"https:\/\/secihouse.lt\/index.php\/wp-json\/wp\/v2\/media\/6236"}],"wp:attachment":[{"href":"https:\/\/secihouse.lt\/index.php\/wp-json\/wp\/v2\/media?parent=6235"}],"wp:term":[{"taxonomy":"product_brand","embeddable":true,"href":"https:\/\/secihouse.lt\/index.php\/wp-json\/wp\/v2\/product_brand?post=6235"},{"taxonomy":"product_cat","embeddable":true,"href":"https:\/\/secihouse.lt\/index.php\/wp-json\/wp\/v2\/product_cat?post=6235"},{"taxonomy":"product_tag","embeddable":true,"href":"https:\/\/secihouse.lt\/index.php\/wp-json\/wp\/v2\/product_tag?post=6235"}],"curies":[{"name":"wp","href":"https:\/\/api.w.org\/{rel}","templated":true}]}}