{"id":6229,"date":"2023-06-21T20:39:24","date_gmt":"2023-06-21T18:39:24","guid":{"rendered":"https:\/\/secihouse.lt\/?post_type=product&#038;p=6229"},"modified":"2024-09-08T10:06:16","modified_gmt":"2024-09-08T08:06:16","slug":"maileg-arbatos-rinkinys-purple-madelaine","status":"publish","type":"product","link":"https:\/\/secihouse.lt\/index.php\/product\/maileg-arbatos-rinkinys-purple-madelaine\/","title":{"rendered":"MAILEG Arbatos rinkinys &#8211; Purple Madelaine"},"content":{"rendered":"<p>\u0160is arbatos rinkinukas yra puikaus dyd\u017eio net Maileg pelyt\u0117s letenai. Rinkinyje yra viskas, ko reikia jaukiai akimirkai su arbat\u0117le, pyrag\u0117liais ir stalo reikmenimis. Arbatos rinkinukas yra metaliniame lagamin\u0117lyje.<\/p>\n<p>&nbsp;<\/p>\n<p><strong>Dydis: \u00a0<\/strong>H7cm x 11cm<\/p>\n<p><strong>Rekomenduojamas am\u017eius: <\/strong>3+ met\u0173<\/p>\n<p><strong>Prie\u017ei\u016bra:\u00a0<\/strong>Pavir\u0161iaus valymas<\/p>\n<p><strong>Med\u017eiaga: \u00a0<\/strong>Metalas, Polirezinas<\/p>\n","protected":false},"excerpt":{"rendered":"<p>\u0160is arbatos rinkinukas yra puikaus dyd\u017eio net Maileg pelyt\u0117s letenai. Rinkinyje yra viskas, ko reikia jaukiai akimirkai su arbat\u0117le, pyrag\u0117liais ir stalo reikmenimis. Arbatos rinkinukas yra metaliniame lagamin\u0117lyje. &nbsp; Dydis: \u00a0H7cm x 11cm Rekomenduojamas am\u017eius: 3+ met\u0173 Prie\u017ei\u016bra:\u00a0Pavir\u0161iaus valymas Med\u017eiaga: \u00a0Metalas, Polirezinas<\/p>\n","protected":false},"featured_media":6230,"template":"","meta":[],"product_brand":[],"product_cat":[61,186],"product_tag":[153,43,107,152,72,151],"class_list":{"0":"post-6229","1":"product","2":"type-product","3":"status-publish","4":"has-post-thumbnail","6":"product_cat-maileg-kolekcija","7":"product_cat-naujienos","8":"product_tag-arbatos-rinkinys","9":"product_tag-maileg","10":"product_tag-maileg-aksesuarai","11":"product_tag-maileg-arbatos-rinkinukas","12":"product_tag-maileg-kolekcija","13":"product_tag-maileg-namams","14":"","16":"first","17":"instock","18":"taxable","19":"shipping-taxable","20":"purchasable","21":"product-type-simple"},"_links":{"self":[{"href":"https:\/\/secihouse.lt\/index.php\/wp-json\/wp\/v2\/product\/6229","targetHints":{"allow":["GET"]}}],"collection":[{"href":"https:\/\/secihouse.lt\/index.php\/wp-json\/wp\/v2\/product"}],"about":[{"href":"https:\/\/secihouse.lt\/index.php\/wp-json\/wp\/v2\/types\/product"}],"wp:featuredmedia":[{"embeddable":true,"href":"https:\/\/secihouse.lt\/index.php\/wp-json\/wp\/v2\/media\/6230"}],"wp:attachment":[{"href":"https:\/\/secihouse.lt\/index.php\/wp-json\/wp\/v2\/media?parent=6229"}],"wp:term":[{"taxonomy":"product_brand","embeddable":true,"href":"https:\/\/secihouse.lt\/index.php\/wp-json\/wp\/v2\/product_brand?post=6229"},{"taxonomy":"product_cat","embeddable":true,"href":"https:\/\/secihouse.lt\/index.php\/wp-json\/wp\/v2\/product_cat?post=6229"},{"taxonomy":"product_tag","embeddable":true,"href":"https:\/\/secihouse.lt\/index.php\/wp-json\/wp\/v2\/product_tag?post=6229"}],"curies":[{"name":"wp","href":"https:\/\/api.w.org\/{rel}","templated":true}]}}