{"id":6214,"date":"2023-06-21T20:19:04","date_gmt":"2023-06-21T18:19:04","guid":{"rendered":"https:\/\/secihouse.lt\/?post_type=product&#038;p=6214"},"modified":"2025-11-28T14:46:11","modified_gmt":"2025-11-28T12:46:11","slug":"maileg-keliautojas-peliukas-didysis-brolis","status":"publish","type":"product","link":"https:\/\/secihouse.lt\/index.php\/product\/maileg-keliautojas-peliukas-didysis-brolis\/","title":{"rendered":"MAILEG Keliautojas peliukas &#8211; Didysis brolis"},"content":{"rendered":"<p>Keliautojas peliukas visur kartu su miegmai\u0161iu ant pe\u010di\u0173 ir gra\u017eia skrybelaite ant galvos nuo saulyt\u0117s.<\/p>\n<p><strong>Dydis: <\/strong>H13cm<\/p>\n<p><strong>Rekomenduojamas am\u017eius: <\/strong>3+ met\u0173<\/p>\n<p><strong>Prie\u017ei\u016bra:\u00a0<\/strong>Skalbti 30\u00b0C<\/p>\n<p><strong>Med\u017eiaga:\u00a0<\/strong>Medviln\u0117<\/p>\n<p><strong>U\u017epildas:\u00a0<\/strong>Perdirbtas poliesteris, Plastiko granul\u0117s<\/p>\n<p>&nbsp;<\/p>\n<p>&nbsp;<\/p>\n","protected":false},"excerpt":{"rendered":"<p>Keliautojas peliukas visur kartu su miegmai\u0161iu ant pe\u010di\u0173 ir gra\u017eia skrybelaite ant galvos nuo saulyt\u0117s. Dydis: H13cm Rekomenduojamas am\u017eius: 3+ met\u0173 Prie\u017ei\u016bra:\u00a0Skalbti 30\u00b0C Med\u017eiaga:\u00a0Medviln\u0117 U\u017epildas:\u00a0Perdirbtas poliesteris, Plastiko granul\u0117s &nbsp; &nbsp;<\/p>\n","protected":false},"featured_media":6215,"template":"","meta":[],"product_brand":[],"product_cat":[61,186],"product_tag":[],"class_list":{"0":"post-6214","1":"product","2":"type-product","3":"status-publish","4":"has-post-thumbnail","6":"product_cat-maileg-kolekcija","7":"product_cat-naujienos","8":"","10":"first","11":"instock","12":"taxable","13":"shipping-taxable","14":"purchasable","15":"product-type-simple"},"_links":{"self":[{"href":"https:\/\/secihouse.lt\/index.php\/wp-json\/wp\/v2\/product\/6214","targetHints":{"allow":["GET"]}}],"collection":[{"href":"https:\/\/secihouse.lt\/index.php\/wp-json\/wp\/v2\/product"}],"about":[{"href":"https:\/\/secihouse.lt\/index.php\/wp-json\/wp\/v2\/types\/product"}],"wp:featuredmedia":[{"embeddable":true,"href":"https:\/\/secihouse.lt\/index.php\/wp-json\/wp\/v2\/media\/6215"}],"wp:attachment":[{"href":"https:\/\/secihouse.lt\/index.php\/wp-json\/wp\/v2\/media?parent=6214"}],"wp:term":[{"taxonomy":"product_brand","embeddable":true,"href":"https:\/\/secihouse.lt\/index.php\/wp-json\/wp\/v2\/product_brand?post=6214"},{"taxonomy":"product_cat","embeddable":true,"href":"https:\/\/secihouse.lt\/index.php\/wp-json\/wp\/v2\/product_cat?post=6214"},{"taxonomy":"product_tag","embeddable":true,"href":"https:\/\/secihouse.lt\/index.php\/wp-json\/wp\/v2\/product_tag?post=6214"}],"curies":[{"name":"wp","href":"https:\/\/api.w.org\/{rel}","templated":true}]}}