{"id":6177,"date":"2023-06-21T19:27:23","date_gmt":"2023-06-21T17:27:23","guid":{"rendered":"https:\/\/secihouse.lt\/?post_type=product&#038;p=6177"},"modified":"2024-03-20T14:36:44","modified_gmt":"2024-03-20T12:36:44","slug":"maileg-senovinis-zibintas","status":"publish","type":"product","link":"https:\/\/secihouse.lt\/index.php\/product\/maileg-senovinis-zibintas\/","title":{"rendered":"MAILEG Senovinis \u017eibintas"},"content":{"rendered":"<p>\u0160vieskite tams\u0105 su \u0161iuo miniat\u016briniu \u017eibintu. Nepamir\u0161kite i\u0161jungti \u0161viesos, kai draugai eina miegoti. Baterija galima pakeisti.<\/p>\n<p><strong>Dydis: <\/strong>H7cm x 2.5cm<\/p>\n<p><strong>Rekomenduojamas am\u017eius: <\/strong>3+ met\u0173<\/p>\n<p><strong>Prie\u017ei\u016bra:\u00a0<\/strong>Pavir\u0161iaus valymas<\/p>\n<p><strong>Med\u017eiaga:\u00a0<\/strong>Metalas<\/p>\n<p>&nbsp;<\/p>\n<p>&nbsp;<\/p>\n","protected":false},"excerpt":{"rendered":"<p>\u0160vieskite tams\u0105 su \u0161iuo miniat\u016briniu \u017eibintu. Nepamir\u0161kite i\u0161jungti \u0161viesos, kai draugai eina miegoti. Baterija galima pakeisti. Dydis: H7cm x 2.5cm Rekomenduojamas am\u017eius: 3+ met\u0173 Prie\u017ei\u016bra:\u00a0Pavir\u0161iaus valymas Med\u017eiaga:\u00a0Metalas &nbsp; &nbsp;<\/p>\n","protected":false},"featured_media":6178,"template":"","meta":[],"product_brand":[],"product_cat":[61,186],"product_tag":[],"class_list":{"0":"post-6177","1":"product","2":"type-product","3":"status-publish","4":"has-post-thumbnail","6":"product_cat-maileg-kolekcija","7":"product_cat-naujienos","8":"","10":"first","11":"instock","12":"taxable","13":"shipping-taxable","14":"purchasable","15":"product-type-simple"},"_links":{"self":[{"href":"https:\/\/secihouse.lt\/index.php\/wp-json\/wp\/v2\/product\/6177","targetHints":{"allow":["GET"]}}],"collection":[{"href":"https:\/\/secihouse.lt\/index.php\/wp-json\/wp\/v2\/product"}],"about":[{"href":"https:\/\/secihouse.lt\/index.php\/wp-json\/wp\/v2\/types\/product"}],"wp:featuredmedia":[{"embeddable":true,"href":"https:\/\/secihouse.lt\/index.php\/wp-json\/wp\/v2\/media\/6178"}],"wp:attachment":[{"href":"https:\/\/secihouse.lt\/index.php\/wp-json\/wp\/v2\/media?parent=6177"}],"wp:term":[{"taxonomy":"product_brand","embeddable":true,"href":"https:\/\/secihouse.lt\/index.php\/wp-json\/wp\/v2\/product_brand?post=6177"},{"taxonomy":"product_cat","embeddable":true,"href":"https:\/\/secihouse.lt\/index.php\/wp-json\/wp\/v2\/product_cat?post=6177"},{"taxonomy":"product_tag","embeddable":true,"href":"https:\/\/secihouse.lt\/index.php\/wp-json\/wp\/v2\/product_tag?post=6177"}],"curies":[{"name":"wp","href":"https:\/\/api.w.org\/{rel}","templated":true}]}}