{"id":6170,"date":"2023-06-21T18:03:17","date_gmt":"2023-06-21T16:03:17","guid":{"rendered":"https:\/\/secihouse.lt\/?post_type=product&#038;p=6170"},"modified":"2023-09-13T21:27:50","modified_gmt":"2023-09-13T19:27:50","slug":"maileg-ciuzinys","status":"publish","type":"product","link":"https:\/\/secihouse.lt\/index.php\/product\/maileg-ciuzinys\/","title":{"rendered":"MAILEG \u010ciu\u017einys"},"content":{"rendered":"<p>Peliuk\u0173 pasaulyje taip atrodo pripu\u010diamas \u010diu\u017einys, ant kurio gera leisti laik\u0105 atostog\u0173 metu.<\/p>\n<p><strong>Dydis: <\/strong>H1cm x 13cm<\/p>\n<p><strong>Rekomenduojamas am\u017eius: <\/strong>3+ met\u0173<\/p>\n<p><strong>Prie\u017ei\u016bra:\u00a0<\/strong>Pavir\u0161iaus valymas<\/p>\n<p><strong>Med\u017eiaga:\u00a0<\/strong>Medviln\u0117<\/p>\n<p>&nbsp;<\/p>\n<p>&nbsp;<\/p>\n","protected":false},"excerpt":{"rendered":"<p>Peliuk\u0173 pasaulyje taip atrodo pripu\u010diamas \u010diu\u017einys, ant kurio gera leisti laik\u0105 atostog\u0173 metu. Dydis: H1cm x 13cm Rekomenduojamas am\u017eius: 3+ met\u0173 Prie\u017ei\u016bra:\u00a0Pavir\u0161iaus valymas Med\u017eiaga:\u00a0Medviln\u0117 &nbsp; &nbsp;<\/p>\n","protected":false},"featured_media":6171,"template":"","meta":[],"product_brand":[],"product_cat":[61,186],"product_tag":[],"class_list":{"0":"post-6170","1":"product","2":"type-product","3":"status-publish","4":"has-post-thumbnail","6":"product_cat-maileg-kolekcija","7":"product_cat-naujienos","8":"","10":"first","11":"instock","12":"taxable","13":"shipping-taxable","14":"purchasable","15":"product-type-simple"},"_links":{"self":[{"href":"https:\/\/secihouse.lt\/index.php\/wp-json\/wp\/v2\/product\/6170","targetHints":{"allow":["GET"]}}],"collection":[{"href":"https:\/\/secihouse.lt\/index.php\/wp-json\/wp\/v2\/product"}],"about":[{"href":"https:\/\/secihouse.lt\/index.php\/wp-json\/wp\/v2\/types\/product"}],"wp:featuredmedia":[{"embeddable":true,"href":"https:\/\/secihouse.lt\/index.php\/wp-json\/wp\/v2\/media\/6171"}],"wp:attachment":[{"href":"https:\/\/secihouse.lt\/index.php\/wp-json\/wp\/v2\/media?parent=6170"}],"wp:term":[{"taxonomy":"product_brand","embeddable":true,"href":"https:\/\/secihouse.lt\/index.php\/wp-json\/wp\/v2\/product_brand?post=6170"},{"taxonomy":"product_cat","embeddable":true,"href":"https:\/\/secihouse.lt\/index.php\/wp-json\/wp\/v2\/product_cat?post=6170"},{"taxonomy":"product_tag","embeddable":true,"href":"https:\/\/secihouse.lt\/index.php\/wp-json\/wp\/v2\/product_tag?post=6170"}],"curies":[{"name":"wp","href":"https:\/\/api.w.org\/{rel}","templated":true}]}}