{"id":6164,"date":"2023-06-21T17:11:37","date_gmt":"2023-06-21T15:11:37","guid":{"rendered":"https:\/\/secihouse.lt\/?post_type=product&#038;p=6164"},"modified":"2025-01-08T14:05:58","modified_gmt":"2025-01-08T12:05:58","slug":"maileg-papludimio-sketis","status":"publish","type":"product","link":"https:\/\/secihouse.lt\/index.php\/product\/maileg-papludimio-sketis\/","title":{"rendered":"MAILEG Papl\u016bdimio sk\u0117tis"},"content":{"rendered":"<p>Visiems saul\u0117t\u0105 dien\u0105 reikia pasisl\u0117pti nuo saulyt\u0117s, nes kartais tiesiog per kar\u0161t\u0105, ta\u010diau nei\u0161imtis, kad ir Maileg persona\u017eai m\u0117gsta saul\u0117t\u0105 dien\u0105 pavys\u012f.<\/p>\n<p>&nbsp;<\/p>\n<p><strong>Dydis: <\/strong>H15cm<\/p>\n<p><strong>Rekomenduojamas am\u017eius: <\/strong>3+ met\u0173<\/p>\n<p><strong>Prie\u017ei\u016bra:\u00a0<\/strong>Pavir\u0161iaus valymas<\/p>\n<p><strong>Med\u017eiaga:<\/strong>\u00a0Medis\/ Medviln\u0117<\/p>\n<p>&nbsp;<\/p>\n<p>&nbsp;<\/p>\n","protected":false},"excerpt":{"rendered":"<p>Visiems saul\u0117t\u0105 dien\u0105 reikia pasisl\u0117pti nuo saulyt\u0117s, nes kartais tiesiog per kar\u0161t\u0105, ta\u010diau nei\u0161imtis, kad ir Maileg persona\u017eai m\u0117gsta saul\u0117t\u0105 dien\u0105 pavys\u012f. &nbsp; Dydis: H15cm Rekomenduojamas am\u017eius: 3+ met\u0173 Prie\u017ei\u016bra:\u00a0Pavir\u0161iaus valymas Med\u017eiaga:\u00a0Medis\/ Medviln\u0117 &nbsp; &nbsp;<\/p>\n","protected":false},"featured_media":6165,"template":"","meta":[],"product_brand":[],"product_cat":[61,186],"product_tag":[],"class_list":{"0":"post-6164","1":"product","2":"type-product","3":"status-publish","4":"has-post-thumbnail","6":"product_cat-maileg-kolekcija","7":"product_cat-naujienos","8":"","10":"first","11":"instock","12":"taxable","13":"shipping-taxable","14":"purchasable","15":"product-type-simple"},"_links":{"self":[{"href":"https:\/\/secihouse.lt\/index.php\/wp-json\/wp\/v2\/product\/6164","targetHints":{"allow":["GET"]}}],"collection":[{"href":"https:\/\/secihouse.lt\/index.php\/wp-json\/wp\/v2\/product"}],"about":[{"href":"https:\/\/secihouse.lt\/index.php\/wp-json\/wp\/v2\/types\/product"}],"wp:featuredmedia":[{"embeddable":true,"href":"https:\/\/secihouse.lt\/index.php\/wp-json\/wp\/v2\/media\/6165"}],"wp:attachment":[{"href":"https:\/\/secihouse.lt\/index.php\/wp-json\/wp\/v2\/media?parent=6164"}],"wp:term":[{"taxonomy":"product_brand","embeddable":true,"href":"https:\/\/secihouse.lt\/index.php\/wp-json\/wp\/v2\/product_brand?post=6164"},{"taxonomy":"product_cat","embeddable":true,"href":"https:\/\/secihouse.lt\/index.php\/wp-json\/wp\/v2\/product_cat?post=6164"},{"taxonomy":"product_tag","embeddable":true,"href":"https:\/\/secihouse.lt\/index.php\/wp-json\/wp\/v2\/product_tag?post=6164"}],"curies":[{"name":"wp","href":"https:\/\/api.w.org\/{rel}","templated":true}]}}