{"id":6148,"date":"2023-06-21T16:52:05","date_gmt":"2023-06-21T14:52:05","guid":{"rendered":"https:\/\/secihouse.lt\/?post_type=product&#038;p=6148"},"modified":"2024-10-18T16:42:37","modified_gmt":"2024-10-18T14:42:37","slug":"maileg-lauko-baldai","status":"publish","type":"product","link":"https:\/\/secihouse.lt\/index.php\/product\/maileg-lauko-baldai\/","title":{"rendered":"MAILEG Lauko baldai"},"content":{"rendered":"<p>Tai be galo \u017eav\u016bs lauko baldai, kur gal\u0117s ramiai vakare peliukai ar kiti Maileg persona\u017eai pasisid\u0117ti ar sukurti nuostabi\u0173 istorij\u0173.<\/p>\n<p>&nbsp;<\/p>\n<p><strong>Dydis: <\/strong>H8.5cm x 9cm<\/p>\n<p><strong>Rekomenduojamas am\u017eius: <\/strong>3+ met\u0173<\/p>\n<p><strong>Prie\u017ei\u016bra:\u00a0<\/strong>Pavir\u0161iaus valymas<\/p>\n<p><strong>Med\u017eiaga:<\/strong>\u00a0Metalas\/ Medis<\/p>\n<p>&nbsp;<\/p>\n","protected":false},"excerpt":{"rendered":"<p>Tai be galo \u017eav\u016bs lauko baldai, kur gal\u0117s ramiai vakare peliukai ar kiti Maileg persona\u017eai pasisid\u0117ti ar sukurti nuostabi\u0173 istorij\u0173. &nbsp; Dydis: H8.5cm x 9cm Rekomenduojamas am\u017eius: 3+ met\u0173 Prie\u017ei\u016bra:\u00a0Pavir\u0161iaus valymas Med\u017eiaga:\u00a0Metalas\/ Medis &nbsp;<\/p>\n","protected":false},"featured_media":6149,"template":"","meta":[],"product_brand":[],"product_cat":[61,186],"product_tag":[],"class_list":{"0":"post-6148","1":"product","2":"type-product","3":"status-publish","4":"has-post-thumbnail","6":"product_cat-maileg-kolekcija","7":"product_cat-naujienos","8":"","10":"first","11":"instock","12":"taxable","13":"shipping-taxable","14":"purchasable","15":"product-type-simple"},"_links":{"self":[{"href":"https:\/\/secihouse.lt\/index.php\/wp-json\/wp\/v2\/product\/6148","targetHints":{"allow":["GET"]}}],"collection":[{"href":"https:\/\/secihouse.lt\/index.php\/wp-json\/wp\/v2\/product"}],"about":[{"href":"https:\/\/secihouse.lt\/index.php\/wp-json\/wp\/v2\/types\/product"}],"wp:featuredmedia":[{"embeddable":true,"href":"https:\/\/secihouse.lt\/index.php\/wp-json\/wp\/v2\/media\/6149"}],"wp:attachment":[{"href":"https:\/\/secihouse.lt\/index.php\/wp-json\/wp\/v2\/media?parent=6148"}],"wp:term":[{"taxonomy":"product_brand","embeddable":true,"href":"https:\/\/secihouse.lt\/index.php\/wp-json\/wp\/v2\/product_brand?post=6148"},{"taxonomy":"product_cat","embeddable":true,"href":"https:\/\/secihouse.lt\/index.php\/wp-json\/wp\/v2\/product_cat?post=6148"},{"taxonomy":"product_tag","embeddable":true,"href":"https:\/\/secihouse.lt\/index.php\/wp-json\/wp\/v2\/product_tag?post=6148"}],"curies":[{"name":"wp","href":"https:\/\/api.w.org\/{rel}","templated":true}]}}