{"id":6129,"date":"2023-06-21T16:25:54","date_gmt":"2023-06-21T14:25:54","guid":{"rendered":"https:\/\/secihouse.lt\/?post_type=product&#038;p=6129"},"modified":"2023-12-12T20:14:23","modified_gmt":"2023-12-12T18:14:23","slug":"maileg-vonios-spintele-dark-mint","status":"publish","type":"product","link":"https:\/\/secihouse.lt\/index.php\/product\/maileg-vonios-spintele-dark-mint\/","title":{"rendered":"MAILEG Vonios spintel\u0117 &#8211; Dark mint"},"content":{"rendered":"<p>Labai gra\u017ei vonios spintel\u0117, kuri puikiai tiks vonios kambariui ar Maileg pely\u010di\u0173 pilyje.<\/p>\n<p>&nbsp;<\/p>\n<p><strong>Dydis:\u00a0<\/strong>H15cm x 6.5cm<\/p>\n<p><strong>Rekomenduojamas am\u017eius: <\/strong>3+ met\u0173<\/p>\n<p><strong>Prie\u017ei\u016bra:\u00a0<\/strong>Pavir\u0161iaus valymas<\/p>\n<p><strong>Med\u017eiaga:<\/strong>\u00a0Metalas<\/p>\n<p>&nbsp;<\/p>\n","protected":false},"excerpt":{"rendered":"<p>Labai gra\u017ei vonios spintel\u0117, kuri puikiai tiks vonios kambariui ar Maileg pely\u010di\u0173 pilyje. &nbsp; Dydis:\u00a0H15cm x 6.5cm Rekomenduojamas am\u017eius: 3+ met\u0173 Prie\u017ei\u016bra:\u00a0Pavir\u0161iaus valymas Med\u017eiaga:\u00a0Metalas &nbsp;<\/p>\n","protected":false},"featured_media":6130,"template":"","meta":[],"product_brand":[],"product_cat":[61,186],"product_tag":[],"class_list":{"0":"post-6129","1":"product","2":"type-product","3":"status-publish","4":"has-post-thumbnail","6":"product_cat-maileg-kolekcija","7":"product_cat-naujienos","8":"","10":"first","11":"instock","12":"taxable","13":"shipping-taxable","14":"purchasable","15":"product-type-simple"},"_links":{"self":[{"href":"https:\/\/secihouse.lt\/index.php\/wp-json\/wp\/v2\/product\/6129","targetHints":{"allow":["GET"]}}],"collection":[{"href":"https:\/\/secihouse.lt\/index.php\/wp-json\/wp\/v2\/product"}],"about":[{"href":"https:\/\/secihouse.lt\/index.php\/wp-json\/wp\/v2\/types\/product"}],"wp:featuredmedia":[{"embeddable":true,"href":"https:\/\/secihouse.lt\/index.php\/wp-json\/wp\/v2\/media\/6130"}],"wp:attachment":[{"href":"https:\/\/secihouse.lt\/index.php\/wp-json\/wp\/v2\/media?parent=6129"}],"wp:term":[{"taxonomy":"product_brand","embeddable":true,"href":"https:\/\/secihouse.lt\/index.php\/wp-json\/wp\/v2\/product_brand?post=6129"},{"taxonomy":"product_cat","embeddable":true,"href":"https:\/\/secihouse.lt\/index.php\/wp-json\/wp\/v2\/product_cat?post=6129"},{"taxonomy":"product_tag","embeddable":true,"href":"https:\/\/secihouse.lt\/index.php\/wp-json\/wp\/v2\/product_tag?post=6129"}],"curies":[{"name":"wp","href":"https:\/\/api.w.org\/{rel}","templated":true}]}}