{"id":6060,"date":"2023-05-21T22:12:07","date_gmt":"2023-05-21T20:12:07","guid":{"rendered":"https:\/\/secihouse.lt\/?post_type=product&#038;p=6060"},"modified":"2026-02-15T20:54:36","modified_gmt":"2026-02-15T18:54:36","slug":"minikane-leles-komplektas-julian","status":"publish","type":"product","link":"https:\/\/secihouse.lt\/index.php\/product\/minikane-leles-komplektas-julian\/","title":{"rendered":"Minikane l\u0117l\u0117s komplektas &#8211; Julian"},"content":{"rendered":"<p>Viskas viename, kad b\u016bt\u0173 ne tik malonu \u017eaisti, bet ir patogu keliauti visur kartu!<\/p>\n<p>Miel\u0173 bruo\u017e\u0173 l\u0117l\u0117 Yze taps viena i\u0161 numyl\u0117tini\u0173 \u017eaisl\u0173, kuri suteiks pa\u010dias geriausias emocijas !<\/p>\n<p><strong>Komplekte rasite:\u00a0<\/strong><\/p>\n<ul>\n<li>Berniuk\u0105 l\u0117l\u0119 34cm.<\/li>\n<li>Stiling\u0105 striuk\u0119 rudos dirbtin\u0117s odos.<\/li>\n<li>\u00a0Kelnes.<\/li>\n<li>Dry\u017euotus mar\u0161kinius.<\/li>\n<li>1 por\u0105 bat\u0173.<\/li>\n<li>1 por\u0105 akini\u0173<\/li>\n<li>Dirbtin\u0117s odos \u0161alm\u0105<\/li>\n<li>Lagamin\u0117l\u012f<\/li>\n<\/ul>\n<p>&nbsp;<\/p>\n<p>L\u0117lyt\u0117 pagaminta Pranc\u016bzijoje.<\/p>\n","protected":false},"excerpt":{"rendered":"<p>Viskas viename, kad b\u016bt\u0173 ne tik malonu \u017eaisti, bet ir patogu keliauti visur kartu! Miel\u0173 bruo\u017e\u0173 l\u0117l\u0117 Yze taps viena i\u0161 numyl\u0117tini\u0173 \u017eaisl\u0173, kuri suteiks pa\u010dias geriausias emocijas ! Komplekte rasite:\u00a0 Berniuk\u0105 l\u0117l\u0119 34cm. Stiling\u0105 striuk\u0119 rudos dirbtin\u0117s odos. \u00a0Kelnes. Dry\u017euotus mar\u0161kinius. 1 por\u0105 bat\u0173. 1 por\u0105 akini\u0173 Dirbtin\u0117s odos \u0161alm\u0105 Lagamin\u0117l\u012f &nbsp; L\u0117lyt\u0117 pagaminta [&hellip;]<\/p>\n","protected":false},"featured_media":6061,"template":"","meta":[],"product_brand":[],"product_cat":[186,66],"product_tag":[268,184,260,263,265,254,259,267,264,266,261,262,42,178],"class_list":{"0":"post-6060","1":"product","2":"type-product","3":"status-publish","4":"has-post-thumbnail","6":"product_cat-naujienos","7":"product_cat-zaislai","8":"product_tag-komplektas","9":"product_tag-lele","10":"product_tag-lele-minikane","11":"product_tag-leles-aksesuarai","12":"product_tag-leles-priedai","13":"product_tag-lelyte","14":"product_tag-minikane","15":"product_tag-minikane-komplektas","16":"product_tag-minikane-leles-priedai","17":"product_tag-minikane-suknele","18":"product_tag-naujiena","19":"product_tag-vaikams","20":"product_tag-zaislai","21":"product_tag-zaislas","22":"","24":"first","25":"instock","26":"taxable","27":"shipping-taxable","28":"purchasable","29":"product-type-simple"},"_links":{"self":[{"href":"https:\/\/secihouse.lt\/index.php\/wp-json\/wp\/v2\/product\/6060","targetHints":{"allow":["GET"]}}],"collection":[{"href":"https:\/\/secihouse.lt\/index.php\/wp-json\/wp\/v2\/product"}],"about":[{"href":"https:\/\/secihouse.lt\/index.php\/wp-json\/wp\/v2\/types\/product"}],"wp:featuredmedia":[{"embeddable":true,"href":"https:\/\/secihouse.lt\/index.php\/wp-json\/wp\/v2\/media\/6061"}],"wp:attachment":[{"href":"https:\/\/secihouse.lt\/index.php\/wp-json\/wp\/v2\/media?parent=6060"}],"wp:term":[{"taxonomy":"product_brand","embeddable":true,"href":"https:\/\/secihouse.lt\/index.php\/wp-json\/wp\/v2\/product_brand?post=6060"},{"taxonomy":"product_cat","embeddable":true,"href":"https:\/\/secihouse.lt\/index.php\/wp-json\/wp\/v2\/product_cat?post=6060"},{"taxonomy":"product_tag","embeddable":true,"href":"https:\/\/secihouse.lt\/index.php\/wp-json\/wp\/v2\/product_tag?post=6060"}],"curies":[{"name":"wp","href":"https:\/\/api.w.org\/{rel}","templated":true}]}}