{"id":6048,"date":"2023-05-21T21:51:15","date_gmt":"2023-05-21T19:51:15","guid":{"rendered":"https:\/\/secihouse.lt\/?post_type=product&#038;p=6048"},"modified":"2024-08-07T16:01:12","modified_gmt":"2024-08-07T14:01:12","slug":"minikane-leles-suknele-tutu-rosella-milk","status":"publish","type":"product","link":"https:\/\/secihouse.lt\/index.php\/product\/minikane-leles-suknele-tutu-rosella-milk\/","title":{"rendered":"Minikane Amigas l\u0117l\u0117s suknel\u0117 -Tutu Rosella milk"},"content":{"rendered":"<p>Visada visi nori kartas nuo karto pasipuo\u0161ti gra\u017eiau negu paprastai, o \u0161\u012fkart ir l\u0117ly\u010di\u0173 norai nema\u017ei. Su \u0161ia suknele l\u0117lyt\u0117 atrodys NEPRIEKAI\u0160TINGAI !<\/p>\n<p>Tinkamos suknel\u0117s 32cm l\u0117lytei.<\/p>\n<p>Suknel\u0117 pagaminta Pranc\u016bzijoje.<\/p>\n<p>&nbsp;<\/p>\n<p><strong>Med\u017eiaga: <\/strong>\u00a0Linas \/ Ekru<\/p>\n","protected":false},"excerpt":{"rendered":"<p>Visada visi nori kartas nuo karto pasipuo\u0161ti gra\u017eiau negu paprastai, o \u0161\u012fkart ir l\u0117ly\u010di\u0173 norai nema\u017ei. Su \u0161ia suknele l\u0117lyt\u0117 atrodys NEPRIEKAI\u0160TINGAI ! Tinkamos suknel\u0117s 32cm l\u0117lytei. Suknel\u0117 pagaminta Pranc\u016bzijoje. &nbsp; Med\u017eiaga: \u00a0Linas \/ Ekru<\/p>\n","protected":false},"featured_media":6046,"template":"","meta":[],"product_brand":[],"product_cat":[186,66],"product_tag":[184,260,263,265,254,259,264,266,261,262,42,178],"class_list":{"0":"post-6048","1":"product","2":"type-product","3":"status-publish","4":"has-post-thumbnail","6":"product_cat-naujienos","7":"product_cat-zaislai","8":"product_tag-lele","9":"product_tag-lele-minikane","10":"product_tag-leles-aksesuarai","11":"product_tag-leles-priedai","12":"product_tag-lelyte","13":"product_tag-minikane","14":"product_tag-minikane-leles-priedai","15":"product_tag-minikane-suknele","16":"product_tag-naujiena","17":"product_tag-vaikams","18":"product_tag-zaislai","19":"product_tag-zaislas","20":"","22":"first","23":"instock","24":"taxable","25":"shipping-taxable","26":"purchasable","27":"product-type-simple"},"_links":{"self":[{"href":"https:\/\/secihouse.lt\/index.php\/wp-json\/wp\/v2\/product\/6048","targetHints":{"allow":["GET"]}}],"collection":[{"href":"https:\/\/secihouse.lt\/index.php\/wp-json\/wp\/v2\/product"}],"about":[{"href":"https:\/\/secihouse.lt\/index.php\/wp-json\/wp\/v2\/types\/product"}],"wp:featuredmedia":[{"embeddable":true,"href":"https:\/\/secihouse.lt\/index.php\/wp-json\/wp\/v2\/media\/6046"}],"wp:attachment":[{"href":"https:\/\/secihouse.lt\/index.php\/wp-json\/wp\/v2\/media?parent=6048"}],"wp:term":[{"taxonomy":"product_brand","embeddable":true,"href":"https:\/\/secihouse.lt\/index.php\/wp-json\/wp\/v2\/product_brand?post=6048"},{"taxonomy":"product_cat","embeddable":true,"href":"https:\/\/secihouse.lt\/index.php\/wp-json\/wp\/v2\/product_cat?post=6048"},{"taxonomy":"product_tag","embeddable":true,"href":"https:\/\/secihouse.lt\/index.php\/wp-json\/wp\/v2\/product_tag?post=6048"}],"curies":[{"name":"wp","href":"https:\/\/api.w.org\/{rel}","templated":true}]}}