{"id":6019,"date":"2023-05-18T09:43:46","date_gmt":"2023-05-18T07:43:46","guid":{"rendered":"https:\/\/secihouse.lt\/?post_type=product&#038;p=6019"},"modified":"2024-12-15T15:07:20","modified_gmt":"2024-12-15T13:07:20","slug":"olli-ella-dozy-dinkums-lele-bean-polka-dot","status":"publish","type":"product","link":"https:\/\/secihouse.lt\/index.php\/product\/olli-ella-dozy-dinkums-lele-bean-polka-dot\/","title":{"rendered":"Olli Ella Dozy Dinkums &#8211; l\u0117l\u0117 Bean polka dot"},"content":{"rendered":"<p>Riboto leidimo svajokl\u0117s l\u0117lyt\u0117s Dozy Dinkums tikros \u00a0mieguistos. \u0160alia l\u0117ly\u010di\u0173 svajingi nuotykiai tik prasideda!<\/p>\n<p>\u0160ios l\u0117lyt\u0117s sukurtos, kad J\u016bs\u0173 ma\u017eyliai myl\u0117t\u0173 juos nuo pat gimimo. Dozy Dinkums svajokl\u0117s l\u0117lyt\u0117s bus puikus draugas per kiekvien\u0105 \u017eaidim\u0105, o vyresniems vaiku\u010diams puikus miego draugas, paslap\u010di\u0173 saugotojas.<\/p>\n<p>&nbsp;<\/p>\n<p>L\u0117lyt\u0117s pagamintos i\u0161 mink\u0161tos medviln\u0117s, j\u0173 mieli veideliai yra i\u0161siuvin\u0117ti ir turi nedidel\u012f plauk\u0173 kuok\u0161tel\u012f.<\/p>\n<p>&nbsp;<\/p>\n<p>Kiekviena l\u0117lyt\u0117 \u012fpakuot\u0105 \u012f mink\u0161t\u0105 100% medvilnin\u012f krep\u0161el\u012f. Taip pat \u0161is krep\u0161elis patogus, kai reikia i\u0161maudyti Dozy l\u0117lyt\u0119 \u00a0( \u012fsitkinikite, kad skalbiama l\u0117lyt\u0117 v\u0117siai ir \u0161velniai).<\/p>\n<p>&nbsp;<\/p>\n<p><strong>Dydis:<\/strong>\u00a032cm \u016bgio ir 8cm plo\u010dio ties pilvu<\/p>\n<p><strong>Rekomenduojamas am\u017eius:<\/strong> 0+<\/p>\n<p><strong>Sud\u0117tis:<\/strong>\u00a0100% medviln\u0117 i\u0161or\u0117 \/ vidaus u\u017epild\u0105 sudaro: poliesteris ir plastiko granul\u0117s<\/p>\n<p><strong>Prie\u017ei\u016bra:<\/strong>\u00a0\u0160altai \u0161velnus skalbimas skalbimo ma\u0161inoje ( l\u0117lyt\u0119 rekomenduojama \u012fd\u0117ti \u012f skalbini\u0173 mai\u0161el\u012f ). Netinka d\u017eiovinti d\u017eiovykl\u0117je, nes l\u0117lytei per kar\u0161t\u0105.<\/p>\n","protected":false},"excerpt":{"rendered":"<p>Riboto leidimo svajokl\u0117s l\u0117lyt\u0117s Dozy Dinkums tikros \u00a0mieguistos. \u0160alia l\u0117ly\u010di\u0173 svajingi nuotykiai tik prasideda! \u0160ios l\u0117lyt\u0117s sukurtos, kad J\u016bs\u0173 ma\u017eyliai myl\u0117t\u0173 juos nuo pat gimimo. Dozy Dinkums svajokl\u0117s l\u0117lyt\u0117s bus puikus draugas per kiekvien\u0105 \u017eaidim\u0105, o vyresniems vaiku\u010diams puikus miego draugas, paslap\u010di\u0173 saugotojas. &nbsp; L\u0117lyt\u0117s pagamintos i\u0161 mink\u0161tos medviln\u0117s, j\u0173 mieli veideliai yra i\u0161siuvin\u0117ti ir [&hellip;]<\/p>\n","protected":false},"featured_media":6020,"template":"","meta":[],"product_brand":[],"product_cat":[186,66],"product_tag":[255,184,250,257,256,42],"class_list":{"0":"post-6019","1":"product","2":"type-product","3":"status-publish","4":"has-post-thumbnail","6":"product_cat-naujienos","7":"product_cat-zaislai","8":"product_tag-dozy-dinkum","9":"product_tag-lele","10":"product_tag-olli-ella","11":"product_tag-olli-ella-lele","12":"product_tag-olli-ella-lelyte","13":"product_tag-zaislai","14":"","16":"first","17":"instock","18":"taxable","19":"shipping-taxable","20":"purchasable","21":"product-type-simple"},"_links":{"self":[{"href":"https:\/\/secihouse.lt\/index.php\/wp-json\/wp\/v2\/product\/6019","targetHints":{"allow":["GET"]}}],"collection":[{"href":"https:\/\/secihouse.lt\/index.php\/wp-json\/wp\/v2\/product"}],"about":[{"href":"https:\/\/secihouse.lt\/index.php\/wp-json\/wp\/v2\/types\/product"}],"wp:featuredmedia":[{"embeddable":true,"href":"https:\/\/secihouse.lt\/index.php\/wp-json\/wp\/v2\/media\/6020"}],"wp:attachment":[{"href":"https:\/\/secihouse.lt\/index.php\/wp-json\/wp\/v2\/media?parent=6019"}],"wp:term":[{"taxonomy":"product_brand","embeddable":true,"href":"https:\/\/secihouse.lt\/index.php\/wp-json\/wp\/v2\/product_brand?post=6019"},{"taxonomy":"product_cat","embeddable":true,"href":"https:\/\/secihouse.lt\/index.php\/wp-json\/wp\/v2\/product_cat?post=6019"},{"taxonomy":"product_tag","embeddable":true,"href":"https:\/\/secihouse.lt\/index.php\/wp-json\/wp\/v2\/product_tag?post=6019"}],"curies":[{"name":"wp","href":"https:\/\/api.w.org\/{rel}","templated":true}]}}