{"id":5936,"date":"2023-04-22T12:50:58","date_gmt":"2023-04-22T10:50:58","guid":{"rendered":"https:\/\/secihouse.lt\/?post_type=product&#038;p=5936"},"modified":"2026-02-15T20:55:06","modified_gmt":"2026-02-15T18:55:06","slug":"konges-slojd-megztinis-sea-mist","status":"publish","type":"product","link":"https:\/\/secihouse.lt\/index.php\/product\/konges-slojd-megztinis-sea-mist\/","title":{"rendered":"Konges Slojd megztinis &#8211; Sea Mist"},"content":{"rendered":"<p>Mieli megztukai &#8211; d\u017eemperiukai, kurie patiks vaikams ir ne\u0161ios su did\u017eiausiu d\u017eiaugsmu :). \u00a0Paveiksliukai i\u0161siuvin\u0117ti, tod\u0117l visados i\u0161liks gra\u017eus !<\/p>\n<p>Megztukas plonytis &#8211; puikiai tiks vasaros vakarams. Pagaminti i\u0161 \u0161velniausios ekologi\u0161kos medviln\u0117s.<\/p>\n<p>&nbsp;<\/p>\n<p><strong>Med\u017eiaga:<\/strong> 90% ekologi\u0161ka medviln\u0117\/ 10% poliesteris<\/p>\n<p><strong>Prie\u017ei\u016bra:<\/strong> Galima skalbti \u00a0 30 C temperat\u016broje<\/p>\n<p><strong>Dyd\u017eia:<\/strong> ( \u0161iek tiek didinti ):<\/p>\n<ul>\n<li>2 met\u0173 &#8211; 92cm<\/li>\n<li>3 met\u0173 &#8211; 98cm<\/li>\n<li>4 met\u0173 &#8211; 104cm<\/li>\n<\/ul>\n","protected":false},"excerpt":{"rendered":"<p>Mieli megztukai &#8211; d\u017eemperiukai, kurie patiks vaikams ir ne\u0161ios su did\u017eiausiu d\u017eiaugsmu :). \u00a0Paveiksliukai i\u0161siuvin\u0117ti, tod\u0117l visados i\u0161liks gra\u017eus ! Megztukas plonytis &#8211; puikiai tiks vasaros vakarams. Pagaminti i\u0161 \u0161velniausios ekologi\u0161kos medviln\u0117s. &nbsp; Med\u017eiaga: 90% ekologi\u0161ka medviln\u0117\/ 10% poliesteris Prie\u017ei\u016bra: Galima skalbti \u00a0 30 C temperat\u016broje Dyd\u017eia: ( \u0161iek tiek didinti ): 2 met\u0173 &#8211; [&hellip;]<\/p>\n","protected":false},"featured_media":5938,"template":"","meta":[],"product_brand":[],"product_cat":[772,67,186],"product_tag":[244,246,236,245,247,248],"class_list":{"0":"post-5936","1":"product","2":"type-product","3":"status-publish","4":"has-post-thumbnail","6":"product_cat-apranga","7":"product_cat-apranga-aksesuarai","8":"product_cat-naujienos","9":"product_tag-apranga","10":"product_tag-dzemperiai","11":"product_tag-konges-slojd","12":"product_tag-megztukai","13":"product_tag-megztukas-konges-slojd","14":"product_tag-stilius","15":"","17":"first","18":"instock","19":"taxable","20":"shipping-taxable","21":"purchasable","22":"product-type-variable"},"_links":{"self":[{"href":"https:\/\/secihouse.lt\/index.php\/wp-json\/wp\/v2\/product\/5936","targetHints":{"allow":["GET"]}}],"collection":[{"href":"https:\/\/secihouse.lt\/index.php\/wp-json\/wp\/v2\/product"}],"about":[{"href":"https:\/\/secihouse.lt\/index.php\/wp-json\/wp\/v2\/types\/product"}],"wp:featuredmedia":[{"embeddable":true,"href":"https:\/\/secihouse.lt\/index.php\/wp-json\/wp\/v2\/media\/5938"}],"wp:attachment":[{"href":"https:\/\/secihouse.lt\/index.php\/wp-json\/wp\/v2\/media?parent=5936"}],"wp:term":[{"taxonomy":"product_brand","embeddable":true,"href":"https:\/\/secihouse.lt\/index.php\/wp-json\/wp\/v2\/product_brand?post=5936"},{"taxonomy":"product_cat","embeddable":true,"href":"https:\/\/secihouse.lt\/index.php\/wp-json\/wp\/v2\/product_cat?post=5936"},{"taxonomy":"product_tag","embeddable":true,"href":"https:\/\/secihouse.lt\/index.php\/wp-json\/wp\/v2\/product_tag?post=5936"}],"curies":[{"name":"wp","href":"https:\/\/api.w.org\/{rel}","templated":true}]}}