{"id":5874,"date":"2023-04-06T16:33:25","date_gmt":"2023-04-06T14:33:25","guid":{"rendered":"https:\/\/secihouse.lt\/?post_type=product&#038;p=5874"},"modified":"2026-02-15T20:55:49","modified_gmt":"2026-02-15T18:55:49","slug":"konges-slojd-duru-stabdis-vysnia","status":"publish","type":"product","link":"https:\/\/secihouse.lt\/index.php\/product\/konges-slojd-duru-stabdis-vysnia\/","title":{"rendered":"Konges Slojd dur\u0173 stabdis &#8211; vy\u0161nia"},"content":{"rendered":"<p>Kad pir\u0161tukai b\u016bt\u0173 saug\u016bs, tai pad\u0117s apsisaugoti dur\u0173 stabdytuvas vy\u0161nia.<\/p>\n<p>Taip gal\u0117site jaustis saugiau, \u017einant, kad ma\u017eylis neprisivers pir\u0161tuku darin\u0117jantis duris.<\/p>\n<p>&nbsp;<\/p>\n<p><strong>Med\u017eiaga:\u00a0<\/strong>100% silikonas<\/p>\n","protected":false},"excerpt":{"rendered":"<p>Kad pir\u0161tukai b\u016bt\u0173 saug\u016bs, tai pad\u0117s apsisaugoti dur\u0173 stabdytuvas vy\u0161nia. Taip gal\u0117site jaustis saugiau, \u017einant, kad ma\u017eylis neprisivers pir\u0161tuku darin\u0117jantis duris. &nbsp; Med\u017eiaga:\u00a0100% silikonas<\/p>\n","protected":false},"featured_media":5877,"template":"","meta":[],"product_brand":[],"product_cat":[186,243],"product_tag":[240,238,236,241,242,239],"class_list":{"0":"post-5874","1":"product","2":"type-product","3":"status-publish","4":"has-post-thumbnail","6":"product_cat-naujienos","7":"product_cat-vaiku-kambarys","8":"product_tag-apsauga","9":"product_tag-duru-stabdis","10":"product_tag-konges-slojd","11":"product_tag-konges-slojd-duru-stabdis","12":"product_tag-namu-aksesuaras","13":"product_tag-stabdis","14":"","16":"first","17":"instock","18":"taxable","19":"shipping-taxable","20":"purchasable","21":"product-type-simple"},"_links":{"self":[{"href":"https:\/\/secihouse.lt\/index.php\/wp-json\/wp\/v2\/product\/5874","targetHints":{"allow":["GET"]}}],"collection":[{"href":"https:\/\/secihouse.lt\/index.php\/wp-json\/wp\/v2\/product"}],"about":[{"href":"https:\/\/secihouse.lt\/index.php\/wp-json\/wp\/v2\/types\/product"}],"wp:featuredmedia":[{"embeddable":true,"href":"https:\/\/secihouse.lt\/index.php\/wp-json\/wp\/v2\/media\/5877"}],"wp:attachment":[{"href":"https:\/\/secihouse.lt\/index.php\/wp-json\/wp\/v2\/media?parent=5874"}],"wp:term":[{"taxonomy":"product_brand","embeddable":true,"href":"https:\/\/secihouse.lt\/index.php\/wp-json\/wp\/v2\/product_brand?post=5874"},{"taxonomy":"product_cat","embeddable":true,"href":"https:\/\/secihouse.lt\/index.php\/wp-json\/wp\/v2\/product_cat?post=5874"},{"taxonomy":"product_tag","embeddable":true,"href":"https:\/\/secihouse.lt\/index.php\/wp-json\/wp\/v2\/product_tag?post=5874"}],"curies":[{"name":"wp","href":"https:\/\/api.w.org\/{rel}","templated":true}]}}