{"id":5861,"date":"2023-04-06T16:09:06","date_gmt":"2023-04-06T14:09:06","guid":{"rendered":"https:\/\/secihouse.lt\/?post_type=product&#038;p=5861"},"modified":"2026-02-20T20:48:32","modified_gmt":"2026-02-20T18:48:32","slug":"konges-slojd-kramtukas-boobs-creamy","status":"publish","type":"product","link":"https:\/\/secihouse.lt\/index.php\/product\/konges-slojd-kramtukas-boobs-creamy\/","title":{"rendered":"Konges Slojd kramtukas &#8222;boobs&#8221;- Creamy"},"content":{"rendered":"<p>\u017daismingas kramtukas &#8222;kr\u016btys&#8221;, pagamintas i\u0161 100% nat\u016bralios gumos, kurios skirtos nuraminti skaudan\u010dias dantenas k\u016bdikiams.<\/p>\n<p>\u017daisliukas kramtukas puikiai tinka ma\u017eoms rankyt\u0117ms ir padeda i\u0161laikyti k\u016bdikius ramius.<\/p>\n<p>&nbsp;<\/p>\n<p><strong>Dydis:\u00a0<\/strong>10x10cm<\/p>\n<p><strong>Rekomenduojamas am\u017eius:\u00a0<\/strong>0+<\/p>\n<p><strong>Prie\u017ei\u016bra:\u00a0<\/strong>Kramtuk\u0105 valykite dr\u0117gna servet\u0117le. Nenaudokite joki\u0173 chemini\u0173 med\u017eiag\u0173.<\/p>\n<p><strong>Med\u017eiaga:\u00a0<\/strong>100% nat\u016brali guma \/ Da\u017eyta rankomis maisitniais da\u017eais<\/p>\n<p>&nbsp;<\/p>\n<p><strong>\u012eSP\u0116JIMAS:<br \/>\n<\/strong>\u2022Prie\u0161 naudodami visada atid\u017eiai ap\u017ei\u016br\u0117kite gamin\u012f, kad \u012fsitikintum\u0117te, jog jis nepa\u017eeistas<br \/>\n\u2022Nelaikykite \u017eaislo tiesioginiuose saul\u0117s spinduliuose.<br \/>\n\u2022 Gaminio detal\u0117s ir spalva gali skirtis, nes gaminys yra rank\u0173 darbo.<\/p>\n","protected":false},"excerpt":{"rendered":"<p>\u017daismingas kramtukas &#8222;kr\u016btys&#8221;, pagamintas i\u0161 100% nat\u016bralios gumos, kurios skirtos nuraminti skaudan\u010dias dantenas k\u016bdikiams. \u017daisliukas kramtukas puikiai tinka ma\u017eoms rankyt\u0117ms ir padeda i\u0161laikyti k\u016bdikius ramius. &nbsp; Dydis:\u00a010x10cm Rekomenduojamas am\u017eius:\u00a00+ Prie\u017ei\u016bra:\u00a0Kramtuk\u0105 valykite dr\u0117gna servet\u0117le. Nenaudokite joki\u0173 chemini\u0173 med\u017eiag\u0173. Med\u017eiaga:\u00a0100% nat\u016brali guma \/ Da\u017eyta rankomis maisitniais da\u017eais &nbsp; \u012eSP\u0116JIMAS: \u2022Prie\u0161 naudodami visada atid\u017eiai ap\u017ei\u016br\u0117kite gamin\u012f, kad \u012fsitikintum\u0117te, [&hellip;]<\/p>\n","protected":false},"featured_media":5862,"template":"","meta":[],"product_brand":[],"product_cat":[186,64],"product_tag":[236,235,217,237],"class_list":{"0":"post-5861","1":"product","2":"type-product","3":"status-publish","4":"has-post-thumbnail","6":"product_cat-naujienos","7":"product_cat-neramiems-dantukams","8":"product_tag-konges-slojd","9":"product_tag-konges-slojd-kramtukas","10":"product_tag-kramtukas","11":"product_tag-kramtukas-boobs","12":"","14":"first","15":"outofstock","16":"taxable","17":"shipping-taxable","18":"purchasable","19":"product-type-simple"},"_links":{"self":[{"href":"https:\/\/secihouse.lt\/index.php\/wp-json\/wp\/v2\/product\/5861","targetHints":{"allow":["GET"]}}],"collection":[{"href":"https:\/\/secihouse.lt\/index.php\/wp-json\/wp\/v2\/product"}],"about":[{"href":"https:\/\/secihouse.lt\/index.php\/wp-json\/wp\/v2\/types\/product"}],"wp:featuredmedia":[{"embeddable":true,"href":"https:\/\/secihouse.lt\/index.php\/wp-json\/wp\/v2\/media\/5862"}],"wp:attachment":[{"href":"https:\/\/secihouse.lt\/index.php\/wp-json\/wp\/v2\/media?parent=5861"}],"wp:term":[{"taxonomy":"product_brand","embeddable":true,"href":"https:\/\/secihouse.lt\/index.php\/wp-json\/wp\/v2\/product_brand?post=5861"},{"taxonomy":"product_cat","embeddable":true,"href":"https:\/\/secihouse.lt\/index.php\/wp-json\/wp\/v2\/product_cat?post=5861"},{"taxonomy":"product_tag","embeddable":true,"href":"https:\/\/secihouse.lt\/index.php\/wp-json\/wp\/v2\/product_tag?post=5861"}],"curies":[{"name":"wp","href":"https:\/\/api.w.org\/{rel}","templated":true}]}}