{"id":5712,"date":"2023-03-16T22:37:30","date_gmt":"2023-03-16T20:37:30","guid":{"rendered":"https:\/\/secihouse.lt\/?post_type=product&#038;p=5712"},"modified":"2025-05-21T12:27:39","modified_gmt":"2025-05-21T10:27:39","slug":"oli-carol-kramtukas-barskutis-kukuruzas","status":"publish","type":"product","link":"https:\/\/secihouse.lt\/index.php\/product\/oli-carol-kramtukas-barskutis-kukuruzas\/","title":{"rendered":"Oli &#038; Carol kramtukas bar\u0161kutis &#8211; kukur\u016bzas"},"content":{"rendered":"<div class=\"nova-woocommerce-tabs style_1\">\n<div class=\"tabs-content\" data-tabs-content=\"single_product_tab\">\n<div id=\"panel_description\" class=\"tabs-panel is-active\" role=\"tabpanel\" aria-labelledby=\"panel_description-label\">\n<p>Naujiena, kuri patiks kievienam! Oli&amp;Carol kukur\u016bz\u0173 bar\u0161ku\u010dio \u017eaislas yra \u017dALIAUSIAS bar\u0161kutis rinkoje. \u00a0Jo i\u0161or\u0117 pagaminta i\u0161 100% nat\u016bralios gumos, o viduje yra perdirbtos vy\u0161nios s\u0117klos. Kramtukas \/ Bar\u0161kutis du viename!<\/p>\n<p>\u0160ie bar\u0161ku\u010diai buvo sukurti kartu su sertifikuotais otorinolaringologais, su kuriais pavyko sukurti tobul\u0105 garso auk\u0161t\u012f, kuris pad\u0117s k\u016bdikiams nusiraminti, o ne per daug stimuliuos.<\/p>\n<p>Pripildytas ne\u012ftik\u0117tin\u0173 tekst\u016br\u0173 ir detali\u0173, kurios pad\u0117s su\u017eadinti k\u016bdikio poj\u016b\u010dius juos kramtant ar tyrin\u0117jant.<\/p>\n<ul>\n<li>Nuraminkite ma\u017eylius klausydamiesi gamtos gars\u0173.<\/li>\n<li>Jo lankelio konstrukcija leid\u017eia k\u016bdikiams lengvai suimti ir pakabinti.<\/li>\n<li>Garsas pagamintas i\u0161 perdirbt\u0173 vy\u0161ni\u0173 s\u0117kl\u0173.<\/li>\n<\/ul>\n<\/div>\n<p><strong>PRIE\u017dI\u016aRA:<\/strong><\/p>\n<ul>\n<li>Nor\u0117dami i\u0161valyti kramtuk\u0105\/ bar\u0161kut\u012f, tiesiog nuvalykite \u017eaisl\u0105 vandeniu, ar dr\u0117gnu skudur\u0117liu.<\/li>\n<li>Nesterilizuoti ir nelaikyti \u0161aldytuve.<\/li>\n<li>\u017daislas turi b\u016bti laikomas sausoje vietoje.<\/li>\n<li>Kaip ir bet kuris nat\u016bralus produktas, \u017eaislai gali prad\u0117ti pelyti, jei paliekami dr\u0117gnoje aplinkoje.<\/li>\n<li>Ilg\u0105 laik\u0105 nepalikti ant tiesiogin\u0117s saul\u0117s spinduli\u0173 ar dirbtin\u0117s \u0161viesos, nes spalva gali pablukti.<\/li>\n<li>Kiekvienas \u017eaislas yra skirtingas. Gaminiai yra rank\u0173 darbo, kiekvienas gaminamas po vien\u0105, tod\u0117l gali b\u016bti ma\u017ei tr\u016bkumai, netobulumai, kas daro kiekvien\u0105 gamin\u012f unikaliu.<\/li>\n<li>Temperat\u016bros svyravimai gali tur\u0117ti \u012ftakos gaminio formai.<\/li>\n<\/ul>\n<div id=\"panel_description\" class=\"tabs-panel is-active\" role=\"tabpanel\" aria-labelledby=\"panel_description-label\">\n<p>&nbsp;<\/p>\n<p>Mink\u0161tas, lengvai suimamas ir saugus kramtyti.<\/p>\n<p>Stimuliuoja k\u016bdikio poj\u016b\u010dius ir ramina dantenas.<\/p>\n<p>Da\u017eyti rankomis, saugiais, nat\u016braliais maistiniais da\u017eais.<\/p>\n<p>Visi\u0161kai saug\u016bs vaikams, netoksi\u0161ki. EN71, ASTM ir \u201eReach\u201c sertifikuoti. Be PVC, BPA, ftalat\u0173 ir nitrozamin\u0173.<\/p>\n<p>&nbsp;<\/p>\n<\/div>\n<\/div>\n<\/div>\n","protected":false},"excerpt":{"rendered":"<p>Naujiena, kuri patiks kievienam! Oli&amp;Carol kukur\u016bz\u0173 bar\u0161ku\u010dio \u017eaislas yra \u017dALIAUSIAS bar\u0161kutis rinkoje. \u00a0Jo i\u0161or\u0117 pagaminta i\u0161 100% nat\u016bralios gumos, o viduje yra perdirbtos vy\u0161nios s\u0117klos. Kramtukas \/ Bar\u0161kutis du viename! \u0160ie bar\u0161ku\u010diai buvo sukurti kartu su sertifikuotais otorinolaringologais, su kuriais pavyko sukurti tobul\u0105 garso auk\u0161t\u012f, kuris pad\u0117s k\u016bdikiams nusiraminti, o ne per daug stimuliuos. Pripildytas [&hellip;]<\/p>\n","protected":false},"featured_media":5725,"template":"","meta":[],"product_brand":[],"product_cat":[64],"product_tag":[218,221,217,219,220,178],"class_list":{"0":"post-5712","1":"product","2":"type-product","3":"status-publish","4":"has-post-thumbnail","6":"product_cat-neramiems-dantukams","7":"product_tag-barskutis","8":"product_tag-dantukams","9":"product_tag-kramtukas","10":"product_tag-kramtukas-oli-carol","11":"product_tag-oli-carol","12":"product_tag-zaislas","13":"","15":"first","16":"instock","17":"taxable","18":"shipping-taxable","19":"purchasable","20":"product-type-simple"},"_links":{"self":[{"href":"https:\/\/secihouse.lt\/index.php\/wp-json\/wp\/v2\/product\/5712","targetHints":{"allow":["GET"]}}],"collection":[{"href":"https:\/\/secihouse.lt\/index.php\/wp-json\/wp\/v2\/product"}],"about":[{"href":"https:\/\/secihouse.lt\/index.php\/wp-json\/wp\/v2\/types\/product"}],"wp:featuredmedia":[{"embeddable":true,"href":"https:\/\/secihouse.lt\/index.php\/wp-json\/wp\/v2\/media\/5725"}],"wp:attachment":[{"href":"https:\/\/secihouse.lt\/index.php\/wp-json\/wp\/v2\/media?parent=5712"}],"wp:term":[{"taxonomy":"product_brand","embeddable":true,"href":"https:\/\/secihouse.lt\/index.php\/wp-json\/wp\/v2\/product_brand?post=5712"},{"taxonomy":"product_cat","embeddable":true,"href":"https:\/\/secihouse.lt\/index.php\/wp-json\/wp\/v2\/product_cat?post=5712"},{"taxonomy":"product_tag","embeddable":true,"href":"https:\/\/secihouse.lt\/index.php\/wp-json\/wp\/v2\/product_tag?post=5712"}],"curies":[{"name":"wp","href":"https:\/\/api.w.org\/{rel}","templated":true}]}}