{"id":5692,"date":"2023-03-13T17:08:14","date_gmt":"2023-03-13T15:08:14","guid":{"rendered":"https:\/\/secihouse.lt\/?post_type=product&#038;p=5692"},"modified":"2025-03-31T11:30:32","modified_gmt":"2025-03-31T09:30:32","slug":"maileg-metaliniai-marguciai-2vnt","status":"publish","type":"product","link":"https:\/\/secihouse.lt\/index.php\/product\/maileg-metaliniai-marguciai-2vnt\/","title":{"rendered":"MAILEG Metaliniai margu\u010diai &#8211; 2vnt."},"content":{"rendered":"<p>Dvej\u0173 metalini\u0173 margu\u010di\u0173 rinkinys.<\/p>\n<p>Norisi unikaliai padovanoti dovan\u0117l\u0119 ? Tai margutis, tikrai paliks \u012fsp\u016bd\u017ei\u0173 daug daugiau nei dovan\u0173 krep\u0161elis. \u012e margut\u012f puikiai tilps Maileg k\u016bdikis zuikutis, peliukas ar kiti smulkesni dalyk\u0117liai, o v\u0117liau gali b\u016bti kambario dekoracija :).<\/p>\n<p>&nbsp;<\/p>\n<p>&nbsp;<\/p>\n<p><strong>Dydis: \u00a0<\/strong>Didelis kiau\u0161inis 14cm\/ Ma\u017eas kiau\u0161inis 11cm<\/p>\n<p><strong>Rekomenduojamas am\u017eius: <\/strong>3+ met\u0173<\/p>\n<p><strong>Prie\u017ei\u016bra:\u00a0<\/strong>Sausas valymas<\/p>\n<p><strong>Med\u017eiaga: \u00a0<\/strong>Metalas<\/p>\n<p>&nbsp;<\/p>\n","protected":false},"excerpt":{"rendered":"<p>Dvej\u0173 metalini\u0173 margu\u010di\u0173 rinkinys. Norisi unikaliai padovanoti dovan\u0117l\u0119 ? Tai margutis, tikrai paliks \u012fsp\u016bd\u017ei\u0173 daug daugiau nei dovan\u0173 krep\u0161elis. \u012e margut\u012f puikiai tilps Maileg k\u016bdikis zuikutis, peliukas ar kiti smulkesni dalyk\u0117liai, o v\u0117liau gali b\u016bti kambario dekoracija :). &nbsp; &nbsp; Dydis: \u00a0Didelis kiau\u0161inis 14cm\/ Ma\u017eas kiau\u0161inis 11cm Rekomenduojamas am\u017eius: 3+ met\u0173 Prie\u017ei\u016bra:\u00a0Sausas valymas Med\u017eiaga: \u00a0Metalas [&hellip;]<\/p>\n","protected":false},"featured_media":5693,"template":"","meta":[],"product_brand":[],"product_cat":[61],"product_tag":[43,210,209,72,208,211],"class_list":{"0":"post-5692","1":"product","2":"type-product","3":"status-publish","4":"has-post-thumbnail","6":"product_cat-maileg-kolekcija","7":"product_tag-maileg","8":"product_tag-maileg-dekoracija","9":"product_tag-maileg-kiausinis","10":"product_tag-maileg-kolekcija","11":"product_tag-maileg-margutis","12":"product_tag-maileg-velykos","13":"","15":"first","16":"instock","17":"taxable","18":"shipping-taxable","19":"purchasable","20":"product-type-simple"},"_links":{"self":[{"href":"https:\/\/secihouse.lt\/index.php\/wp-json\/wp\/v2\/product\/5692","targetHints":{"allow":["GET"]}}],"collection":[{"href":"https:\/\/secihouse.lt\/index.php\/wp-json\/wp\/v2\/product"}],"about":[{"href":"https:\/\/secihouse.lt\/index.php\/wp-json\/wp\/v2\/types\/product"}],"wp:featuredmedia":[{"embeddable":true,"href":"https:\/\/secihouse.lt\/index.php\/wp-json\/wp\/v2\/media\/5693"}],"wp:attachment":[{"href":"https:\/\/secihouse.lt\/index.php\/wp-json\/wp\/v2\/media?parent=5692"}],"wp:term":[{"taxonomy":"product_brand","embeddable":true,"href":"https:\/\/secihouse.lt\/index.php\/wp-json\/wp\/v2\/product_brand?post=5692"},{"taxonomy":"product_cat","embeddable":true,"href":"https:\/\/secihouse.lt\/index.php\/wp-json\/wp\/v2\/product_cat?post=5692"},{"taxonomy":"product_tag","embeddable":true,"href":"https:\/\/secihouse.lt\/index.php\/wp-json\/wp\/v2\/product_tag?post=5692"}],"curies":[{"name":"wp","href":"https:\/\/api.w.org\/{rel}","templated":true}]}}