{"id":5671,"date":"2023-03-13T16:03:22","date_gmt":"2023-03-13T14:03:22","guid":{"rendered":"https:\/\/secihouse.lt\/?post_type=product&#038;p=5671"},"modified":"2023-10-12T18:01:28","modified_gmt":"2023-10-12T16:01:28","slug":"maileg-padavejas-peliukas","status":"publish","type":"product","link":"https:\/\/secihouse.lt\/index.php\/product\/maileg-padavejas-peliukas\/","title":{"rendered":"MAILEG Padav\u0117jas peliukas"},"content":{"rendered":"<p>Darb\u0161tusis padav\u0117jas yra puikus pagalbininkas, bet kuriame vakar\u0117lyje ar karali\u0161koje \u0161eimoje. Pelyt\u0117s apranga tikroji klasika, o rankyt\u0117se yra magnetukai, kuri\u0173 d\u0117ka lengviau bus laikyti visus metalinius indus.<\/p>\n<p>&nbsp;<\/p>\n<p><strong>Dydis: \u00a0<\/strong>15cm<\/p>\n<p><strong>Rekomenduojamas am\u017eius: <\/strong>3+ met\u0173<\/p>\n<p><strong>Prie\u017ei\u016bra:\u00a0<\/strong>Skalbti 30\u00b0C<\/p>\n<p><strong>Med\u017eiaga: \u00a0<\/strong>Medviln\u0117<\/p>\n<p><strong>U\u017epildas:\u00a0<\/strong>Perdirbtas poliesteris, Plastiko granul\u0117s<\/p>\n","protected":false},"excerpt":{"rendered":"<p>Darb\u0161tusis padav\u0117jas yra puikus pagalbininkas, bet kuriame vakar\u0117lyje ar karali\u0161koje \u0161eimoje. Pelyt\u0117s apranga tikroji klasika, o rankyt\u0117se yra magnetukai, kuri\u0173 d\u0117ka lengviau bus laikyti visus metalinius indus. &nbsp; Dydis: \u00a015cm Rekomenduojamas am\u017eius: 3+ met\u0173 Prie\u017ei\u016bra:\u00a0Skalbti 30\u00b0C Med\u017eiaga: \u00a0Medviln\u0117 U\u017epildas:\u00a0Perdirbtas poliesteris, Plastiko granul\u0117s<\/p>\n","protected":false},"featured_media":5672,"template":"","meta":[],"product_brand":[],"product_cat":[61],"product_tag":[43,72,96,81,203,102,42],"class_list":{"0":"post-5671","1":"product","2":"type-product","3":"status-publish","4":"has-post-thumbnail","6":"product_cat-maileg-kolekcija","7":"product_tag-maileg","8":"product_tag-maileg-kolekcija","9":"product_tag-maileg-peliukas","10":"product_tag-maileg-zaislai","11":"product_tag-pele","12":"product_tag-peliukas","13":"product_tag-zaislai","14":"","16":"first","17":"instock","18":"taxable","19":"shipping-taxable","20":"purchasable","21":"product-type-simple"},"_links":{"self":[{"href":"https:\/\/secihouse.lt\/index.php\/wp-json\/wp\/v2\/product\/5671","targetHints":{"allow":["GET"]}}],"collection":[{"href":"https:\/\/secihouse.lt\/index.php\/wp-json\/wp\/v2\/product"}],"about":[{"href":"https:\/\/secihouse.lt\/index.php\/wp-json\/wp\/v2\/types\/product"}],"wp:featuredmedia":[{"embeddable":true,"href":"https:\/\/secihouse.lt\/index.php\/wp-json\/wp\/v2\/media\/5672"}],"wp:attachment":[{"href":"https:\/\/secihouse.lt\/index.php\/wp-json\/wp\/v2\/media?parent=5671"}],"wp:term":[{"taxonomy":"product_brand","embeddable":true,"href":"https:\/\/secihouse.lt\/index.php\/wp-json\/wp\/v2\/product_brand?post=5671"},{"taxonomy":"product_cat","embeddable":true,"href":"https:\/\/secihouse.lt\/index.php\/wp-json\/wp\/v2\/product_cat?post=5671"},{"taxonomy":"product_tag","embeddable":true,"href":"https:\/\/secihouse.lt\/index.php\/wp-json\/wp\/v2\/product_tag?post=5671"}],"curies":[{"name":"wp","href":"https:\/\/api.w.org\/{rel}","templated":true}]}}