{"id":5565,"date":"2023-02-14T23:19:35","date_gmt":"2023-02-14T21:19:35","guid":{"rendered":"https:\/\/secihouse.lt\/?post_type=product&#038;p=5565"},"modified":"2026-02-15T20:57:12","modified_gmt":"2026-02-15T18:57:12","slug":"liewood-lekstes-limpanciu-dugnu-mustard-dark-rose-mix","status":"publish","type":"product","link":"https:\/\/secihouse.lt\/index.php\/product\/liewood-lekstes-limpanciu-dugnu-mustard-dark-rose-mix\/","title":{"rendered":"LIEWOOD &#8211; L\u0117k\u0161t\u0117s limpan\u010diu dugnu Mustard\/Dark Rose Mix"},"content":{"rendered":"<p>Apib\u016bdinimas:<\/p>\n<p>Limpan\u010diu dugnu l\u0117k\u0161t\u0117s ( Pakuot\u0117je 2vnt.) Tai puiki l\u0117k\u0161t\u0117, kurioje galite atskirti maist\u0105 ir taip pat puiki galimyb\u0117 pasirinkti \u012fvairias maisto grupes.<\/p>\n<p>Med\u017eiaga: 100% Silikonas<\/p>\n<p>Silikono savyb\u0117s:<\/p>\n<ul>\n<li>Be kenksming\u0173 chemini\u0173 med\u017eiag\u0173, pvz: ftalat\u0173<\/li>\n<li>Saugus s\u0105lytis su maistu<\/li>\n<li>Hipoalerginis<\/li>\n<li>Mink\u0161tas<\/li>\n<li>Stabili temperat\u016bra, kai lie\u010diasi su kar\u0161tu ir \u0161altu turiniu<\/li>\n<li>Lengva valyti<\/li>\n<\/ul>\n<p>Gamybos \u0161alis: Kinija<\/p>\n","protected":false},"excerpt":{"rendered":"<p>Apib\u016bdinimas: Limpan\u010diu dugnu l\u0117k\u0161t\u0117s ( Pakuot\u0117je 2vnt.) Tai puiki l\u0117k\u0161t\u0117, kurioje galite atskirti maist\u0105 ir taip pat puiki galimyb\u0117 pasirinkti \u012fvairias maisto grupes. Med\u017eiaga: 100% Silikonas Silikono savyb\u0117s: Be kenksming\u0173 chemini\u0173 med\u017eiag\u0173, pvz: ftalat\u0173 Saugus s\u0105lytis su maistu Hipoalerginis Mink\u0161tas Stabili temperat\u016bra, kai lie\u010diasi su kar\u0161tu ir \u0161altu turiniu Lengva valyti Gamybos \u0161alis: Kinija<\/p>\n","protected":false},"featured_media":5566,"template":"","meta":[],"product_brand":[],"product_cat":[65],"product_tag":[164,170,156,171,173,172],"class_list":{"0":"post-5565","1":"product","2":"type-product","3":"status-publish","4":"has-post-thumbnail","6":"product_cat-laikas-pietums","7":"product_tag-laikas-pietums","8":"product_tag-lekste","9":"product_tag-liewood","10":"product_tag-liewood-lekste","11":"product_tag-liewood-silikonine-lekste","12":"product_tag-silikonine-lekste","13":"","15":"first","16":"instock","17":"taxable","18":"shipping-taxable","19":"purchasable","20":"product-type-simple"},"_links":{"self":[{"href":"https:\/\/secihouse.lt\/index.php\/wp-json\/wp\/v2\/product\/5565","targetHints":{"allow":["GET"]}}],"collection":[{"href":"https:\/\/secihouse.lt\/index.php\/wp-json\/wp\/v2\/product"}],"about":[{"href":"https:\/\/secihouse.lt\/index.php\/wp-json\/wp\/v2\/types\/product"}],"wp:featuredmedia":[{"embeddable":true,"href":"https:\/\/secihouse.lt\/index.php\/wp-json\/wp\/v2\/media\/5566"}],"wp:attachment":[{"href":"https:\/\/secihouse.lt\/index.php\/wp-json\/wp\/v2\/media?parent=5565"}],"wp:term":[{"taxonomy":"product_brand","embeddable":true,"href":"https:\/\/secihouse.lt\/index.php\/wp-json\/wp\/v2\/product_brand?post=5565"},{"taxonomy":"product_cat","embeddable":true,"href":"https:\/\/secihouse.lt\/index.php\/wp-json\/wp\/v2\/product_cat?post=5565"},{"taxonomy":"product_tag","embeddable":true,"href":"https:\/\/secihouse.lt\/index.php\/wp-json\/wp\/v2\/product_tag?post=5565"}],"curies":[{"name":"wp","href":"https:\/\/api.w.org\/{rel}","templated":true}]}}