{"id":5553,"date":"2023-02-14T22:46:23","date_gmt":"2023-02-14T20:46:23","guid":{"rendered":"https:\/\/secihouse.lt\/?post_type=product&#038;p=5553"},"modified":"2023-09-13T21:30:02","modified_gmt":"2023-09-13T19:30:02","slug":"liewood-silikoniniai-seilnukai-kids-sandy","status":"publish","type":"product","link":"https:\/\/secihouse.lt\/index.php\/product\/liewood-silikoniniai-seilnukai-kids-sandy\/","title":{"rendered":"LIEWOOD &#8211; Silikoniniai seilnukai Kids\/ Sandy"},"content":{"rendered":"<p><span class=\"x4k7w5x x1h91t0o x1h9r5lt xv2umb2 x1beo9mf xaigb6o x12ejxvf x3igimt xarpa2k xedcshv x1lytzrv x1t2pt76 x7ja8zs x1qrby5j x1jfb8zj\">Apib\u016bdinimas: <\/span><\/p>\n<p>Vaiki\u0161kas seilinukas &#8211; pakuot\u0117je 2vnt.<\/p>\n<p>Prakti\u0161kas seilnukas, kuris palengvins t\u0117veli\u0173 kasdienyb\u0119.<\/p>\n<p>&nbsp;<\/p>\n<p><span class=\"x4k7w5x x1h91t0o x1h9r5lt xv2umb2 x1beo9mf xaigb6o x12ejxvf x3igimt xarpa2k xedcshv x1lytzrv x1t2pt76 x7ja8zs x1qrby5j x1jfb8zj\">* Med\u017eiaga: 100% silikonas<\/span><\/p>\n<p><span class=\"x4k7w5x x1h91t0o x1h9r5lt xv2umb2 x1beo9mf xaigb6o x12ejxvf x3igimt xarpa2k xedcshv x1lytzrv x1t2pt76 x7ja8zs x1qrby5j x1jfb8zj\">* Lengva valyti<\/span><\/p>\n<p>&nbsp;<\/p>\n<p><span class=\"x4k7w5x x1h91t0o x1h9r5lt xv2umb2 x1beo9mf xaigb6o x12ejxvf x3igimt xarpa2k xedcshv x1lytzrv x1t2pt76 x7ja8zs x1qrby5j x1jfb8zj\">Matmenys: ILGIS 29cm, PLOTIS 22cm<\/span><\/p>\n<p><span class=\"x4k7w5x x1h91t0o x1h9r5lt xv2umb2 x1beo9mf xaigb6o x12ejxvf x3igimt xarpa2k xedcshv x1lytzrv x1t2pt76 x7ja8zs x1qrby5j x1jfb8zj\">\u00a0<\/span><\/p>\n<p><span class=\"x4k7w5x x1h91t0o x1h9r5lt xv2umb2 x1beo9mf xaigb6o x12ejxvf x3igimt xarpa2k xedcshv x1lytzrv x1t2pt76 x7ja8zs x1qrby5j x1jfb8zj\">Med\u017eiagos savyb\u0117s:<\/span><\/p>\n<p><span class=\"x4k7w5x x1h91t0o x1h9r5lt xv2umb2 x1beo9mf xaigb6o x12ejxvf x3igimt xarpa2k xedcshv x1lytzrv x1t2pt76 x7ja8zs x1qrby5j x1jfb8zj\">* Be kenksming\u0173 chemini\u0173 med\u017eiag\u0173<\/span><\/p>\n<p><span class=\"x4k7w5x x1h91t0o x1h9r5lt xv2umb2 x1beo9mf xaigb6o x12ejxvf x3igimt xarpa2k xedcshv x1lytzrv x1t2pt76 x7ja8zs x1qrby5j x1jfb8zj\">* Mink\u0161tas \/ nel\u016b\u017eta nukritus, Stabili temperat\u016bra, kai lie\u010diasi su kar\u0161tu ir \u0161altu turiniu, Lengva valyti.\u00a0<\/span><\/p>\n<p><span class=\"x4k7w5x x1h91t0o x1h9r5lt xv2umb2 x1beo9mf xaigb6o x12ejxvf x3igimt xarpa2k xedcshv x1lytzrv x1t2pt76 x7ja8zs x1qrby5j x1jfb8zj\">Gamybos \u0161alis: Kinija<\/span><\/p>\n<p>&nbsp;<\/p>\n","protected":false},"excerpt":{"rendered":"<p>Apib\u016bdinimas: Vaiki\u0161kas seilinukas &#8211; pakuot\u0117je 2vnt. Prakti\u0161kas seilnukas, kuris palengvins t\u0117veli\u0173 kasdienyb\u0119. &nbsp; * Med\u017eiaga: 100% silikonas * Lengva valyti &nbsp; Matmenys: ILGIS 29cm, PLOTIS 22cm \u00a0 Med\u017eiagos savyb\u0117s: * Be kenksming\u0173 chemini\u0173 med\u017eiag\u0173 * Mink\u0161tas \/ nel\u016b\u017eta nukritus, Stabili temperat\u016bra, kai lie\u010diasi su kar\u0161tu ir \u0161altu turiniu, Lengva valyti.\u00a0 Gamybos \u0161alis: Kinija &nbsp;<\/p>\n","protected":false},"featured_media":5554,"template":"","meta":[],"product_brand":[],"product_cat":[65],"product_tag":[156,160,161,159,162],"class_list":{"0":"post-5553","1":"product","2":"type-product","3":"status-publish","4":"has-post-thumbnail","6":"product_cat-laikas-pietums","7":"product_tag-liewood","8":"product_tag-liewood-seilinukas","9":"product_tag-liewood-silikoninis-seilinukas","10":"product_tag-seilnukas","11":"product_tag-silikoninis-seilinukas","12":"","14":"first","15":"instock","16":"taxable","17":"shipping-taxable","18":"purchasable","19":"product-type-simple"},"_links":{"self":[{"href":"https:\/\/secihouse.lt\/index.php\/wp-json\/wp\/v2\/product\/5553","targetHints":{"allow":["GET"]}}],"collection":[{"href":"https:\/\/secihouse.lt\/index.php\/wp-json\/wp\/v2\/product"}],"about":[{"href":"https:\/\/secihouse.lt\/index.php\/wp-json\/wp\/v2\/types\/product"}],"wp:featuredmedia":[{"embeddable":true,"href":"https:\/\/secihouse.lt\/index.php\/wp-json\/wp\/v2\/media\/5554"}],"wp:attachment":[{"href":"https:\/\/secihouse.lt\/index.php\/wp-json\/wp\/v2\/media?parent=5553"}],"wp:term":[{"taxonomy":"product_brand","embeddable":true,"href":"https:\/\/secihouse.lt\/index.php\/wp-json\/wp\/v2\/product_brand?post=5553"},{"taxonomy":"product_cat","embeddable":true,"href":"https:\/\/secihouse.lt\/index.php\/wp-json\/wp\/v2\/product_cat?post=5553"},{"taxonomy":"product_tag","embeddable":true,"href":"https:\/\/secihouse.lt\/index.php\/wp-json\/wp\/v2\/product_tag?post=5553"}],"curies":[{"name":"wp","href":"https:\/\/api.w.org\/{rel}","templated":true}]}}