{"id":5510,"date":"2023-06-21T15:44:16","date_gmt":"2023-06-21T13:44:16","guid":{"rendered":"https:\/\/secihouse.lt\/?post_type=product&#038;p=5510"},"modified":"2025-11-12T18:53:05","modified_gmt":"2025-11-12T16:53:05","slug":"maileg-didysis-broliukas-dezuteje","status":"publish","type":"product","link":"https:\/\/secihouse.lt\/index.php\/product\/maileg-didysis-broliukas-dezuteje\/","title":{"rendered":"MAILEG Didysis broliukas d\u0117\u017eut\u0117je"},"content":{"rendered":"<p>Maileg klasikinis peliukas. Vis\u0173 vaiku\u010di\u0173 pamilta Maileg kolekcija, kuri sukurta \u017eaisti valand\u0173 valandas. \u0160is peliukas turi degtuk\u0173 d\u0117\u017eut\u0119, kurioje sald\u017eiai miega. \ud83d\ude42<\/p>\n<p>&nbsp;<\/p>\n<p><strong>Dydis: \u00a0<\/strong>H13cm<\/p>\n<p><strong>Rekomenduojamas am\u017eius: <\/strong>3+ met\u0173<\/p>\n<p><strong>Prie\u017ei\u016bra: <\/strong>Galima skalbti 30\u00b0C<\/p>\n<p><strong>Med\u017eiaga: \u00a0<\/strong>Medviln\u0117<\/p>\n<p><strong>U\u017epildas: <\/strong>Perdirbtas poliesteris, plastiko granul\u0117s<\/p>\n","protected":false},"excerpt":{"rendered":"<p>Maileg klasikinis peliukas. Vis\u0173 vaiku\u010di\u0173 pamilta Maileg kolekcija, kuri sukurta \u017eaisti valand\u0173 valandas. \u0160is peliukas turi degtuk\u0173 d\u0117\u017eut\u0119, kurioje sald\u017eiai miega. \ud83d\ude42 &nbsp; Dydis: \u00a0H13cm Rekomenduojamas am\u017eius: 3+ met\u0173 Prie\u017ei\u016bra: Galima skalbti 30\u00b0C Med\u017eiaga: \u00a0Medviln\u0117 U\u017epildas: Perdirbtas poliesteris, plastiko granul\u0117s<\/p>\n","protected":false},"featured_media":5511,"template":"","meta":[],"product_brand":[],"product_cat":[61,186],"product_tag":[43,72,142,96,143],"class_list":{"0":"post-5510","1":"product","2":"type-product","3":"status-publish","4":"has-post-thumbnail","6":"product_cat-maileg-kolekcija","7":"product_cat-naujienos","8":"product_tag-maileg","9":"product_tag-maileg-kolekcija","10":"product_tag-maileg-mouse","11":"product_tag-maileg-peliukas","12":"product_tag-peliukas-dezuteje","13":"","15":"first","16":"instock","17":"taxable","18":"shipping-taxable","19":"purchasable","20":"product-type-simple"},"_links":{"self":[{"href":"https:\/\/secihouse.lt\/index.php\/wp-json\/wp\/v2\/product\/5510","targetHints":{"allow":["GET"]}}],"collection":[{"href":"https:\/\/secihouse.lt\/index.php\/wp-json\/wp\/v2\/product"}],"about":[{"href":"https:\/\/secihouse.lt\/index.php\/wp-json\/wp\/v2\/types\/product"}],"wp:featuredmedia":[{"embeddable":true,"href":"https:\/\/secihouse.lt\/index.php\/wp-json\/wp\/v2\/media\/5511"}],"wp:attachment":[{"href":"https:\/\/secihouse.lt\/index.php\/wp-json\/wp\/v2\/media?parent=5510"}],"wp:term":[{"taxonomy":"product_brand","embeddable":true,"href":"https:\/\/secihouse.lt\/index.php\/wp-json\/wp\/v2\/product_brand?post=5510"},{"taxonomy":"product_cat","embeddable":true,"href":"https:\/\/secihouse.lt\/index.php\/wp-json\/wp\/v2\/product_cat?post=5510"},{"taxonomy":"product_tag","embeddable":true,"href":"https:\/\/secihouse.lt\/index.php\/wp-json\/wp\/v2\/product_tag?post=5510"}],"curies":[{"name":"wp","href":"https:\/\/api.w.org\/{rel}","templated":true}]}}