{"id":5505,"date":"2023-06-21T15:44:51","date_gmt":"2023-06-21T13:44:51","guid":{"rendered":"https:\/\/secihouse.lt\/?post_type=product&#038;p=5505"},"modified":"2026-03-07T19:52:05","modified_gmt":"2026-03-07T17:52:05","slug":"maileg-didzioji-sesute-dezuteje","status":"publish","type":"product","link":"https:\/\/secihouse.lt\/index.php\/product\/maileg-didzioji-sesute-dezuteje\/","title":{"rendered":"MAILEG Did\u017eioji sesut\u0117 d\u0117\u017eut\u0117je"},"content":{"rendered":"<p>Maileg klasikin\u0117 pelyt\u0117. Vis\u0173 vaiku\u010di\u0173 pamilta Maileg kolekcija, kuri sukurta \u017eaisti valand\u0173 valandas. \u0160i pelyt\u0117 turi degtuk\u0173 d\u0117\u017eut\u0119, kurioje sald\u017eiai miega. \ud83d\ude42<\/p>\n<p>&nbsp;<\/p>\n<p><strong>Dydis: \u00a0<\/strong>H13cm<\/p>\n<p><strong>Rekomenduojamas am\u017eius: <\/strong>3+ met\u0173<\/p>\n<p><strong>Prie\u017ei\u016bra: <\/strong>Galima skalbti 30\u00b0C<\/p>\n<p><strong>Med\u017eiaga: \u00a0<\/strong>Medviln\u0117<\/p>\n<p><strong>U\u017epildas: <\/strong>Perdirbtas poliesteris, plastiko granul\u0117s<\/p>\n","protected":false},"excerpt":{"rendered":"<p>Maileg klasikin\u0117 pelyt\u0117. Vis\u0173 vaiku\u010di\u0173 pamilta Maileg kolekcija, kuri sukurta \u017eaisti valand\u0173 valandas. \u0160i pelyt\u0117 turi degtuk\u0173 d\u0117\u017eut\u0119, kurioje sald\u017eiai miega. \ud83d\ude42 &nbsp; Dydis: \u00a0H13cm Rekomenduojamas am\u017eius: 3+ met\u0173 Prie\u017ei\u016bra: Galima skalbti 30\u00b0C Med\u017eiaga: \u00a0Medviln\u0117 U\u017epildas: Perdirbtas poliesteris, plastiko granul\u0117s<\/p>\n","protected":false},"featured_media":5506,"template":"","meta":[],"product_brand":[],"product_cat":[61,186],"product_tag":[43,72,141,140,96,94],"class_list":{"0":"post-5505","1":"product","2":"type-product","3":"status-publish","4":"has-post-thumbnail","6":"product_cat-maileg-kolekcija","7":"product_cat-naujienos","8":"product_tag-maileg","9":"product_tag-maileg-kolekcija","10":"product_tag-maileg-pele","11":"product_tag-maileg-pele-dezuteje","12":"product_tag-maileg-peliukas","13":"product_tag-maileg-pelyte","14":"","16":"first","17":"instock","18":"taxable","19":"shipping-taxable","20":"purchasable","21":"product-type-simple"},"_links":{"self":[{"href":"https:\/\/secihouse.lt\/index.php\/wp-json\/wp\/v2\/product\/5505","targetHints":{"allow":["GET"]}}],"collection":[{"href":"https:\/\/secihouse.lt\/index.php\/wp-json\/wp\/v2\/product"}],"about":[{"href":"https:\/\/secihouse.lt\/index.php\/wp-json\/wp\/v2\/types\/product"}],"wp:featuredmedia":[{"embeddable":true,"href":"https:\/\/secihouse.lt\/index.php\/wp-json\/wp\/v2\/media\/5506"}],"wp:attachment":[{"href":"https:\/\/secihouse.lt\/index.php\/wp-json\/wp\/v2\/media?parent=5505"}],"wp:term":[{"taxonomy":"product_brand","embeddable":true,"href":"https:\/\/secihouse.lt\/index.php\/wp-json\/wp\/v2\/product_brand?post=5505"},{"taxonomy":"product_cat","embeddable":true,"href":"https:\/\/secihouse.lt\/index.php\/wp-json\/wp\/v2\/product_cat?post=5505"},{"taxonomy":"product_tag","embeddable":true,"href":"https:\/\/secihouse.lt\/index.php\/wp-json\/wp\/v2\/product_tag?post=5505"}],"curies":[{"name":"wp","href":"https:\/\/api.w.org\/{rel}","templated":true}]}}