{"id":5496,"date":"2023-06-21T15:45:33","date_gmt":"2023-06-21T13:45:33","guid":{"rendered":"https:\/\/secihouse.lt\/?post_type=product&#038;p=5496"},"modified":"2025-12-18T13:56:29","modified_gmt":"2025-12-18T11:56:29","slug":"maileg-nesiojimas-lopsys-sand","status":"publish","type":"product","link":"https:\/\/secihouse.lt\/index.php\/product\/maileg-nesiojimas-lopsys-sand\/","title":{"rendered":"MAILEG Ne\u0161iojimas lop\u0161ys &#8211; Sand"},"content":{"rendered":"<p>Ne\u0161iojamasis lop\u0161ys visiems pliu\u0161iniams \u017eaisliukams.<\/p>\n<p>&nbsp;<\/p>\n<p><strong>Dydis: \u00a0<\/strong>H17cm x 14cm<\/p>\n<p><strong>Rekomenduojamas am\u017eius: <\/strong>3+ met\u0173<\/p>\n<p><strong>Prie\u017ei\u016bra: <\/strong>Galima skalbti 30\u00b0C<\/p>\n<p><strong>Med\u017eiaga: \u00a0<\/strong>Medviln\u0117, Poliesteris<\/p>\n<p><strong>U\u017epildas:\u00a0<\/strong>Poliesteris<\/p>\n","protected":false},"excerpt":{"rendered":"<p>Ne\u0161iojamasis lop\u0161ys visiems pliu\u0161iniams \u017eaisliukams. &nbsp; Dydis: \u00a0H17cm x 14cm Rekomenduojamas am\u017eius: 3+ met\u0173 Prie\u017ei\u016bra: Galima skalbti 30\u00b0C Med\u017eiaga: \u00a0Medviln\u0117, Poliesteris U\u017epildas:\u00a0Poliesteris<\/p>\n","protected":false},"featured_media":5497,"template":"","meta":[],"product_brand":[],"product_cat":[61,186],"product_tag":[43,107,72,136],"class_list":{"0":"post-5496","1":"product","2":"type-product","3":"status-publish","4":"has-post-thumbnail","6":"product_cat-maileg-kolekcija","7":"product_cat-naujienos","8":"product_tag-maileg","9":"product_tag-maileg-aksesuarai","10":"product_tag-maileg-kolekcija","11":"product_tag-maileg-lopsys","12":"","14":"first","15":"outofstock","16":"taxable","17":"shipping-taxable","18":"purchasable","19":"product-type-simple"},"_links":{"self":[{"href":"https:\/\/secihouse.lt\/index.php\/wp-json\/wp\/v2\/product\/5496","targetHints":{"allow":["GET"]}}],"collection":[{"href":"https:\/\/secihouse.lt\/index.php\/wp-json\/wp\/v2\/product"}],"about":[{"href":"https:\/\/secihouse.lt\/index.php\/wp-json\/wp\/v2\/types\/product"}],"wp:featuredmedia":[{"embeddable":true,"href":"https:\/\/secihouse.lt\/index.php\/wp-json\/wp\/v2\/media\/5497"}],"wp:attachment":[{"href":"https:\/\/secihouse.lt\/index.php\/wp-json\/wp\/v2\/media?parent=5496"}],"wp:term":[{"taxonomy":"product_brand","embeddable":true,"href":"https:\/\/secihouse.lt\/index.php\/wp-json\/wp\/v2\/product_brand?post=5496"},{"taxonomy":"product_cat","embeddable":true,"href":"https:\/\/secihouse.lt\/index.php\/wp-json\/wp\/v2\/product_cat?post=5496"},{"taxonomy":"product_tag","embeddable":true,"href":"https:\/\/secihouse.lt\/index.php\/wp-json\/wp\/v2\/product_tag?post=5496"}],"curies":[{"name":"wp","href":"https:\/\/api.w.org\/{rel}","templated":true}]}}