{"id":5468,"date":"2023-02-13T23:07:16","date_gmt":"2023-02-13T21:07:16","guid":{"rendered":"https:\/\/secihouse.lt\/?post_type=product&#038;p=5468"},"modified":"2024-09-22T15:12:11","modified_gmt":"2024-09-22T13:12:11","slug":"maileg-skalbiniu-dziovykle","status":"publish","type":"product","link":"https:\/\/secihouse.lt\/index.php\/product\/maileg-skalbiniu-dziovykle\/","title":{"rendered":"MAILEG Skalbini\u0173 d\u017eiovykl\u0117"},"content":{"rendered":"<p>Visos \u0161eimos turi daug skalbini\u0173 ir nei\u0161imtis Maileg persona\u017eams. \u012e \u0161\u012f rinkin\u012f \u012feina d\u017eiovinimo stovas ir nedideli mediniai segtukai.<\/p>\n<p>&nbsp;<\/p>\n<p><strong>Dydis: \u00a0<\/strong>H8cm x 11cm<\/p>\n<p><strong>Rekomenduojamas am\u017eius: <\/strong>3+ met\u0173<\/p>\n<p><strong>Prie\u017ei\u016bra:\u00a0<\/strong>Pavir\u0161iaus valymas<\/p>\n<p><strong>Med\u017eiaga: \u00a0<\/strong>Metalas, Medis<\/p>\n","protected":false},"excerpt":{"rendered":"<p>Visos \u0161eimos turi daug skalbini\u0173 ir nei\u0161imtis Maileg persona\u017eams. \u012e \u0161\u012f rinkin\u012f \u012feina d\u017eiovinimo stovas ir nedideli mediniai segtukai. &nbsp; Dydis: \u00a0H8cm x 11cm Rekomenduojamas am\u017eius: 3+ met\u0173 Prie\u017ei\u016bra:\u00a0Pavir\u0161iaus valymas Med\u017eiaga: \u00a0Metalas, Medis<\/p>\n","protected":false},"featured_media":5469,"template":"","meta":[],"product_brand":[],"product_cat":[61],"product_tag":[43,107,69,72,85,125],"class_list":{"0":"post-5468","1":"product","2":"type-product","3":"status-publish","4":"has-post-thumbnail","6":"product_cat-maileg-kolekcija","7":"product_tag-maileg","8":"product_tag-maileg-aksesuarai","9":"product_tag-maileg-baldai","10":"product_tag-maileg-kolekcija","11":"product_tag-maileg-namai","12":"product_tag-maileg-pelytems","13":"","15":"first","16":"instock","17":"taxable","18":"shipping-taxable","19":"purchasable","20":"product-type-simple"},"_links":{"self":[{"href":"https:\/\/secihouse.lt\/index.php\/wp-json\/wp\/v2\/product\/5468","targetHints":{"allow":["GET"]}}],"collection":[{"href":"https:\/\/secihouse.lt\/index.php\/wp-json\/wp\/v2\/product"}],"about":[{"href":"https:\/\/secihouse.lt\/index.php\/wp-json\/wp\/v2\/types\/product"}],"wp:featuredmedia":[{"embeddable":true,"href":"https:\/\/secihouse.lt\/index.php\/wp-json\/wp\/v2\/media\/5469"}],"wp:attachment":[{"href":"https:\/\/secihouse.lt\/index.php\/wp-json\/wp\/v2\/media?parent=5468"}],"wp:term":[{"taxonomy":"product_brand","embeddable":true,"href":"https:\/\/secihouse.lt\/index.php\/wp-json\/wp\/v2\/product_brand?post=5468"},{"taxonomy":"product_cat","embeddable":true,"href":"https:\/\/secihouse.lt\/index.php\/wp-json\/wp\/v2\/product_cat?post=5468"},{"taxonomy":"product_tag","embeddable":true,"href":"https:\/\/secihouse.lt\/index.php\/wp-json\/wp\/v2\/product_tag?post=5468"}],"curies":[{"name":"wp","href":"https:\/\/api.w.org\/{rel}","templated":true}]}}