{"id":5465,"date":"2023-02-13T23:01:31","date_gmt":"2023-02-13T21:01:31","guid":{"rendered":"https:\/\/secihouse.lt\/?post_type=product&#038;p=5465"},"modified":"2026-05-01T19:28:42","modified_gmt":"2026-05-01T17:28:42","slug":"maileg-vystymo-stalas-peliukams-rose","status":"publish","type":"product","link":"https:\/\/secihouse.lt\/index.php\/product\/maileg-vystymo-stalas-peliukams-rose\/","title":{"rendered":"MAILEG Vystymo stalas peliukams &#8211; Rose"},"content":{"rendered":"<p>Staliukas turi prakti\u0161kas ki\u0161enes \u0161one, kuriose rasite nedidel\u012f bar\u0161kut\u012f ir k\u016bdiki\u0173 losijono t\u016bbel\u0119.<\/p>\n<p>&nbsp;<\/p>\n<p><strong>Dydis: \u00a0<\/strong>H7.5cm x 7.5cm<\/p>\n<p><strong>Rekomenduojamas am\u017eius: <\/strong>3+ met\u0173<\/p>\n<p><strong>Prie\u017ei\u016bra:\u00a0<\/strong>Pavir\u0161iaus valymas<\/p>\n<p><strong>Med\u017eiaga: \u00a0<\/strong>Medviln\u0117, Metalas<\/p>\n","protected":false},"excerpt":{"rendered":"<p>Staliukas turi prakti\u0161kas ki\u0161enes \u0161one, kuriose rasite nedidel\u012f bar\u0161kut\u012f ir k\u016bdiki\u0173 losijono t\u016bbel\u0119. &nbsp; Dydis: \u00a0H7.5cm x 7.5cm Rekomenduojamas am\u017eius: 3+ met\u0173 Prie\u017ei\u016bra:\u00a0Pavir\u0161iaus valymas Med\u017eiaga: \u00a0Medviln\u0117, Metalas<\/p>\n","protected":false},"featured_media":5466,"template":"","meta":[],"product_brand":[],"product_cat":[61],"product_tag":[43,69,72,123,124],"class_list":{"0":"post-5465","1":"product","2":"type-product","3":"status-publish","4":"has-post-thumbnail","6":"product_cat-maileg-kolekcija","7":"product_tag-maileg","8":"product_tag-maileg-baldai","9":"product_tag-maileg-kolekcija","10":"product_tag-maileg-pelyte-kudikis","11":"product_tag-maileg-vystymo-stalas","12":"","14":"first","15":"instock","16":"taxable","17":"shipping-taxable","18":"purchasable","19":"product-type-simple"},"_links":{"self":[{"href":"https:\/\/secihouse.lt\/index.php\/wp-json\/wp\/v2\/product\/5465","targetHints":{"allow":["GET"]}}],"collection":[{"href":"https:\/\/secihouse.lt\/index.php\/wp-json\/wp\/v2\/product"}],"about":[{"href":"https:\/\/secihouse.lt\/index.php\/wp-json\/wp\/v2\/types\/product"}],"wp:featuredmedia":[{"embeddable":true,"href":"https:\/\/secihouse.lt\/index.php\/wp-json\/wp\/v2\/media\/5466"}],"wp:attachment":[{"href":"https:\/\/secihouse.lt\/index.php\/wp-json\/wp\/v2\/media?parent=5465"}],"wp:term":[{"taxonomy":"product_brand","embeddable":true,"href":"https:\/\/secihouse.lt\/index.php\/wp-json\/wp\/v2\/product_brand?post=5465"},{"taxonomy":"product_cat","embeddable":true,"href":"https:\/\/secihouse.lt\/index.php\/wp-json\/wp\/v2\/product_cat?post=5465"},{"taxonomy":"product_tag","embeddable":true,"href":"https:\/\/secihouse.lt\/index.php\/wp-json\/wp\/v2\/product_tag?post=5465"}],"curies":[{"name":"wp","href":"https:\/\/api.w.org\/{rel}","templated":true}]}}