{"id":5438,"date":"2023-02-13T20:50:16","date_gmt":"2023-02-13T18:50:16","guid":{"rendered":"https:\/\/secihouse.lt\/?post_type=product&#038;p=5438"},"modified":"2024-12-02T12:55:53","modified_gmt":"2024-12-02T10:55:53","slug":"maileg-virtuves-sefas-chef-mouse","status":"publish","type":"product","link":"https:\/\/secihouse.lt\/index.php\/product\/maileg-virtuves-sefas-chef-mouse\/","title":{"rendered":"MAILEG virtuv\u0117s \u0161efas &#8211; Chef mouse"},"content":{"rendered":"<p>Puikus peliukas \u0161efas, kuris kiekvienam Maileg persona\u017eui pagamins skaniausiai.<\/p>\n<p>&nbsp;<\/p>\n<p><strong>Dydis: \u00a0<\/strong>9cm<\/p>\n<p><strong>Rekomenduojamas am\u017eius: <\/strong>3+ met\u0173<\/p>\n<p><strong>Prie\u017ei\u016bra:\u00a0<\/strong>Skalbti 30\u00b0C<\/p>\n<p><strong>Med\u017eiaga: \u00a0<\/strong>Medviln\u0117, Metalas, Medis<\/p>\n<p><strong>U\u017epildas:\u00a0<\/strong>Perdirbtas poliesteris, Plastiko granul\u0117s<\/p>\n<p>&nbsp;<\/p>\n","protected":false},"excerpt":{"rendered":"<p>Puikus peliukas \u0161efas, kuris kiekvienam Maileg persona\u017eui pagamins skaniausiai. &nbsp; Dydis: \u00a09cm Rekomenduojamas am\u017eius: 3+ met\u0173 Prie\u017ei\u016bra:\u00a0Skalbti 30\u00b0C Med\u017eiaga: \u00a0Medviln\u0117, Metalas, Medis U\u017epildas:\u00a0Perdirbtas poliesteris, Plastiko granul\u0117s &nbsp;<\/p>\n","protected":false},"featured_media":5439,"template":"","meta":[],"product_brand":[],"product_cat":[61],"product_tag":[43,72,102,105],"class_list":{"0":"post-5438","1":"product","2":"type-product","3":"status-publish","4":"has-post-thumbnail","6":"product_cat-maileg-kolekcija","7":"product_tag-maileg","8":"product_tag-maileg-kolekcija","9":"product_tag-peliukas","10":"product_tag-peliukas-sefas","11":"","13":"first","14":"instock","15":"taxable","16":"shipping-taxable","17":"purchasable","18":"product-type-simple"},"_links":{"self":[{"href":"https:\/\/secihouse.lt\/index.php\/wp-json\/wp\/v2\/product\/5438","targetHints":{"allow":["GET"]}}],"collection":[{"href":"https:\/\/secihouse.lt\/index.php\/wp-json\/wp\/v2\/product"}],"about":[{"href":"https:\/\/secihouse.lt\/index.php\/wp-json\/wp\/v2\/types\/product"}],"wp:featuredmedia":[{"embeddable":true,"href":"https:\/\/secihouse.lt\/index.php\/wp-json\/wp\/v2\/media\/5439"}],"wp:attachment":[{"href":"https:\/\/secihouse.lt\/index.php\/wp-json\/wp\/v2\/media?parent=5438"}],"wp:term":[{"taxonomy":"product_brand","embeddable":true,"href":"https:\/\/secihouse.lt\/index.php\/wp-json\/wp\/v2\/product_brand?post=5438"},{"taxonomy":"product_cat","embeddable":true,"href":"https:\/\/secihouse.lt\/index.php\/wp-json\/wp\/v2\/product_cat?post=5438"},{"taxonomy":"product_tag","embeddable":true,"href":"https:\/\/secihouse.lt\/index.php\/wp-json\/wp\/v2\/product_tag?post=5438"}],"curies":[{"name":"wp","href":"https:\/\/api.w.org\/{rel}","templated":true}]}}