{"id":5430,"date":"2023-02-13T20:41:45","date_gmt":"2023-02-13T18:41:45","guid":{"rendered":"https:\/\/secihouse.lt\/?post_type=product&#038;p=5430"},"modified":"2026-03-07T19:52:06","modified_gmt":"2026-03-07T17:52:06","slug":"maileg-didysis-brolis-su-kuprine","status":"publish","type":"product","link":"https:\/\/secihouse.lt\/index.php\/product\/maileg-didysis-brolis-su-kuprine\/","title":{"rendered":"MAILEG Didysis brolis su kuprine"},"content":{"rendered":"<p>Didysis brolis peliukas pasiruo\u0161\u0119s dien\u0105 praleisti dar\u017eelyje ar mokykloje, o ant nugaros ne\u0161iojasi labai miel\u0105 kuprinyt\u0119. Rankyt\u0117se peliukas turi magnetukus, kad gal\u0117t\u0173 vairuoti triratuk\u0105, kad grei\u010diau pasiekt\u0173 tiksl\u0105.<\/p>\n<p>&nbsp;<\/p>\n<p>&nbsp;<\/p>\n<p><strong>Dydis: \u00a0<\/strong>13cm<\/p>\n<p><strong>Rekomenduojamas am\u017eius: <\/strong>3+ met\u0173<\/p>\n<p><strong>Prie\u017ei\u016bra:\u00a0<\/strong>Skalbti 30\u00b0C<\/p>\n<p><strong>Med\u017eiaga: \u00a0<\/strong>Medviln\u0117, Poliesteris<\/p>\n<p><strong>U\u017epildas:\u00a0<\/strong>Perdirbtas poliesteris, Plastiko granul\u0117s<\/p>\n<p>&nbsp;<\/p>\n<p>&nbsp;<\/p>\n","protected":false},"excerpt":{"rendered":"<p>Didysis brolis peliukas pasiruo\u0161\u0119s dien\u0105 praleisti dar\u017eelyje ar mokykloje, o ant nugaros ne\u0161iojasi labai miel\u0105 kuprinyt\u0119. Rankyt\u0117se peliukas turi magnetukus, kad gal\u0117t\u0173 vairuoti triratuk\u0105, kad grei\u010diau pasiekt\u0173 tiksl\u0105. &nbsp; &nbsp; Dydis: \u00a013cm Rekomenduojamas am\u017eius: 3+ met\u0173 Prie\u017ei\u016bra:\u00a0Skalbti 30\u00b0C Med\u017eiaga: \u00a0Medviln\u0117, Poliesteris U\u017epildas:\u00a0Perdirbtas poliesteris, Plastiko granul\u0117s &nbsp; &nbsp;<\/p>\n","protected":false},"featured_media":5431,"template":"","meta":[],"product_brand":[],"product_cat":[61],"product_tag":[43,99,100,96,102,101],"class_list":{"0":"post-5430","1":"product","2":"type-product","3":"status-publish","4":"has-post-thumbnail","6":"product_cat-maileg-kolekcija","7":"product_tag-maileg","8":"product_tag-maileg-brolis","9":"product_tag-maileg-didysis-brolis","10":"product_tag-maileg-peliukas","11":"product_tag-peliukas","12":"product_tag-peliukas-su-kuprine","13":"","15":"first","16":"outofstock","17":"taxable","18":"shipping-taxable","19":"purchasable","20":"product-type-simple"},"_links":{"self":[{"href":"https:\/\/secihouse.lt\/index.php\/wp-json\/wp\/v2\/product\/5430","targetHints":{"allow":["GET"]}}],"collection":[{"href":"https:\/\/secihouse.lt\/index.php\/wp-json\/wp\/v2\/product"}],"about":[{"href":"https:\/\/secihouse.lt\/index.php\/wp-json\/wp\/v2\/types\/product"}],"wp:featuredmedia":[{"embeddable":true,"href":"https:\/\/secihouse.lt\/index.php\/wp-json\/wp\/v2\/media\/5431"}],"wp:attachment":[{"href":"https:\/\/secihouse.lt\/index.php\/wp-json\/wp\/v2\/media?parent=5430"}],"wp:term":[{"taxonomy":"product_brand","embeddable":true,"href":"https:\/\/secihouse.lt\/index.php\/wp-json\/wp\/v2\/product_brand?post=5430"},{"taxonomy":"product_cat","embeddable":true,"href":"https:\/\/secihouse.lt\/index.php\/wp-json\/wp\/v2\/product_cat?post=5430"},{"taxonomy":"product_tag","embeddable":true,"href":"https:\/\/secihouse.lt\/index.php\/wp-json\/wp\/v2\/product_tag?post=5430"}],"curies":[{"name":"wp","href":"https:\/\/api.w.org\/{rel}","templated":true}]}}