{"id":5393,"date":"2023-02-13T19:16:38","date_gmt":"2023-02-13T17:16:38","guid":{"rendered":"https:\/\/secihouse.lt\/?post_type=product&#038;p=5393"},"modified":"2024-09-22T15:12:11","modified_gmt":"2024-09-22T13:12:11","slug":"maileg-maisto-produktai","status":"publish","type":"product","link":"https:\/\/secihouse.lt\/index.php\/product\/maileg-maisto-produktai\/","title":{"rendered":"MAILEG Maisto produktai"},"content":{"rendered":"<p>Maistukas nuo kurio Maileg gyv\u016bn\u0117liai tikrai liks sot\u016bs. \u012e \u0161\u012f maisto rinkinuk\u0105 \u012feina: majonezas, pienas, medaus indelis, de\u0161ra, 4 led\u0173 lazdel\u0117s, kiau\u0161ini\u0173 d\u0117\u017eut\u0117, 2 gazuoto g\u0117rimo skardin\u0117s ir s\u016bris.<\/p>\n<p><strong>Dydis:\u00a0<\/strong>H5.5cm x6cm<\/p>\n<p><strong>Rekomenduojamas am\u017eius:\u00a0<\/strong>3+ am\u017eiaus<\/p>\n<p><strong>Prie\u017ei\u016bra:\u00a0<\/strong>Pavir\u0161iaus valymas<\/p>\n<p><strong>Med\u017eiaga:\u00a0<\/strong>Polirezinas<\/p>\n<p>&nbsp;<\/p>\n<p>&nbsp;<\/p>\n","protected":false},"excerpt":{"rendered":"<p>Maistukas nuo kurio Maileg gyv\u016bn\u0117liai tikrai liks sot\u016bs. \u012e \u0161\u012f maisto rinkinuk\u0105 \u012feina: majonezas, pienas, medaus indelis, de\u0161ra, 4 led\u0173 lazdel\u0117s, kiau\u0161ini\u0173 d\u0117\u017eut\u0117, 2 gazuoto g\u0117rimo skardin\u0117s ir s\u016bris. Dydis:\u00a0H5.5cm x6cm Rekomenduojamas am\u017eius:\u00a03+ am\u017eiaus Prie\u017ei\u016bra:\u00a0Pavir\u0161iaus valymas Med\u017eiaga:\u00a0Polirezinas &nbsp; &nbsp;<\/p>\n","protected":false},"featured_media":5394,"template":"","meta":[],"product_brand":[],"product_cat":[61],"product_tag":[43,72,76],"class_list":{"0":"post-5393","1":"product","2":"type-product","3":"status-publish","4":"has-post-thumbnail","6":"product_cat-maileg-kolekcija","7":"product_tag-maileg","8":"product_tag-maileg-kolekcija","9":"product_tag-maileg-maistas","10":"","12":"first","13":"instock","14":"taxable","15":"shipping-taxable","16":"purchasable","17":"product-type-simple"},"_links":{"self":[{"href":"https:\/\/secihouse.lt\/index.php\/wp-json\/wp\/v2\/product\/5393","targetHints":{"allow":["GET"]}}],"collection":[{"href":"https:\/\/secihouse.lt\/index.php\/wp-json\/wp\/v2\/product"}],"about":[{"href":"https:\/\/secihouse.lt\/index.php\/wp-json\/wp\/v2\/types\/product"}],"wp:featuredmedia":[{"embeddable":true,"href":"https:\/\/secihouse.lt\/index.php\/wp-json\/wp\/v2\/media\/5394"}],"wp:attachment":[{"href":"https:\/\/secihouse.lt\/index.php\/wp-json\/wp\/v2\/media?parent=5393"}],"wp:term":[{"taxonomy":"product_brand","embeddable":true,"href":"https:\/\/secihouse.lt\/index.php\/wp-json\/wp\/v2\/product_brand?post=5393"},{"taxonomy":"product_cat","embeddable":true,"href":"https:\/\/secihouse.lt\/index.php\/wp-json\/wp\/v2\/product_cat?post=5393"},{"taxonomy":"product_tag","embeddable":true,"href":"https:\/\/secihouse.lt\/index.php\/wp-json\/wp\/v2\/product_tag?post=5393"}],"curies":[{"name":"wp","href":"https:\/\/api.w.org\/{rel}","templated":true}]}}