{"id":5354,"date":"2023-02-03T14:40:53","date_gmt":"2023-02-03T12:40:53","guid":{"rendered":"https:\/\/secihouse.lt\/?post_type=product&#038;p=5354"},"modified":"2024-12-02T03:14:14","modified_gmt":"2024-12-02T01:14:14","slug":"liewood-vystymo-kilimelis","status":"publish","type":"product","link":"https:\/\/secihouse.lt\/index.php\/product\/liewood-vystymo-kilimelis\/","title":{"rendered":"LIEWOOD &#8211; Vystymo Kilim\u0117lis"},"content":{"rendered":"<p>APIBUDINIMAS:<\/p>\n<p>Vystymo kilim\u0117lis tikras pagalbininkas keitimo procesui, kad viskas vykt\u0173 kuo skland\u017eiau, patogiau ir beabejo \u0161variau, kai esate toli nuo nam\u0173.<br \/>\nJis lengvas ir puikiai telpa \u012f krep\u0161\u012f arba po ve\u017eim\u0117liu.<\/p>\n<p>* Med\u017eiaga &#8211; apvalkalas: 100% perdirbtas nalionas<br \/>\n* Med\u017eiaga &#8211; pamu\u0161alas: 100% poliesteris<br \/>\n* Med\u017eiaga &#8211; u\u017epildas: 100% poliesteris<\/p>\n<p>BIONIC &#8211; FINISH ECO vanden\u012f atstumianti danga<\/p>\n<p>Vystymo kilim\u0117lyje yra:<br \/>\n* Dvi vidin\u0117s ki\u0161en\u0117s produktams laikyti.<\/p>\n<p>MATMENYS: 60x 35cm<\/p>\n","protected":false},"excerpt":{"rendered":"<p>APIBUDINIMAS: Vystymo kilim\u0117lis tikras pagalbininkas keitimo procesui, kad viskas vykt\u0173 kuo skland\u017eiau, patogiau ir beabejo \u0161variau, kai esate toli nuo nam\u0173. Jis lengvas ir puikiai telpa \u012f krep\u0161\u012f arba po ve\u017eim\u0117liu. * Med\u017eiaga &#8211; apvalkalas: 100% perdirbtas nalionas * Med\u017eiaga &#8211; pamu\u0161alas: 100% poliesteris * Med\u017eiaga &#8211; u\u017epildas: 100% poliesteris BIONIC &#8211; FINISH ECO vanden\u012f [&hellip;]<\/p>\n","protected":false},"featured_media":5355,"template":"","meta":[],"product_brand":[],"product_cat":[59],"product_tag":[],"class_list":{"0":"post-5354","1":"product","2":"type-product","3":"status-publish","4":"has-post-thumbnail","6":"product_cat-miegas-prieziura","7":"","9":"first","10":"instock","11":"taxable","12":"shipping-taxable","13":"purchasable","14":"product-type-simple"},"_links":{"self":[{"href":"https:\/\/secihouse.lt\/index.php\/wp-json\/wp\/v2\/product\/5354","targetHints":{"allow":["GET"]}}],"collection":[{"href":"https:\/\/secihouse.lt\/index.php\/wp-json\/wp\/v2\/product"}],"about":[{"href":"https:\/\/secihouse.lt\/index.php\/wp-json\/wp\/v2\/types\/product"}],"wp:featuredmedia":[{"embeddable":true,"href":"https:\/\/secihouse.lt\/index.php\/wp-json\/wp\/v2\/media\/5355"}],"wp:attachment":[{"href":"https:\/\/secihouse.lt\/index.php\/wp-json\/wp\/v2\/media?parent=5354"}],"wp:term":[{"taxonomy":"product_brand","embeddable":true,"href":"https:\/\/secihouse.lt\/index.php\/wp-json\/wp\/v2\/product_brand?post=5354"},{"taxonomy":"product_cat","embeddable":true,"href":"https:\/\/secihouse.lt\/index.php\/wp-json\/wp\/v2\/product_cat?post=5354"},{"taxonomy":"product_tag","embeddable":true,"href":"https:\/\/secihouse.lt\/index.php\/wp-json\/wp\/v2\/product_tag?post=5354"}],"curies":[{"name":"wp","href":"https:\/\/api.w.org\/{rel}","templated":true}]}}