{"id":5350,"date":"2023-02-03T14:37:06","date_gmt":"2023-02-03T12:37:06","guid":{"rendered":"https:\/\/secihouse.lt\/?post_type=product&#038;p=5350"},"modified":"2026-01-12T14:41:22","modified_gmt":"2026-01-12T12:41:22","slug":"liewood-deklas-slapioms-servetelems-vehicles-dove-blue-mix","status":"publish","type":"product","link":"https:\/\/secihouse.lt\/index.php\/product\/liewood-deklas-slapioms-servetelems-vehicles-dove-blue-mix\/","title":{"rendered":"LIEWOOD &#8211; D\u0117klas \u0160lapioms Servet\u0117l\u0117ms Vehicles \/ Dove Blue Mix"},"content":{"rendered":"<p>Apib\u016bdinimas:<br \/>\nSilikoninis dr\u0117gn\u0173 servet\u0117li\u0173 d\u0117klas<\/p>\n<p>Dr\u0117gn\u0173 servet\u0117li\u0173 d\u0117klas yra puikus atsakymas u\u017emaskuoti neskoningus dr\u0117gn\u0173 servet\u0117li\u0173 pakuotes ant vystymo staliuko ar kitose nam\u0173 kambariuose.<\/p>\n<p>\u2022Med\u017eiaga : 100% silikonas<br \/>\nTINKAMA DAUGUMAI STANDARTINI\u0172 PAKUO\u010cI\u0172.<\/p>\n<p>Matmenys: 11x6x19cm<\/p>\n<p>Med\u017eiaga<br \/>\n________<\/p>\n<p>Be kenksming\u0173 chemini\u0173 med\u017eiag\u0173, toki\u0173 kaip: tr\u0105\u0161os ir pesticidai.<br \/>\n* Mink\u0161tas, kokybi\u0161kas.<\/p>\n","protected":false},"excerpt":{"rendered":"<p>Apib\u016bdinimas: Silikoninis dr\u0117gn\u0173 servet\u0117li\u0173 d\u0117klas Dr\u0117gn\u0173 servet\u0117li\u0173 d\u0117klas yra puikus atsakymas u\u017emaskuoti neskoningus dr\u0117gn\u0173 servet\u0117li\u0173 pakuotes ant vystymo staliuko ar kitose nam\u0173 kambariuose. \u2022Med\u017eiaga : 100% silikonas TINKAMA DAUGUMAI STANDARTINI\u0172 PAKUO\u010cI\u0172. Matmenys: 11x6x19cm Med\u017eiaga ________ Be kenksming\u0173 chemini\u0173 med\u017eiag\u0173, toki\u0173 kaip: tr\u0105\u0161os ir pesticidai. * Mink\u0161tas, kokybi\u0161kas.<\/p>\n","protected":false},"featured_media":5351,"template":"","meta":[],"product_brand":[],"product_cat":[59],"product_tag":[],"class_list":{"0":"post-5350","1":"product","2":"type-product","3":"status-publish","4":"has-post-thumbnail","6":"product_cat-miegas-prieziura","7":"","9":"first","10":"instock","11":"taxable","12":"shipping-taxable","13":"purchasable","14":"product-type-simple"},"_links":{"self":[{"href":"https:\/\/secihouse.lt\/index.php\/wp-json\/wp\/v2\/product\/5350","targetHints":{"allow":["GET"]}}],"collection":[{"href":"https:\/\/secihouse.lt\/index.php\/wp-json\/wp\/v2\/product"}],"about":[{"href":"https:\/\/secihouse.lt\/index.php\/wp-json\/wp\/v2\/types\/product"}],"wp:featuredmedia":[{"embeddable":true,"href":"https:\/\/secihouse.lt\/index.php\/wp-json\/wp\/v2\/media\/5351"}],"wp:attachment":[{"href":"https:\/\/secihouse.lt\/index.php\/wp-json\/wp\/v2\/media?parent=5350"}],"wp:term":[{"taxonomy":"product_brand","embeddable":true,"href":"https:\/\/secihouse.lt\/index.php\/wp-json\/wp\/v2\/product_brand?post=5350"},{"taxonomy":"product_cat","embeddable":true,"href":"https:\/\/secihouse.lt\/index.php\/wp-json\/wp\/v2\/product_cat?post=5350"},{"taxonomy":"product_tag","embeddable":true,"href":"https:\/\/secihouse.lt\/index.php\/wp-json\/wp\/v2\/product_tag?post=5350"}],"curies":[{"name":"wp","href":"https:\/\/api.w.org\/{rel}","templated":true}]}}