{"id":5328,"date":"2023-02-03T14:03:28","date_gmt":"2023-02-03T12:03:28","guid":{"rendered":"https:\/\/secihouse.lt\/?post_type=product&#038;p=5328"},"modified":"2024-06-24T13:34:44","modified_gmt":"2024-06-24T11:34:44","slug":"liewood-mazasis-kiskis-khaki","status":"publish","type":"product","link":"https:\/\/secihouse.lt\/index.php\/product\/liewood-mazasis-kiskis-khaki\/","title":{"rendered":"LIEWOOD &#8211; Ma\u017easis Ki\u0161kis Khaki"},"content":{"rendered":"<p><span class=\"x4k7w5x x1h91t0o x1h9r5lt xv2umb2 x1beo9mf xaigb6o x12ejxvf x3igimt xarpa2k xedcshv x1lytzrv x1t2pt76 x7ja8zs x1qrby5j x1jfb8zj\">Susipa\u017einkite su ma\u017eyliu zuiku\u010diu, kuriam lemta tapti naujuoju geriausiu J\u016bs\u0173 vaiko draugu. Pagaminta i\u0161 \u0161velniausios 100% ekologi\u0161kos pliu\u0161in\u0117s medviln\u0117s ir su etikete kurioje galima \u012fra\u0161yti J\u016bs\u0173 vaiku\u010dio vard\u0105.<\/span><\/p>\n<p><span class=\"x4k7w5x x1h91t0o x1h9r5lt xv2umb2 x1beo9mf xaigb6o x12ejxvf x3igimt xarpa2k xedcshv x1lytzrv x1t2pt76 x7ja8zs x1qrby5j x1jfb8zj\">* Med\u017eiaga: 100% organin\u0117 medviln\u0117<\/span><\/p>\n<p><span class=\"x4k7w5x x1h91t0o x1h9r5lt xv2umb2 x1beo9mf xaigb6o x12ejxvf x3igimt xarpa2k xedcshv x1lytzrv x1t2pt76 x7ja8zs x1qrby5j x1jfb8zj\">* Med\u017eiagos u\u017epildas: 100% perdirbtas poliesteris<\/span><\/p>\n<p><span class=\"x4k7w5x x1h91t0o x1h9r5lt xv2umb2 x1beo9mf xaigb6o x12ejxvf x3igimt xarpa2k xedcshv x1lytzrv x1t2pt76 x7ja8zs x1qrby5j x1jfb8zj\">* Pa\u017eym\u0117ta CE \u017eenklu<\/span><\/p>\n<p><span class=\"x4k7w5x x1h91t0o x1h9r5lt xv2umb2 x1beo9mf xaigb6o x12ejxvf x3igimt xarpa2k xedcshv x1lytzrv x1t2pt76 x7ja8zs x1qrby5j x1jfb8zj\">Matmenys: 15cm<\/span><\/p>\n<p><span class=\"x4k7w5x x1h91t0o x1h9r5lt xv2umb2 x1beo9mf xaigb6o x12ejxvf x3igimt xarpa2k xedcshv x1lytzrv x1t2pt76 x7ja8zs x1qrby5j x1jfb8zj\">\u00a0<\/span><\/p>\n<p><span class=\"x4k7w5x x1h91t0o x1h9r5lt xv2umb2 x1beo9mf xaigb6o x12ejxvf x3igimt xarpa2k xedcshv x1lytzrv x1t2pt76 x7ja8zs x1qrby5j x1jfb8zj\">Med\u017eiagos savyb\u0117s:<\/span><\/p>\n<p><span class=\"x4k7w5x x1h91t0o x1h9r5lt xv2umb2 x1beo9mf xaigb6o x12ejxvf x3igimt xarpa2k xedcshv x1lytzrv x1t2pt76 x7ja8zs x1qrby5j x1jfb8zj\">* Be kenksming\u0173 chemini\u0173 med\u017eiag\u0173<\/span><\/p>\n<p><span class=\"x4k7w5x x1h91t0o x1h9r5lt xv2umb2 x1beo9mf xaigb6o x12ejxvf x3igimt xarpa2k xedcshv x1lytzrv x1t2pt76 x7ja8zs x1qrby5j x1jfb8zj\">* Mink\u0161tas \/ kokybi\u0161kas<\/span><\/p>\n<p><span class=\"x4k7w5x x1h91t0o x1h9r5lt xv2umb2 x1beo9mf xaigb6o x12ejxvf x3igimt xarpa2k xedcshv x1lytzrv x1t2pt76 x7ja8zs x1qrby5j x1jfb8zj\">Tvarumas ir Gamyba:<\/span><\/p>\n<p><span class=\"x4k7w5x x1h91t0o x1h9r5lt xv2umb2 x1beo9mf xaigb6o x12ejxvf x3igimt xarpa2k xedcshv x1lytzrv x1t2pt76 x7ja8zs x1qrby5j x1jfb8zj\">Ekologi\u0161ka medviln\u0117 apibr\u0117\u017eiama kaip medviln\u0117, u\u017eauginta nenaudojant joki\u0173 chemini\u0173 med\u017eiag\u0173, toki\u0173 kaip tr\u0105\u0161os ir pesticidai. Gamybos \u0161alis: Indija<\/span><\/p>\n","protected":false},"excerpt":{"rendered":"<p>Susipa\u017einkite su ma\u017eyliu zuiku\u010diu, kuriam lemta tapti naujuoju geriausiu J\u016bs\u0173 vaiko draugu. Pagaminta i\u0161 \u0161velniausios 100% ekologi\u0161kos pliu\u0161in\u0117s medviln\u0117s ir su etikete kurioje galima \u012fra\u0161yti J\u016bs\u0173 vaiku\u010dio vard\u0105. * Med\u017eiaga: 100% organin\u0117 medviln\u0117 * Med\u017eiagos u\u017epildas: 100% perdirbtas poliesteris * Pa\u017eym\u0117ta CE \u017eenklu Matmenys: 15cm \u00a0 Med\u017eiagos savyb\u0117s: * Be kenksming\u0173 chemini\u0173 med\u017eiag\u0173 * Mink\u0161tas [&hellip;]<\/p>\n","protected":false},"featured_media":5329,"template":"","meta":[],"product_brand":[],"product_cat":[66],"product_tag":[],"class_list":{"0":"post-5328","1":"product","2":"type-product","3":"status-publish","4":"has-post-thumbnail","6":"product_cat-zaislai","7":"","9":"first","10":"instock","11":"taxable","12":"shipping-taxable","13":"purchasable","14":"product-type-simple"},"_links":{"self":[{"href":"https:\/\/secihouse.lt\/index.php\/wp-json\/wp\/v2\/product\/5328","targetHints":{"allow":["GET"]}}],"collection":[{"href":"https:\/\/secihouse.lt\/index.php\/wp-json\/wp\/v2\/product"}],"about":[{"href":"https:\/\/secihouse.lt\/index.php\/wp-json\/wp\/v2\/types\/product"}],"wp:featuredmedia":[{"embeddable":true,"href":"https:\/\/secihouse.lt\/index.php\/wp-json\/wp\/v2\/media\/5329"}],"wp:attachment":[{"href":"https:\/\/secihouse.lt\/index.php\/wp-json\/wp\/v2\/media?parent=5328"}],"wp:term":[{"taxonomy":"product_brand","embeddable":true,"href":"https:\/\/secihouse.lt\/index.php\/wp-json\/wp\/v2\/product_brand?post=5328"},{"taxonomy":"product_cat","embeddable":true,"href":"https:\/\/secihouse.lt\/index.php\/wp-json\/wp\/v2\/product_cat?post=5328"},{"taxonomy":"product_tag","embeddable":true,"href":"https:\/\/secihouse.lt\/index.php\/wp-json\/wp\/v2\/product_tag?post=5328"}],"curies":[{"name":"wp","href":"https:\/\/api.w.org\/{rel}","templated":true}]}}