{"id":4067,"date":"2023-02-03T07:18:42","date_gmt":"2023-02-03T05:18:42","guid":{"rendered":"https:\/\/secihouse.lt\/?post_type=product&#038;p=4067"},"modified":"2026-02-15T21:00:31","modified_gmt":"2026-02-15T19:00:31","slug":"tenderleaf-gyvenimas-marso-stotyje","status":"publish","type":"product","link":"https:\/\/secihouse.lt\/index.php\/product\/tenderleaf-gyvenimas-marso-stotyje\/","title":{"rendered":"TENDERLEAF  Gyvenimas Marso stotyje"},"content":{"rendered":"<p>Medinukas rinkinukas , kuris \u017eavus savo detal\u0117mis. Tai \u017eaisliukas, kuris sudomins visus vaiku\u010dius, kurie domisi kosmosu.<\/p>\n<p><strong>Dydis:\u00a0<\/strong>44.5&#215;43.7&#215;18.5cm<\/p>\n<p><strong>Sud\u0117tis:\u00a0<\/strong>100% medis<\/p>\n<p><strong>Am\u017eius: <\/strong>3+<\/p>\n","protected":false},"excerpt":{"rendered":"<p>Medinukas rinkinukas , kuris \u017eavus savo detal\u0117mis. Tai \u017eaisliukas, kuris sudomins visus vaiku\u010dius, kurie domisi kosmosu. Dydis:\u00a044.5&#215;43.7&#215;18.5cm Sud\u0117tis:\u00a0100% medis Am\u017eius: 3+<\/p>\n","protected":false},"featured_media":5232,"template":"","meta":[],"product_brand":[],"product_cat":[66],"product_tag":[42],"class_list":{"0":"post-4067","1":"product","2":"type-product","3":"status-publish","4":"has-post-thumbnail","6":"product_cat-zaislai","7":"product_tag-zaislai","8":"","10":"first","11":"instock","12":"taxable","13":"shipping-taxable","14":"purchasable","15":"product-type-simple"},"_links":{"self":[{"href":"https:\/\/secihouse.lt\/index.php\/wp-json\/wp\/v2\/product\/4067","targetHints":{"allow":["GET"]}}],"collection":[{"href":"https:\/\/secihouse.lt\/index.php\/wp-json\/wp\/v2\/product"}],"about":[{"href":"https:\/\/secihouse.lt\/index.php\/wp-json\/wp\/v2\/types\/product"}],"wp:featuredmedia":[{"embeddable":true,"href":"https:\/\/secihouse.lt\/index.php\/wp-json\/wp\/v2\/media\/5232"}],"wp:attachment":[{"href":"https:\/\/secihouse.lt\/index.php\/wp-json\/wp\/v2\/media?parent=4067"}],"wp:term":[{"taxonomy":"product_brand","embeddable":true,"href":"https:\/\/secihouse.lt\/index.php\/wp-json\/wp\/v2\/product_brand?post=4067"},{"taxonomy":"product_cat","embeddable":true,"href":"https:\/\/secihouse.lt\/index.php\/wp-json\/wp\/v2\/product_cat?post=4067"},{"taxonomy":"product_tag","embeddable":true,"href":"https:\/\/secihouse.lt\/index.php\/wp-json\/wp\/v2\/product_tag?post=4067"}],"curies":[{"name":"wp","href":"https:\/\/api.w.org\/{rel}","templated":true}]}}