{"id":4036,"date":"2023-02-03T07:19:24","date_gmt":"2023-02-03T05:19:24","guid":{"rendered":"https:\/\/secihouse.lt\/?post_type=product&#038;p=4036"},"modified":"2026-02-15T21:00:05","modified_gmt":"2026-02-15T19:00:05","slug":"saga-copenhagen-migdukas-zasiukas-dusty-coral","status":"publish","type":"product","link":"https:\/\/secihouse.lt\/index.php\/product\/saga-copenhagen-migdukas-zasiukas-dusty-coral\/","title":{"rendered":"SAGA COPENHAGEN Migdukas &#8211; \u017d\u0105siukas Dusty Coral"},"content":{"rendered":"<p class=\"p1\"><span class=\"s1\">\u017d\u0105siukas i\u0161 labai mink\u0161tos medviln\u0117s, kad ma\u017eyliui b\u016bt\u0173 malonu \u010diupin\u0117ti ir prisiglausti prie sav\u0119s. Taip pat \u0161is migdukas su mielu noru pasaugos ma\u017eylio \u010diulptuk\u0105. <\/span><\/p>\n<p>&nbsp;<\/p>\n<p class=\"p1\"><span class=\"s1\">Migdukas taip pat puikus pagalbininkas sugerti dr\u0117gm\u0119 atsitikus kokiai avarijai. <\/span><\/p>\n<p><strong>Dydis:<\/strong>\u00a044x46cm<\/p>\n<p><strong>Pagaminta i\u0161:\u00a0<\/strong>100% Organin\u0117 medviln\u0117;<\/p>\n<p><strong>U\u017epildas:<\/strong> 100% Poliesteris;<\/p>\n","protected":false},"excerpt":{"rendered":"<p>\u017d\u0105siukas i\u0161 labai mink\u0161tos medviln\u0117s, kad ma\u017eyliui b\u016bt\u0173 malonu \u010diupin\u0117ti ir prisiglausti prie sav\u0119s. Taip pat \u0161is migdukas su mielu noru pasaugos ma\u017eylio \u010diulptuk\u0105. &nbsp; Migdukas taip pat puikus pagalbininkas sugerti dr\u0117gm\u0119 atsitikus kokiai avarijai. Dydis:\u00a044x46cm Pagaminta i\u0161:\u00a0100% Organin\u0117 medviln\u0117; U\u017epildas: 100% Poliesteris;<\/p>\n","protected":false},"featured_media":5197,"template":"","meta":[],"product_brand":[],"product_cat":[59],"product_tag":[48],"class_list":{"0":"post-4036","1":"product","2":"type-product","3":"status-publish","4":"has-post-thumbnail","6":"product_cat-miegas-prieziura","7":"product_tag-miegui","8":"","10":"first","11":"instock","12":"taxable","13":"shipping-taxable","14":"purchasable","15":"product-type-simple"},"_links":{"self":[{"href":"https:\/\/secihouse.lt\/index.php\/wp-json\/wp\/v2\/product\/4036","targetHints":{"allow":["GET"]}}],"collection":[{"href":"https:\/\/secihouse.lt\/index.php\/wp-json\/wp\/v2\/product"}],"about":[{"href":"https:\/\/secihouse.lt\/index.php\/wp-json\/wp\/v2\/types\/product"}],"wp:featuredmedia":[{"embeddable":true,"href":"https:\/\/secihouse.lt\/index.php\/wp-json\/wp\/v2\/media\/5197"}],"wp:attachment":[{"href":"https:\/\/secihouse.lt\/index.php\/wp-json\/wp\/v2\/media?parent=4036"}],"wp:term":[{"taxonomy":"product_brand","embeddable":true,"href":"https:\/\/secihouse.lt\/index.php\/wp-json\/wp\/v2\/product_brand?post=4036"},{"taxonomy":"product_cat","embeddable":true,"href":"https:\/\/secihouse.lt\/index.php\/wp-json\/wp\/v2\/product_cat?post=4036"},{"taxonomy":"product_tag","embeddable":true,"href":"https:\/\/secihouse.lt\/index.php\/wp-json\/wp\/v2\/product_tag?post=4036"}],"curies":[{"name":"wp","href":"https:\/\/api.w.org\/{rel}","templated":true}]}}