{"id":4016,"date":"2023-02-03T07:22:59","date_gmt":"2023-02-03T05:22:59","guid":{"rendered":"https:\/\/secihouse.lt\/?post_type=product&#038;p=4016"},"modified":"2023-03-23T10:57:17","modified_gmt":"2023-03-23T08:57:17","slug":"omy-lipdukai-dinozaurai","status":"publish","type":"product","link":"https:\/\/secihouse.lt\/index.php\/product\/omy-lipdukai-dinozaurai\/","title":{"rendered":"OMY Lipdukai &#8211; Dinozaurai"},"content":{"rendered":"<div class=\"description tag-desktop\" data-mce-fragment=\"1\"><span class=\"x4k7w5x x1h91t0o x1h9r5lt xv2umb2 x1beo9mf xaigb6o x12ejxvf x3igimt xarpa2k xedcshv x1lytzrv x1t2pt76 x7ja8zs x1qrby5j x1jfb8zj\">Keliaujate ? Reikia veiklos J\u016bs\u0173 mylimiems spindul\u0117liams ? \u0160is nuostabus plakatas su lipdukais bus puiki galimyb\u0117 sudominti vaik\u0105, kuriame yra 50 lipduk\u0173 ! Pagamintas Pranc\u016bzijoje &#8211; patiks kiekvienam vaiku\u010diui !<\/span><\/div>\n<div class=\"description tag-desktop\" data-mce-fragment=\"1\"><\/div>\n<div class=\"description tag-desktop\" data-mce-fragment=\"1\"><\/div>\n<div class=\"description tag-desktop\" data-mce-fragment=\"1\">Rinkinyje i\u0161silankstantis lipduk\u0173 klijavimo plakatas, kurio dydis yra 52cm x 38cm<\/div>\n","protected":false},"excerpt":{"rendered":"<p>Keliaujate ? Reikia veiklos J\u016bs\u0173 mylimiems spindul\u0117liams ? \u0160is nuostabus plakatas su lipdukais bus puiki galimyb\u0117 sudominti vaik\u0105, kuriame yra 50 lipduk\u0173 ! Pagamintas Pranc\u016bzijoje &#8211; patiks kiekvienam vaiku\u010diui ! Rinkinyje i\u0161silankstantis lipduk\u0173 klijavimo plakatas, kurio dydis yra 52cm x 38cm<\/p>\n","protected":false},"featured_media":5156,"template":"","meta":[],"product_brand":[],"product_cat":[66],"product_tag":[42],"class_list":{"0":"post-4016","1":"product","2":"type-product","3":"status-publish","4":"has-post-thumbnail","6":"product_cat-zaislai","7":"product_tag-zaislai","8":"","10":"first","11":"instock","12":"taxable","13":"shipping-taxable","14":"purchasable","15":"product-type-simple"},"_links":{"self":[{"href":"https:\/\/secihouse.lt\/index.php\/wp-json\/wp\/v2\/product\/4016","targetHints":{"allow":["GET"]}}],"collection":[{"href":"https:\/\/secihouse.lt\/index.php\/wp-json\/wp\/v2\/product"}],"about":[{"href":"https:\/\/secihouse.lt\/index.php\/wp-json\/wp\/v2\/types\/product"}],"wp:featuredmedia":[{"embeddable":true,"href":"https:\/\/secihouse.lt\/index.php\/wp-json\/wp\/v2\/media\/5156"}],"wp:attachment":[{"href":"https:\/\/secihouse.lt\/index.php\/wp-json\/wp\/v2\/media?parent=4016"}],"wp:term":[{"taxonomy":"product_brand","embeddable":true,"href":"https:\/\/secihouse.lt\/index.php\/wp-json\/wp\/v2\/product_brand?post=4016"},{"taxonomy":"product_cat","embeddable":true,"href":"https:\/\/secihouse.lt\/index.php\/wp-json\/wp\/v2\/product_cat?post=4016"},{"taxonomy":"product_tag","embeddable":true,"href":"https:\/\/secihouse.lt\/index.php\/wp-json\/wp\/v2\/product_tag?post=4016"}],"curies":[{"name":"wp","href":"https:\/\/api.w.org\/{rel}","templated":true}]}}