{"id":4014,"date":"2023-02-03T07:23:32","date_gmt":"2023-02-03T05:23:32","guid":{"rendered":"https:\/\/secihouse.lt\/?post_type=product&#038;p=4014"},"modified":"2023-05-22T19:01:58","modified_gmt":"2023-05-22T17:01:58","slug":"omy-lipdukai-dino","status":"publish","type":"product","link":"https:\/\/secihouse.lt\/index.php\/product\/omy-lipdukai-dino\/","title":{"rendered":"OMY Lipdukai &#8211; Dino"},"content":{"rendered":"<p><span class=\"x4k7w5x x1h91t0o x1h9r5lt xv2umb2 x1beo9mf xaigb6o x12ejxvf x3igimt xarpa2k xedcshv x1lytzrv x1t2pt76 x7ja8zs x1qrby5j x1jfb8zj\">Dinozaur\u0173 pasaulis, skamba linksmai, tiesa ? Tai be galo didelis plakatas, kuriame daug nuostabi\u0173 lipduk\u0173 su kuriais galima padaryti dar \u012fdomesn\u012f dinozaur\u0173 pasaul\u012f ! \u010cia galima labiau pa\u017einti \u012fvairius nuotykius, persona\u017eus, spalvas, fig\u016bras, o galb\u016bt lavinti vaiko vaizduot\u0119 <span class=\"x3nfvp2 x1j61x8r x1fcty0u xdj266r xhhsvwb xat24cr xgzva0m xxymvpz xlup9mm x1kky2od\"><img loading=\"lazy\" decoding=\"async\" src=\"https:\/\/z-p3-static.xx.fbcdn.net\/images\/emoji.php\/v9\/teb\/2\/16\/1f642.png\" alt=\"\ud83d\ude42\" width=\"16\" height=\"16\" \/><\/span>.<\/span><\/p>\n<p>100 lipduk\u0173<\/p>\n<p><span class=\"x4k7w5x x1h91t0o x1h9r5lt xv2umb2 x1beo9mf xaigb6o x12ejxvf x3igimt xarpa2k xedcshv x1lytzrv x1t2pt76 x7ja8zs x1qrby5j x1jfb8zj\">Dydis: 100cm x 70cm<\/span><\/p>\n<p><span class=\"x4k7w5x x1h91t0o x1h9r5lt xv2umb2 x1beo9mf xaigb6o x12ejxvf x3igimt xarpa2k xedcshv x1lytzrv x1t2pt76 x7ja8zs x1qrby5j x1jfb8zj\">Med\u017eiaga: 100% popierius<\/span><\/p>\n<p><span class=\"x4k7w5x x1h91t0o x1h9r5lt xv2umb2 x1beo9mf xaigb6o x12ejxvf x3igimt xarpa2k xedcshv x1lytzrv x1t2pt76 x7ja8zs x1qrby5j x1jfb8zj\">Pagaminta Pranc\u016bzijoje<\/span><\/p>\n","protected":false},"excerpt":{"rendered":"<p>Dinozaur\u0173 pasaulis, skamba linksmai, tiesa ? Tai be galo didelis plakatas, kuriame daug nuostabi\u0173 lipduk\u0173 su kuriais galima padaryti dar \u012fdomesn\u012f dinozaur\u0173 pasaul\u012f ! \u010cia galima labiau pa\u017einti \u012fvairius nuotykius, persona\u017eus, spalvas, fig\u016bras, o galb\u016bt lavinti vaiko vaizduot\u0119 . 100 lipduk\u0173 Dydis: 100cm x 70cm Med\u017eiaga: 100% popierius Pagaminta Pranc\u016bzijoje<\/p>\n","protected":false},"featured_media":5153,"template":"","meta":[],"product_brand":[],"product_cat":[66],"product_tag":[42],"class_list":{"0":"post-4014","1":"product","2":"type-product","3":"status-publish","4":"has-post-thumbnail","6":"product_cat-zaislai","7":"product_tag-zaislai","8":"","10":"first","11":"instock","12":"taxable","13":"shipping-taxable","14":"purchasable","15":"product-type-simple"},"_links":{"self":[{"href":"https:\/\/secihouse.lt\/index.php\/wp-json\/wp\/v2\/product\/4014","targetHints":{"allow":["GET"]}}],"collection":[{"href":"https:\/\/secihouse.lt\/index.php\/wp-json\/wp\/v2\/product"}],"about":[{"href":"https:\/\/secihouse.lt\/index.php\/wp-json\/wp\/v2\/types\/product"}],"wp:featuredmedia":[{"embeddable":true,"href":"https:\/\/secihouse.lt\/index.php\/wp-json\/wp\/v2\/media\/5153"}],"wp:attachment":[{"href":"https:\/\/secihouse.lt\/index.php\/wp-json\/wp\/v2\/media?parent=4014"}],"wp:term":[{"taxonomy":"product_brand","embeddable":true,"href":"https:\/\/secihouse.lt\/index.php\/wp-json\/wp\/v2\/product_brand?post=4014"},{"taxonomy":"product_cat","embeddable":true,"href":"https:\/\/secihouse.lt\/index.php\/wp-json\/wp\/v2\/product_cat?post=4014"},{"taxonomy":"product_tag","embeddable":true,"href":"https:\/\/secihouse.lt\/index.php\/wp-json\/wp\/v2\/product_tag?post=4014"}],"curies":[{"name":"wp","href":"https:\/\/api.w.org\/{rel}","templated":true}]}}