{"id":4002,"date":"2023-02-03T09:51:35","date_gmt":"2023-02-03T07:51:35","guid":{"rendered":"https:\/\/secihouse.lt\/?post_type=product&#038;p=4002"},"modified":"2024-06-28T14:43:45","modified_gmt":"2024-06-28T12:43:45","slug":"olli-ella-dinkum-sunelis-buddy","status":"publish","type":"product","link":"https:\/\/secihouse.lt\/index.php\/product\/olli-ella-dinkum-sunelis-buddy\/","title":{"rendered":"Olli Ella Dinkum \u0160unelis &#8211; Buddy"},"content":{"rendered":"<p><span class=\"f7rl1if4 adechonz f6oz4yja dahkl6ri axrg9lpx rufpak1n qtovjlwq qbmienfq rfyhaz4c rdmi1yqr ohrdq8us nswx41af fawcizw8 l1aqi3e3 sdu1flz4\" data-mce-fragment=\"1\">Susipa\u017einkime su mielais i\u0161dyk\u0117liais &#8211; Dinkum \u0161uneliais <span class=\"fxk3tzhb b2rh1bv3 gh55jysx m8h3af8h ewco64xe kjdc1dyq ms56khn7 bq6c9xl4 eohcrkr5 akh3l2rg\" data-mce-fragment=\"1\"><img loading=\"lazy\" decoding=\"async\" src=\"https:\/\/z-p3-static.xx.fbcdn.net\/images\/emoji.php\/v9\/teb\/2\/16\/1f642.png\" alt=\"\ud83d\ude42\" width=\"16\" height=\"16\" data-mce-fragment=\"1\" \/><\/span> . Ar J\u016bs b\u016bsite tas \u017emogus, kuris parsive\u0161 \u0161\u012f \u0161unel\u012f \u012f naujus namu\u010dius ? \u0160ie nuostab\u016bs \u0161uneliai, gali lengvai stov\u0117ti, atsigulti ir s\u0117d\u0117t, taip pat juda galvyt\u0117, o veidelis i\u0161siuvin\u0117tas! Jie tikri kaulo ne\u0161iojimo m\u0117g\u0117jai, tod\u0117l puikiai prisitvirtins kauliukas prie burnyt\u0117s magnetuko pagalba ! \u017daisliukas atkeliauja supakuotas kaip dovan\u0117l\u0117, o prie viso to \u012feina: \u0161unelio savininko pa\u017eym\u0117jimas, kaulas, ved\u017eiojimo dir\u017eelis.<\/span><\/p>\n<p><span class=\"f7rl1if4 adechonz f6oz4yja dahkl6ri axrg9lpx rufpak1n qtovjlwq qbmienfq rfyhaz4c rdmi1yqr ohrdq8us nswx41af fawcizw8 l1aqi3e3 sdu1flz4\" data-mce-fragment=\"1\">* \u017daisliuko burnyt\u0117 magnetin\u0117, kad i\u0161laikyt\u0173 su magnetin\u012f kaul\u0105.<\/span><\/p>\n<p><span class=\"f7rl1if4 adechonz f6oz4yja dahkl6ri axrg9lpx rufpak1n qtovjlwq qbmienfq rfyhaz4c rdmi1yqr ohrdq8us nswx41af fawcizw8 l1aqi3e3 sdu1flz4\" data-mce-fragment=\"1\">* Pliu\u0161inis audinys yra 100% perdirbtas<\/span><\/p>\n<p><span class=\"f7rl1if4 adechonz f6oz4yja dahkl6ri axrg9lpx rufpak1n qtovjlwq qbmienfq rfyhaz4c rdmi1yqr ohrdq8us nswx41af fawcizw8 l1aqi3e3 sdu1flz4\" data-mce-fragment=\"1\">* \u0160unelio galva juda 360 laipsni\u0173 kampu. Uodega susilenkia.<\/span><\/p>\n<p><span class=\"f7rl1if4 adechonz f6oz4yja dahkl6ri axrg9lpx rufpak1n qtovjlwq qbmienfq rfyhaz4c rdmi1yqr ohrdq8us nswx41af fawcizw8 l1aqi3e3 sdu1flz4\" data-mce-fragment=\"1\">* Priedai prie \u017eaisliuko: pa\u017eym\u0117jimas, dir\u017eelis, kaulas.<\/span><\/p>\n<p><span class=\"f7rl1if4 adechonz f6oz4yja dahkl6ri axrg9lpx rufpak1n qtovjlwq qbmienfq rfyhaz4c rdmi1yqr ohrdq8us nswx41af fawcizw8 l1aqi3e3 sdu1flz4\" data-mce-fragment=\"1\">* Tinkamas am\u017eius 0 +<\/span><\/p>\n<p><span class=\"f7rl1if4 adechonz f6oz4yja dahkl6ri axrg9lpx rufpak1n qtovjlwq qbmienfq rfyhaz4c rdmi1yqr ohrdq8us nswx41af fawcizw8 l1aqi3e3 sdu1flz4\" data-mce-fragment=\"1\">I\u0161or\u0117 100% medviln\u0117<\/span><\/p>\n<p><span class=\"f7rl1if4 adechonz f6oz4yja dahkl6ri axrg9lpx rufpak1n qtovjlwq qbmienfq rfyhaz4c rdmi1yqr ohrdq8us nswx41af fawcizw8 l1aqi3e3 sdu1flz4\" data-mce-fragment=\"1\">Vidus 100% poliesteris<\/span><\/p>\n<p><span class=\"f7rl1if4 adechonz f6oz4yja dahkl6ri axrg9lpx rufpak1n qtovjlwq qbmienfq rfyhaz4c rdmi1yqr ohrdq8us nswx41af fawcizw8 l1aqi3e3 sdu1flz4\" data-mce-fragment=\"1\">Ilgis: 22 CM<\/span><\/p>\n<p><span class=\"f7rl1if4 adechonz f6oz4yja dahkl6ri axrg9lpx rufpak1n qtovjlwq qbmienfq rfyhaz4c rdmi1yqr ohrdq8us nswx41af fawcizw8 l1aqi3e3 sdu1flz4\" data-mce-fragment=\"1\">Plotis: 14 CM<\/span><\/p>\n<p><span class=\"f7rl1if4 adechonz f6oz4yja dahkl6ri axrg9lpx rufpak1n qtovjlwq qbmienfq rfyhaz4c rdmi1yqr ohrdq8us nswx41af fawcizw8 l1aqi3e3 sdu1flz4\" data-mce-fragment=\"1\">Auk\u0161tis: 22 CM<\/span><\/p>\n<p><span class=\"f7rl1if4 adechonz f6oz4yja dahkl6ri axrg9lpx rufpak1n qtovjlwq qbmienfq rfyhaz4c rdmi1yqr ohrdq8us nswx41af fawcizw8 l1aqi3e3 sdu1flz4\" data-mce-fragment=\"1\">Svoris 0.4 KG<\/span><\/p>\n<p><strong><span class=\"f7rl1if4 adechonz f6oz4yja dahkl6ri axrg9lpx rufpak1n qtovjlwq qbmienfq rfyhaz4c rdmi1yqr ohrdq8us nswx41af fawcizw8 l1aqi3e3 sdu1flz4\" data-mce-fragment=\"1\">Prie\u017ei\u016bra:<\/span><\/strong><\/p>\n<p><span class=\"f7rl1if4 adechonz f6oz4yja dahkl6ri axrg9lpx rufpak1n qtovjlwq qbmienfq rfyhaz4c rdmi1yqr ohrdq8us nswx41af fawcizw8 l1aqi3e3 sdu1flz4\" data-mce-fragment=\"1\">Skalbimas \u0161altu vandeniu, naudojant skalbimo krep\u0161\u012f.<br \/>\n<\/span><\/p>\n<p><span class=\"f7rl1if4 adechonz f6oz4yja dahkl6ri axrg9lpx rufpak1n qtovjlwq qbmienfq rfyhaz4c rdmi1yqr ohrdq8us nswx41af fawcizw8 l1aqi3e3 sdu1flz4\" data-mce-fragment=\"1\">Nenaudoti baliklio ar muilo.<\/span><\/p>\n<p><span class=\"f7rl1if4 adechonz f6oz4yja dahkl6ri axrg9lpx rufpak1n qtovjlwq qbmienfq rfyhaz4c rdmi1yqr ohrdq8us nswx41af fawcizw8 l1aqi3e3 sdu1flz4\" data-mce-fragment=\"1\">Nedelsiant d\u017eiovinti.<\/span><\/p>\n","protected":false},"excerpt":{"rendered":"<p>Susipa\u017einkime su mielais i\u0161dyk\u0117liais &#8211; Dinkum \u0161uneliais . Ar J\u016bs b\u016bsite tas \u017emogus, kuris parsive\u0161 \u0161\u012f \u0161unel\u012f \u012f naujus namu\u010dius ? \u0160ie nuostab\u016bs \u0161uneliai, gali lengvai stov\u0117ti, atsigulti ir s\u0117d\u0117t, taip pat juda galvyt\u0117, o veidelis i\u0161siuvin\u0117tas! Jie tikri kaulo ne\u0161iojimo m\u0117g\u0117jai, tod\u0117l puikiai prisitvirtins kauliukas prie burnyt\u0117s magnetuko pagalba ! \u017daisliukas atkeliauja supakuotas kaip [&hellip;]<\/p>\n","protected":false},"featured_media":5103,"template":"","meta":[],"product_brand":[],"product_cat":[66],"product_tag":[40],"class_list":{"0":"post-4002","1":"product","2":"type-product","3":"status-publish","4":"has-post-thumbnail","6":"product_cat-zaislai","7":"product_tag-not-on-sale","8":"","10":"first","11":"instock","12":"taxable","13":"shipping-taxable","14":"purchasable","15":"product-type-simple"},"_links":{"self":[{"href":"https:\/\/secihouse.lt\/index.php\/wp-json\/wp\/v2\/product\/4002","targetHints":{"allow":["GET"]}}],"collection":[{"href":"https:\/\/secihouse.lt\/index.php\/wp-json\/wp\/v2\/product"}],"about":[{"href":"https:\/\/secihouse.lt\/index.php\/wp-json\/wp\/v2\/types\/product"}],"wp:featuredmedia":[{"embeddable":true,"href":"https:\/\/secihouse.lt\/index.php\/wp-json\/wp\/v2\/media\/5103"}],"wp:attachment":[{"href":"https:\/\/secihouse.lt\/index.php\/wp-json\/wp\/v2\/media?parent=4002"}],"wp:term":[{"taxonomy":"product_brand","embeddable":true,"href":"https:\/\/secihouse.lt\/index.php\/wp-json\/wp\/v2\/product_brand?post=4002"},{"taxonomy":"product_cat","embeddable":true,"href":"https:\/\/secihouse.lt\/index.php\/wp-json\/wp\/v2\/product_cat?post=4002"},{"taxonomy":"product_tag","embeddable":true,"href":"https:\/\/secihouse.lt\/index.php\/wp-json\/wp\/v2\/product_tag?post=4002"}],"curies":[{"name":"wp","href":"https:\/\/api.w.org\/{rel}","templated":true}]}}