{"id":4001,"date":"2023-02-03T09:51:42","date_gmt":"2023-02-03T07:51:42","guid":{"rendered":"https:\/\/secihouse.lt\/?post_type=product&#038;p=4001"},"modified":"2023-07-03T09:35:21","modified_gmt":"2023-07-03T07:35:21","slug":"olli-ella-dinkum-doll-romperiukas-ducky","status":"publish","type":"product","link":"https:\/\/secihouse.lt\/index.php\/product\/olli-ella-dinkum-doll-romperiukas-ducky\/","title":{"rendered":"Olli Ella DINKUM DOLL &#8211; Romperiukas Ducky"},"content":{"rendered":"<p>Tai drabu\u017e\u0117lis puikiai tinkantis l\u0117lytei Dinkum bei kitoms l\u0117lyt\u0117ms, kurios yra 35cm. \u0160is drabu\u017eelis pagamintas i\u0161 mink\u0161tos medviln\u0117s ir turintis mielai \u017eav\u0173 i\u0161siuvin\u0117ta an\u010diuk\u0105, kuris neabejotinai puo\u0161 J\u016bs\u0173 vaiku\u010dio l\u0117lyt\u0117s \u012fvaizd\u012f.<\/p>\n<p>Sud\u0117tis: Medviln\u0117 100 proc.<\/p>\n<p>Prie\u017ei\u016bra: \u0160velnus plovimas \u0161altu vandeniu<\/p>\n","protected":false},"excerpt":{"rendered":"<p>Tai drabu\u017e\u0117lis puikiai tinkantis l\u0117lytei Dinkum bei kitoms l\u0117lyt\u0117ms, kurios yra 35cm. \u0160is drabu\u017eelis pagamintas i\u0161 mink\u0161tos medviln\u0117s ir turintis mielai \u017eav\u0173 i\u0161siuvin\u0117ta an\u010diuk\u0105, kuris neabejotinai puo\u0161 J\u016bs\u0173 vaiku\u010dio l\u0117lyt\u0117s \u012fvaizd\u012f. Sud\u0117tis: Medviln\u0117 100 proc. Prie\u017ei\u016bra: \u0160velnus plovimas \u0161altu vandeniu<\/p>\n","protected":false},"featured_media":5100,"template":"","meta":[],"product_brand":[],"product_cat":[66],"product_tag":[42],"class_list":{"0":"post-4001","1":"product","2":"type-product","3":"status-publish","4":"has-post-thumbnail","6":"product_cat-zaislai","7":"product_tag-zaislai","8":"","10":"first","11":"instock","12":"taxable","13":"shipping-taxable","14":"purchasable","15":"product-type-simple"},"_links":{"self":[{"href":"https:\/\/secihouse.lt\/index.php\/wp-json\/wp\/v2\/product\/4001","targetHints":{"allow":["GET"]}}],"collection":[{"href":"https:\/\/secihouse.lt\/index.php\/wp-json\/wp\/v2\/product"}],"about":[{"href":"https:\/\/secihouse.lt\/index.php\/wp-json\/wp\/v2\/types\/product"}],"wp:featuredmedia":[{"embeddable":true,"href":"https:\/\/secihouse.lt\/index.php\/wp-json\/wp\/v2\/media\/5100"}],"wp:attachment":[{"href":"https:\/\/secihouse.lt\/index.php\/wp-json\/wp\/v2\/media?parent=4001"}],"wp:term":[{"taxonomy":"product_brand","embeddable":true,"href":"https:\/\/secihouse.lt\/index.php\/wp-json\/wp\/v2\/product_brand?post=4001"},{"taxonomy":"product_cat","embeddable":true,"href":"https:\/\/secihouse.lt\/index.php\/wp-json\/wp\/v2\/product_cat?post=4001"},{"taxonomy":"product_tag","embeddable":true,"href":"https:\/\/secihouse.lt\/index.php\/wp-json\/wp\/v2\/product_tag?post=4001"}],"curies":[{"name":"wp","href":"https:\/\/api.w.org\/{rel}","templated":true}]}}