{"id":3996,"date":"2023-02-03T09:52:32","date_gmt":"2023-02-03T07:52:32","guid":{"rendered":"https:\/\/secihouse.lt\/?post_type=product&#038;p=3996"},"modified":"2025-02-16T16:59:22","modified_gmt":"2025-02-16T14:59:22","slug":"olli-ella-cozy-dinkum-lele-mousy-pickle","status":"publish","type":"product","link":"https:\/\/secihouse.lt\/index.php\/product\/olli-ella-cozy-dinkum-lele-mousy-pickle\/","title":{"rendered":"Olli Ella Cozy Dinkum &#8211; l\u0117l\u0117 Mousy Pickle"},"content":{"rendered":"<p>Mousy Pickle, toks \u0161velnutis ir mielas, kad norisi glausti prie \u017eanduko. Tai gali tapti puikus ma\u017eylio vaikyst\u0117s draugas, su kuriuo kartu pa\u017eins nuotyki\u0173 pasaul\u012f, kuriame gera ir jauku! Cozy Dinkum d\u0117vi nenuimam\u0105 kostium\u0117l\u012f su dviem \u0161velniomis ausyt\u0117mis ir i\u0161siuvin\u0117ta vaivoryk\u0161te ant \u0161irdies.<\/p>\n<p>Am\u017eius tinkamas +0<\/p>\n<p>Pagaminta i\u0161 medviln\u0117s ir polietileno.<\/p>\n","protected":false},"excerpt":{"rendered":"<p>Mousy Pickle, toks \u0161velnutis ir mielas, kad norisi glausti prie \u017eanduko. Tai gali tapti puikus ma\u017eylio vaikyst\u0117s draugas, su kuriuo kartu pa\u017eins nuotyki\u0173 pasaul\u012f, kuriame gera ir jauku! Cozy Dinkum d\u0117vi nenuimam\u0105 kostium\u0117l\u012f su dviem \u0161velniomis ausyt\u0117mis ir i\u0161siuvin\u0117ta vaivoryk\u0161te ant \u0161irdies. Am\u017eius tinkamas +0 Pagaminta i\u0161 medviln\u0117s ir polietileno.<\/p>\n","protected":false},"featured_media":5086,"template":"","meta":[],"product_brand":[],"product_cat":[66],"product_tag":[40,42],"class_list":{"0":"post-3996","1":"product","2":"type-product","3":"status-publish","4":"has-post-thumbnail","6":"product_cat-zaislai","7":"product_tag-not-on-sale","8":"product_tag-zaislai","9":"","11":"first","12":"instock","13":"taxable","14":"shipping-taxable","15":"purchasable","16":"product-type-simple"},"_links":{"self":[{"href":"https:\/\/secihouse.lt\/index.php\/wp-json\/wp\/v2\/product\/3996","targetHints":{"allow":["GET"]}}],"collection":[{"href":"https:\/\/secihouse.lt\/index.php\/wp-json\/wp\/v2\/product"}],"about":[{"href":"https:\/\/secihouse.lt\/index.php\/wp-json\/wp\/v2\/types\/product"}],"wp:featuredmedia":[{"embeddable":true,"href":"https:\/\/secihouse.lt\/index.php\/wp-json\/wp\/v2\/media\/5086"}],"wp:attachment":[{"href":"https:\/\/secihouse.lt\/index.php\/wp-json\/wp\/v2\/media?parent=3996"}],"wp:term":[{"taxonomy":"product_brand","embeddable":true,"href":"https:\/\/secihouse.lt\/index.php\/wp-json\/wp\/v2\/product_brand?post=3996"},{"taxonomy":"product_cat","embeddable":true,"href":"https:\/\/secihouse.lt\/index.php\/wp-json\/wp\/v2\/product_cat?post=3996"},{"taxonomy":"product_tag","embeddable":true,"href":"https:\/\/secihouse.lt\/index.php\/wp-json\/wp\/v2\/product_tag?post=3996"}],"curies":[{"name":"wp","href":"https:\/\/api.w.org\/{rel}","templated":true}]}}