{"id":3980,"date":"2023-02-03T09:53:27","date_gmt":"2023-02-03T07:53:27","guid":{"rendered":"https:\/\/secihouse.lt\/?post_type=product&#038;p=3980"},"modified":"2026-02-15T20:59:50","modified_gmt":"2026-02-15T18:59:50","slug":"olicarol-kramtukas-geometrines-figuros","status":"publish","type":"product","link":"https:\/\/secihouse.lt\/index.php\/product\/olicarol-kramtukas-geometrines-figuros\/","title":{"rendered":"Oli&#038;Carol kramtukas &#8211; Geometrin\u0117s Fig\u016bros"},"content":{"rendered":"<p>Pagaminta i\u0161 100% nat\u016bralaus kau\u010diuko.<\/p>\n<p>Mink\u0161tas, lengvai suimamas ir saugus kramtyti.<\/p>\n<p>Stimuliuoja k\u016bdikio poj\u016b\u010dius ir ramina dantenas.<\/p>\n<p>Da\u017eyti rankomis, saugiais, nat\u016braliais maistiniais da\u017eais.<\/p>\n<p>Visi\u0161kai saug\u016bs vaikams, netoksi\u0161ki. EN71, ASTM ir \u201eReach\u201c sertifikuoti. Be PVC, BPA, ftalat\u0173 ir nitrozamin\u0173.<\/p>\n<p>Labai higieni\u0161ki ir nepelyjantys.<\/p>\n<p>N\u0117 viename i\u0161 kramtuk\u0173 n\u0117ra skyli\u0173, tod\u0117l nesirenka bakterijos ir n\u0117ra terp\u0117s pel\u0117sio buvimui bei augimui.<br \/>\nPuik\u016bs vaik\u0173 palydovai vonios \u017eaidimuose.<br \/>\nPlauti tik \u0161variu vandeniu ir nusausinti servet\u0117le.<\/p>\n","protected":false},"excerpt":{"rendered":"<p>Pagaminta i\u0161 100% nat\u016bralaus kau\u010diuko. Mink\u0161tas, lengvai suimamas ir saugus kramtyti. Stimuliuoja k\u016bdikio poj\u016b\u010dius ir ramina dantenas. Da\u017eyti rankomis, saugiais, nat\u016braliais maistiniais da\u017eais. Visi\u0161kai saug\u016bs vaikams, netoksi\u0161ki. EN71, ASTM ir \u201eReach\u201c sertifikuoti. Be PVC, BPA, ftalat\u0173 ir nitrozamin\u0173. Labai higieni\u0161ki ir nepelyjantys. N\u0117 viename i\u0161 kramtuk\u0173 n\u0117ra skyli\u0173, tod\u0117l nesirenka bakterijos ir n\u0117ra terp\u0117s pel\u0117sio [&hellip;]<\/p>\n","protected":false},"featured_media":5036,"template":"","meta":[],"product_brand":[],"product_cat":[64],"product_tag":[39,40],"class_list":{"0":"post-3980","1":"product","2":"type-product","3":"status-publish","4":"has-post-thumbnail","6":"product_cat-neramiems-dantukams","7":"product_tag-kramtukai","8":"product_tag-not-on-sale","9":"","11":"first","12":"instock","13":"taxable","14":"shipping-taxable","15":"purchasable","16":"product-type-simple"},"_links":{"self":[{"href":"https:\/\/secihouse.lt\/index.php\/wp-json\/wp\/v2\/product\/3980","targetHints":{"allow":["GET"]}}],"collection":[{"href":"https:\/\/secihouse.lt\/index.php\/wp-json\/wp\/v2\/product"}],"about":[{"href":"https:\/\/secihouse.lt\/index.php\/wp-json\/wp\/v2\/types\/product"}],"wp:featuredmedia":[{"embeddable":true,"href":"https:\/\/secihouse.lt\/index.php\/wp-json\/wp\/v2\/media\/5036"}],"wp:attachment":[{"href":"https:\/\/secihouse.lt\/index.php\/wp-json\/wp\/v2\/media?parent=3980"}],"wp:term":[{"taxonomy":"product_brand","embeddable":true,"href":"https:\/\/secihouse.lt\/index.php\/wp-json\/wp\/v2\/product_brand?post=3980"},{"taxonomy":"product_cat","embeddable":true,"href":"https:\/\/secihouse.lt\/index.php\/wp-json\/wp\/v2\/product_cat?post=3980"},{"taxonomy":"product_tag","embeddable":true,"href":"https:\/\/secihouse.lt\/index.php\/wp-json\/wp\/v2\/product_tag?post=3980"}],"curies":[{"name":"wp","href":"https:\/\/api.w.org\/{rel}","templated":true}]}}