{"id":3858,"date":"2023-02-03T09:56:49","date_gmt":"2023-02-03T07:56:49","guid":{"rendered":"https:\/\/secihouse.lt\/?post_type=product&#038;p=3858"},"modified":"2025-03-18T06:48:44","modified_gmt":"2025-03-18T04:48:44","slug":"mimi-lula-plauku-lankelis-rainbow","status":"publish","type":"product","link":"https:\/\/secihouse.lt\/index.php\/product\/mimi-lula-plauku-lankelis-rainbow\/","title":{"rendered":"MIMI &#038; LULA plauk\u0173 lankelis &#8211; Rainbow"},"content":{"rendered":"<p>Galb\u016bt J\u016bs\u0173 mergyt\u0117 tikra stilist\u0117 ? \u0160is lankelis tikrai su\u017eav\u0117s kiekvien\u0105 stilist\u0119. Lankelio kaspin\u0117lis tai puiki \u012fvaizd\u017eio detal\u0117, kuria galima suformuoti pagal mergait\u0117s norus. Kaspin\u0117lio auseles galima pakelti auk\u0161tyn, kaip zuiku\u010dio, arba nuleisti \u017eemyn tarsi nut\u016bp\u0119s drugelis.<\/p>\n","protected":false},"excerpt":{"rendered":"<p>Galb\u016bt J\u016bs\u0173 mergyt\u0117 tikra stilist\u0117 ? \u0160is lankelis tikrai su\u017eav\u0117s kiekvien\u0105 stilist\u0119. Lankelio kaspin\u0117lis tai puiki \u012fvaizd\u017eio detal\u0117, kuria galima suformuoti pagal mergait\u0117s norus. Kaspin\u0117lio auseles galima pakelti auk\u0161tyn, kaip zuiku\u010dio, arba nuleisti \u017eemyn tarsi nut\u016bp\u0119s drugelis.<\/p>\n","protected":false},"featured_media":4844,"template":"","meta":[],"product_brand":[],"product_cat":[67],"product_tag":[46],"class_list":{"0":"post-3858","1":"product","2":"type-product","3":"status-publish","4":"has-post-thumbnail","6":"product_cat-apranga-aksesuarai","7":"product_tag-aksesuarai-vaikams","8":"","10":"first","11":"instock","12":"taxable","13":"shipping-taxable","14":"purchasable","15":"product-type-simple"},"_links":{"self":[{"href":"https:\/\/secihouse.lt\/index.php\/wp-json\/wp\/v2\/product\/3858","targetHints":{"allow":["GET"]}}],"collection":[{"href":"https:\/\/secihouse.lt\/index.php\/wp-json\/wp\/v2\/product"}],"about":[{"href":"https:\/\/secihouse.lt\/index.php\/wp-json\/wp\/v2\/types\/product"}],"wp:featuredmedia":[{"embeddable":true,"href":"https:\/\/secihouse.lt\/index.php\/wp-json\/wp\/v2\/media\/4844"}],"wp:attachment":[{"href":"https:\/\/secihouse.lt\/index.php\/wp-json\/wp\/v2\/media?parent=3858"}],"wp:term":[{"taxonomy":"product_brand","embeddable":true,"href":"https:\/\/secihouse.lt\/index.php\/wp-json\/wp\/v2\/product_brand?post=3858"},{"taxonomy":"product_cat","embeddable":true,"href":"https:\/\/secihouse.lt\/index.php\/wp-json\/wp\/v2\/product_cat?post=3858"},{"taxonomy":"product_tag","embeddable":true,"href":"https:\/\/secihouse.lt\/index.php\/wp-json\/wp\/v2\/product_tag?post=3858"}],"curies":[{"name":"wp","href":"https:\/\/api.w.org\/{rel}","templated":true}]}}