{"id":3785,"date":"2023-02-03T09:59:19","date_gmt":"2023-02-03T07:59:19","guid":{"rendered":"https:\/\/secihouse.lt\/?post_type=product&#038;p=3785"},"modified":"2024-03-22T10:15:14","modified_gmt":"2024-03-22T08:15:14","slug":"maileg-megztinis-ir-kelnes-meskiukui-dad","status":"publish","type":"product","link":"https:\/\/secihouse.lt\/index.php\/product\/maileg-megztinis-ir-kelnes-meskiukui-dad\/","title":{"rendered":"MAILEG Megztinis ir keln\u0117s &#8211; Me\u0161kiukui Dad"},"content":{"rendered":"<p><strong>Auk\u0161tis:<\/strong> 9 cm<\/p>\n<p><strong>Plovimo instrukcijos:<\/strong> 30 laipsni\u0173<\/p>\n<p><strong>Med\u017eiagos:<\/strong> Medviln\u0117 ir linas<\/p>\n","protected":false},"excerpt":{"rendered":"<p>Auk\u0161tis: 9 cm Plovimo instrukcijos: 30 laipsni\u0173 Med\u017eiagos: Medviln\u0117 ir linas<\/p>\n","protected":false},"featured_media":4693,"template":"","meta":[],"product_brand":[],"product_cat":[61],"product_tag":[43,40],"class_list":{"0":"post-3785","1":"product","2":"type-product","3":"status-publish","4":"has-post-thumbnail","6":"product_cat-maileg-kolekcija","7":"product_tag-maileg","8":"product_tag-not-on-sale","9":"","11":"first","12":"instock","13":"taxable","14":"shipping-taxable","15":"purchasable","16":"product-type-simple"},"_links":{"self":[{"href":"https:\/\/secihouse.lt\/index.php\/wp-json\/wp\/v2\/product\/3785","targetHints":{"allow":["GET"]}}],"collection":[{"href":"https:\/\/secihouse.lt\/index.php\/wp-json\/wp\/v2\/product"}],"about":[{"href":"https:\/\/secihouse.lt\/index.php\/wp-json\/wp\/v2\/types\/product"}],"wp:featuredmedia":[{"embeddable":true,"href":"https:\/\/secihouse.lt\/index.php\/wp-json\/wp\/v2\/media\/4693"}],"wp:attachment":[{"href":"https:\/\/secihouse.lt\/index.php\/wp-json\/wp\/v2\/media?parent=3785"}],"wp:term":[{"taxonomy":"product_brand","embeddable":true,"href":"https:\/\/secihouse.lt\/index.php\/wp-json\/wp\/v2\/product_brand?post=3785"},{"taxonomy":"product_cat","embeddable":true,"href":"https:\/\/secihouse.lt\/index.php\/wp-json\/wp\/v2\/product_cat?post=3785"},{"taxonomy":"product_tag","embeddable":true,"href":"https:\/\/secihouse.lt\/index.php\/wp-json\/wp\/v2\/product_tag?post=3785"}],"curies":[{"name":"wp","href":"https:\/\/api.w.org\/{rel}","templated":true}]}}