{"id":3768,"date":"2023-02-03T10:00:52","date_gmt":"2023-02-03T08:00:52","guid":{"rendered":"https:\/\/secihouse.lt\/?post_type=product&#038;p=3768"},"modified":"2026-03-18T22:36:07","modified_gmt":"2026-03-18T20:36:07","slug":"maileg-mano-pirmasis-meskiukas-sand","status":"publish","type":"product","link":"https:\/\/secihouse.lt\/index.php\/product\/maileg-mano-pirmasis-meskiukas-sand\/","title":{"rendered":"MAILEG Mano Pirmasis Me\u0161kiukas &#8211; Sand"},"content":{"rendered":"<table class=\"styled__Table-yifano-0 iaLViE\">\n<tbody class=\"styled__Tbody-yifano-1 iYsvzr\">\n<tr class=\"styled__Tr-yifano-2 drMimK\">\n<th class=\"styled__Th-yifano-3 fiGIBv\">ID:<\/th>\n<td class=\"styled__Td-yifano-4 gXNriS\">16-2992-00<\/td>\n<\/tr>\n<tr class=\"styled__Tr-yifano-2 drMimK\">\n<th class=\"styled__Th-yifano-3 fiGIBv\">Auk\u0161tis:<\/th>\n<td class=\"styled__Td-yifano-4 gXNriS\">19 cm<\/td>\n<\/tr>\n<tr class=\"styled__Tr-yifano-2 drMimK\">\n<th class=\"styled__Th-yifano-3 fiGIBv\">Plotis:<\/th>\n<td class=\"styled__Td-yifano-4 gXNriS\">10 cm<\/td>\n<\/tr>\n<tr class=\"styled__Tr-yifano-2 drMimK\">\n<th class=\"styled__Th-yifano-3 fiGIBv\">Rekomenduojamas am\u017eius:<\/th>\n<td class=\"styled__Td-yifano-4 gXNriS\">0+<\/td>\n<\/tr>\n<tr class=\"styled__Tr-yifano-2 drMimK\">\n<th class=\"styled__Th-yifano-3 fiGIBv\">Prie\u017ei\u016bra:<\/th>\n<td class=\"styled__Td-yifano-4 gXNriS\">Galima skalbti 30\u00b0C<\/td>\n<\/tr>\n<tr class=\"styled__Tr-yifano-2 drMimK\">\n<th class=\"styled__Th-yifano-3 fiGIBv\">Med\u017eiaga:<\/th>\n<td class=\"styled__Td-yifano-4 gXNriS\">Medviln\u0117 \/ Viskoz\u0117<\/td>\n<\/tr>\n<tr class=\"styled__Tr-yifano-2 drMimK\">\n<th class=\"styled__Th-yifano-3 fiGIBv\">U\u017epildas:<\/th>\n<td class=\"styled__Td-yifano-4 gXNriS\">Poliesteris \/ Plastiko granul\u0117s<\/td>\n<\/tr>\n<\/tbody>\n<\/table>\n","protected":false},"excerpt":{"rendered":"<p>ID: 16-2992-00 Auk\u0161tis: 19 cm Plotis: 10 cm Rekomenduojamas am\u017eius: 0+ Prie\u017ei\u016bra: Galima skalbti 30\u00b0C Med\u017eiaga: Medviln\u0117 \/ Viskoz\u0117 U\u017epildas: Poliesteris \/ Plastiko granul\u0117s<\/p>\n","protected":false},"featured_media":4658,"template":"","meta":[],"product_brand":[],"product_cat":[61],"product_tag":[43,40],"class_list":{"0":"post-3768","1":"product","2":"type-product","3":"status-publish","4":"has-post-thumbnail","6":"product_cat-maileg-kolekcija","7":"product_tag-maileg","8":"product_tag-not-on-sale","9":"","11":"first","12":"outofstock","13":"taxable","14":"shipping-taxable","15":"purchasable","16":"product-type-simple"},"_links":{"self":[{"href":"https:\/\/secihouse.lt\/index.php\/wp-json\/wp\/v2\/product\/3768","targetHints":{"allow":["GET"]}}],"collection":[{"href":"https:\/\/secihouse.lt\/index.php\/wp-json\/wp\/v2\/product"}],"about":[{"href":"https:\/\/secihouse.lt\/index.php\/wp-json\/wp\/v2\/types\/product"}],"wp:featuredmedia":[{"embeddable":true,"href":"https:\/\/secihouse.lt\/index.php\/wp-json\/wp\/v2\/media\/4658"}],"wp:attachment":[{"href":"https:\/\/secihouse.lt\/index.php\/wp-json\/wp\/v2\/media?parent=3768"}],"wp:term":[{"taxonomy":"product_brand","embeddable":true,"href":"https:\/\/secihouse.lt\/index.php\/wp-json\/wp\/v2\/product_brand?post=3768"},{"taxonomy":"product_cat","embeddable":true,"href":"https:\/\/secihouse.lt\/index.php\/wp-json\/wp\/v2\/product_cat?post=3768"},{"taxonomy":"product_tag","embeddable":true,"href":"https:\/\/secihouse.lt\/index.php\/wp-json\/wp\/v2\/product_tag?post=3768"}],"curies":[{"name":"wp","href":"https:\/\/api.w.org\/{rel}","templated":true}]}}