{"id":3743,"date":"2023-02-03T10:01:28","date_gmt":"2023-02-03T08:01:28","guid":{"rendered":"https:\/\/secihouse.lt\/?post_type=product&#038;p=3743"},"modified":"2026-03-29T19:20:27","modified_gmt":"2026-03-29T17:20:27","slug":"maileg-dinozauriukas-kiausinyje-small-dark-petrol","status":"publish","type":"product","link":"https:\/\/secihouse.lt\/index.php\/product\/maileg-dinozauriukas-kiausinyje-small-dark-petrol\/","title":{"rendered":"MAILEG Dinozauriukas kiau\u0161inyje Small &#8211; Dark petrol"},"content":{"rendered":"<table class=\"styled__Table-yifano-0 iaLViE\">\n<tbody class=\"styled__Tbody-yifano-1 iYsvzr\">\n<tr class=\"styled__Tr-yifano-2 drMimK\">\n<th class=\"styled__Th-yifano-3 fiGIBv\">SKU:<\/th>\n<td class=\"styled__Td-yifano-4 gXNriS\">16-2604-01<\/td>\n<\/tr>\n<tr class=\"styled__Tr-yifano-2 drMimK\">\n<th class=\"styled__Th-yifano-3 fiGIBv\">Dydis:<\/th>\n<td class=\"styled__Td-yifano-4 gXNriS\">Small<\/td>\n<\/tr>\n<tr class=\"styled__Tr-yifano-2 drMimK\">\n<th class=\"styled__Th-yifano-3 fiGIBv\">Auk\u0161tis:<\/th>\n<td class=\"styled__Td-yifano-4 gXNriS\">23 cm<\/td>\n<\/tr>\n<tr class=\"styled__Tr-yifano-2 drMimK\">\n<th class=\"styled__Th-yifano-3 fiGIBv\">Am\u017eius:<\/th>\n<td class=\"styled__Td-yifano-4 gXNriS\">Neribojama<\/td>\n<\/tr>\n<tr class=\"styled__Tr-yifano-2 drMimK\">\n<th class=\"styled__Th-yifano-3 fiGIBv\">Prie\u017ei\u016bra:<\/th>\n<td class=\"styled__Td-yifano-4 gXNriS\">Skalbti 30\u00b0C<\/td>\n<\/tr>\n<tr class=\"styled__Tr-yifano-2 drMimK\">\n<th class=\"styled__Th-yifano-3 fiGIBv\">Med\u017eiaga:<\/th>\n<td class=\"styled__Td-yifano-4 gXNriS\">Linas<\/td>\n<\/tr>\n<tr class=\"styled__Tr-yifano-2 drMimK\">\n<th class=\"styled__Th-yifano-3 fiGIBv\">U\u017epildas:<\/th>\n<td class=\"styled__Td-yifano-4 gXNriS\">Perdirbtas poliesteris\/Plastiko granul\u0117s<\/td>\n<\/tr>\n<\/tbody>\n<\/table>\n","protected":false},"excerpt":{"rendered":"<p>SKU: 16-2604-01 Dydis: Small Auk\u0161tis: 23 cm Am\u017eius: Neribojama Prie\u017ei\u016bra: Skalbti 30\u00b0C Med\u017eiaga: Linas U\u017epildas: Perdirbtas poliesteris\/Plastiko granul\u0117s<\/p>\n","protected":false},"featured_media":4613,"template":"","meta":[],"product_brand":[],"product_cat":[61],"product_tag":[43,40],"class_list":{"0":"post-3743","1":"product","2":"type-product","3":"status-publish","4":"has-post-thumbnail","6":"product_cat-maileg-kolekcija","7":"product_tag-maileg","8":"product_tag-not-on-sale","9":"","11":"first","12":"outofstock","13":"taxable","14":"shipping-taxable","15":"purchasable","16":"product-type-simple"},"_links":{"self":[{"href":"https:\/\/secihouse.lt\/index.php\/wp-json\/wp\/v2\/product\/3743","targetHints":{"allow":["GET"]}}],"collection":[{"href":"https:\/\/secihouse.lt\/index.php\/wp-json\/wp\/v2\/product"}],"about":[{"href":"https:\/\/secihouse.lt\/index.php\/wp-json\/wp\/v2\/types\/product"}],"wp:featuredmedia":[{"embeddable":true,"href":"https:\/\/secihouse.lt\/index.php\/wp-json\/wp\/v2\/media\/4613"}],"wp:attachment":[{"href":"https:\/\/secihouse.lt\/index.php\/wp-json\/wp\/v2\/media?parent=3743"}],"wp:term":[{"taxonomy":"product_brand","embeddable":true,"href":"https:\/\/secihouse.lt\/index.php\/wp-json\/wp\/v2\/product_brand?post=3743"},{"taxonomy":"product_cat","embeddable":true,"href":"https:\/\/secihouse.lt\/index.php\/wp-json\/wp\/v2\/product_cat?post=3743"},{"taxonomy":"product_tag","embeddable":true,"href":"https:\/\/secihouse.lt\/index.php\/wp-json\/wp\/v2\/product_tag?post=3743"}],"curies":[{"name":"wp","href":"https:\/\/api.w.org\/{rel}","templated":true}]}}