{"id":3677,"date":"2023-02-03T10:03:07","date_gmt":"2023-02-03T08:03:07","guid":{"rendered":"https:\/\/secihouse.lt\/?post_type=product&#038;p=3677"},"modified":"2023-07-03T09:21:47","modified_gmt":"2023-07-03T07:21:47","slug":"hevea-buteliuku-zindukai-slow-flow","status":"publish","type":"product","link":"https:\/\/secihouse.lt\/index.php\/product\/hevea-buteliuku-zindukai-slow-flow\/","title":{"rendered":"HEVEA Buteliuk\u0173 \u017eindukai &#8211; Slow Flow"},"content":{"rendered":"<p>Pakuot\u0117je 2 vienetai.<\/p>\n<p><strong>Sud\u0117tis:<\/strong> 100% nat\u016bralus kau\u010diukas<\/p>\n","protected":false},"excerpt":{"rendered":"<p>Pakuot\u0117je 2 vienetai. Sud\u0117tis: 100% nat\u016bralus kau\u010diukas<\/p>\n","protected":false},"featured_media":4402,"template":"","meta":[],"product_brand":[],"product_cat":[59],"product_tag":[40,49],"class_list":{"0":"post-3677","1":"product","2":"type-product","3":"status-publish","4":"has-post-thumbnail","6":"product_cat-miegas-prieziura","7":"product_tag-not-on-sale","8":"product_tag-valgymo-reikmenys","9":"","11":"first","12":"instock","13":"taxable","14":"shipping-taxable","15":"purchasable","16":"product-type-simple"},"_links":{"self":[{"href":"https:\/\/secihouse.lt\/index.php\/wp-json\/wp\/v2\/product\/3677","targetHints":{"allow":["GET"]}}],"collection":[{"href":"https:\/\/secihouse.lt\/index.php\/wp-json\/wp\/v2\/product"}],"about":[{"href":"https:\/\/secihouse.lt\/index.php\/wp-json\/wp\/v2\/types\/product"}],"wp:featuredmedia":[{"embeddable":true,"href":"https:\/\/secihouse.lt\/index.php\/wp-json\/wp\/v2\/media\/4402"}],"wp:attachment":[{"href":"https:\/\/secihouse.lt\/index.php\/wp-json\/wp\/v2\/media?parent=3677"}],"wp:term":[{"taxonomy":"product_brand","embeddable":true,"href":"https:\/\/secihouse.lt\/index.php\/wp-json\/wp\/v2\/product_brand?post=3677"},{"taxonomy":"product_cat","embeddable":true,"href":"https:\/\/secihouse.lt\/index.php\/wp-json\/wp\/v2\/product_cat?post=3677"},{"taxonomy":"product_tag","embeddable":true,"href":"https:\/\/secihouse.lt\/index.php\/wp-json\/wp\/v2\/product_tag?post=3677"}],"curies":[{"name":"wp","href":"https:\/\/api.w.org\/{rel}","templated":true}]}}