{"id":3669,"date":"2023-02-03T10:03:37","date_gmt":"2023-02-03T08:03:37","guid":{"rendered":"https:\/\/secihouse.lt\/?post_type=product&#038;p=3669"},"modified":"2025-04-28T08:42:37","modified_gmt":"2025-04-28T06:42:37","slug":"gommu-mini-kudikis-coco","status":"publish","type":"product","link":"https:\/\/secihouse.lt\/index.php\/product\/gommu-mini-kudikis-coco\/","title":{"rendered":"GOMMU Mini k\u016bdikis &#8211; Coco"},"content":{"rendered":"<p>Tai nuostabi, i\u0161skirtin\u0117 Gommu Mini l\u0117l\u0117 k\u016bdik\u0117lis \u2013 Coco, kuris gali b\u016bti puikus draugas vaiku\u010diui. \u0160is Gommu k\u016bdik\u0117lis yra unikalus kaip ir visi kiti Gommu produktai, pagaminti rank\u0173 darbo, tod\u0117l gali tur\u0117ti nedideli\u0173 netobulum\u0173. Gommu \u017eaislai gali pad\u0117ti ma\u017eyliui vystyti emocin\u012f, jutimin\u012f ir pa\u017eintinius jausmus.<\/p>\n<p>\u0160i l\u0117lyt\u0117 visi\u0161kai saugi kramtyti, \u017eaisti, liesti.<\/p>\n<p>Be PVC ir BPA.<\/p>\n<p>Tinkama \u017eaisti vandenyje! Hermeti\u0161kai u\u017edarytas ir n\u0117ra galimyb\u0117s patekti vandeniui, kauptis pel\u0117siui ar \u012fvairiausioms bakterijoms.<\/p>\n<p>Sud\u0117tis: 100% kau\u010diukas<\/p>\n<p>L\u0117lyt\u0117s k\u016bdik\u0117lio dydis: 18cm x 11cm<\/p>\n<p>&nbsp;<\/p>\n<p><span class=\"Y2IQFc\" lang=\"lt\"><strong>Laikykit\u0117s toliau pateikt\u0173 prie\u017ei\u016bros nurodym\u0173, kad u\u017etikrintum\u0117te kuo ilgesn\u012f gaminio tarnavimo laik\u0105:\u00a0<\/strong><\/span><span class=\"Y2IQFc\" lang=\"lt\"> Per daug nelaikykite saul\u0117je. Nelaikykite auk\u0161toje temperat\u016broje. Neplaukite abrazyviniais produktais. Nelaikykite s\u016briame vandenyje.<\/span><\/p>\n","protected":false},"excerpt":{"rendered":"<p>Tai nuostabi, i\u0161skirtin\u0117 Gommu Mini l\u0117l\u0117 k\u016bdik\u0117lis \u2013 Coco, kuris gali b\u016bti puikus draugas vaiku\u010diui. \u0160is Gommu k\u016bdik\u0117lis yra unikalus kaip ir visi kiti Gommu produktai, pagaminti rank\u0173 darbo, tod\u0117l gali tur\u0117ti nedideli\u0173 netobulum\u0173. Gommu \u017eaislai gali pad\u0117ti ma\u017eyliui vystyti emocin\u012f, jutimin\u012f ir pa\u017eintinius jausmus. \u0160i l\u0117lyt\u0117 visi\u0161kai saugi kramtyti, \u017eaisti, liesti. Be PVC ir [&hellip;]<\/p>\n","protected":false},"featured_media":4381,"template":"","meta":[],"product_brand":[],"product_cat":[66],"product_tag":[403,410,411,409,254,42],"class_list":{"0":"post-3669","1":"product","2":"type-product","3":"status-publish","4":"has-post-thumbnail","6":"product_cat-zaislai","7":"product_tag-gommu","8":"product_tag-gommu-lelyte","9":"product_tag-gommu-zaislai","10":"product_tag-goomu","11":"product_tag-lelyte","12":"product_tag-zaislai","13":"","15":"first","16":"instock","17":"taxable","18":"shipping-taxable","19":"purchasable","20":"product-type-simple"},"_links":{"self":[{"href":"https:\/\/secihouse.lt\/index.php\/wp-json\/wp\/v2\/product\/3669","targetHints":{"allow":["GET"]}}],"collection":[{"href":"https:\/\/secihouse.lt\/index.php\/wp-json\/wp\/v2\/product"}],"about":[{"href":"https:\/\/secihouse.lt\/index.php\/wp-json\/wp\/v2\/types\/product"}],"wp:featuredmedia":[{"embeddable":true,"href":"https:\/\/secihouse.lt\/index.php\/wp-json\/wp\/v2\/media\/4381"}],"wp:attachment":[{"href":"https:\/\/secihouse.lt\/index.php\/wp-json\/wp\/v2\/media?parent=3669"}],"wp:term":[{"taxonomy":"product_brand","embeddable":true,"href":"https:\/\/secihouse.lt\/index.php\/wp-json\/wp\/v2\/product_brand?post=3669"},{"taxonomy":"product_cat","embeddable":true,"href":"https:\/\/secihouse.lt\/index.php\/wp-json\/wp\/v2\/product_cat?post=3669"},{"taxonomy":"product_tag","embeddable":true,"href":"https:\/\/secihouse.lt\/index.php\/wp-json\/wp\/v2\/product_tag?post=3669"}],"curies":[{"name":"wp","href":"https:\/\/api.w.org\/{rel}","templated":true}]}}