{"id":3656,"date":"2023-02-03T10:09:00","date_gmt":"2023-02-03T08:09:00","guid":{"rendered":"https:\/\/secihouse.lt\/?post_type=product&#038;p=3656"},"modified":"2025-04-28T08:42:21","modified_gmt":"2025-04-28T06:42:21","slug":"gommu-buteliukas","status":"publish","type":"product","link":"https:\/\/secihouse.lt\/index.php\/product\/gommu-buteliukas\/","title":{"rendered":"GOMMU Buteliukas"},"content":{"rendered":"<p>Tai l\u0117lyt\u0117s buteliukas, kuris gali b\u016bti kaip kramtukas. \u0160is Gommu buteliukas yra unikalus kaip ir visi kiti Gommu produktai, pagaminti rank\u0173 darbo, tod\u0117l gali tur\u0117ti nedideli\u0173 netobulum\u0173. Gommu \u017eaislai gali pad\u0117ti ma\u017eyliui vystyti emocin\u012f, jutimin\u012f ir pa\u017eintinius jausmus.<\/p>\n<p>\u0160is buteliukas visi\u0161kai saugus, tinkamas nuo 0+ am\u017eiaus vaikams.<\/p>\n<p>Be PVC ir BPA.<\/p>\n<p>Tinkamas \u017eaisti vandenyje! Hermeti\u0161kai u\u017edarytas ir n\u0117ra galimyb\u0117s patekti vandeniui, kauptis pel\u0117siui ar \u012fvairiausioms bakterijoms.<\/p>\n<p>Buteliuko dydis: 11cm x 7cm<\/p>\n","protected":false},"excerpt":{"rendered":"<p>Tai l\u0117lyt\u0117s buteliukas, kuris gali b\u016bti kaip kramtukas. \u0160is Gommu buteliukas yra unikalus kaip ir visi kiti Gommu produktai, pagaminti rank\u0173 darbo, tod\u0117l gali tur\u0117ti nedideli\u0173 netobulum\u0173. Gommu \u017eaislai gali pad\u0117ti ma\u017eyliui vystyti emocin\u012f, jutimin\u012f ir pa\u017eintinius jausmus. \u0160is buteliukas visi\u0161kai saugus, tinkamas nuo 0+ am\u017eiaus vaikams. Be PVC ir BPA. Tinkamas \u017eaisti vandenyje! Hermeti\u0161kai [&hellip;]<\/p>\n","protected":false},"featured_media":4333,"template":"","meta":[],"product_brand":[],"product_cat":[66],"product_tag":[40,42],"class_list":{"0":"post-3656","1":"product","2":"type-product","3":"status-publish","4":"has-post-thumbnail","6":"product_cat-zaislai","7":"product_tag-not-on-sale","8":"product_tag-zaislai","9":"","11":"first","12":"instock","13":"taxable","14":"shipping-taxable","15":"purchasable","16":"product-type-simple"},"_links":{"self":[{"href":"https:\/\/secihouse.lt\/index.php\/wp-json\/wp\/v2\/product\/3656","targetHints":{"allow":["GET"]}}],"collection":[{"href":"https:\/\/secihouse.lt\/index.php\/wp-json\/wp\/v2\/product"}],"about":[{"href":"https:\/\/secihouse.lt\/index.php\/wp-json\/wp\/v2\/types\/product"}],"wp:featuredmedia":[{"embeddable":true,"href":"https:\/\/secihouse.lt\/index.php\/wp-json\/wp\/v2\/media\/4333"}],"wp:attachment":[{"href":"https:\/\/secihouse.lt\/index.php\/wp-json\/wp\/v2\/media?parent=3656"}],"wp:term":[{"taxonomy":"product_brand","embeddable":true,"href":"https:\/\/secihouse.lt\/index.php\/wp-json\/wp\/v2\/product_brand?post=3656"},{"taxonomy":"product_cat","embeddable":true,"href":"https:\/\/secihouse.lt\/index.php\/wp-json\/wp\/v2\/product_cat?post=3656"},{"taxonomy":"product_tag","embeddable":true,"href":"https:\/\/secihouse.lt\/index.php\/wp-json\/wp\/v2\/product_tag?post=3656"}],"curies":[{"name":"wp","href":"https:\/\/api.w.org\/{rel}","templated":true}]}}